{"id":1116,"date":"2017-10-27T14:49:31","date_gmt":"2017-10-27T14:49:31","guid":{"rendered":"http:\/\/ashoka-ayurveda.com\/wir\/ayurveda-jobs\/"},"modified":"2025-12-11T18:46:07","modified_gmt":"2025-12-11T16:46:07","slug":"ayurveda-jobs","status":"publish","type":"page","link":"https:\/\/ashoka-ayurveda.com\/en\/ayurveda-jobs\/","title":{"rendered":"Careers"},"content":{"rendered":"<p>[et_pb_section fb_built=&#8221;1&#8243; _builder_version=&#8221;4.16&#8243; global_colors_info=&#8221;{}&#8221;][et_pb_row module_class=&#8221;page-top-image&#8221; _builder_version=&#8221;4.16&#8243; background_size=&#8221;initial&#8221; background_position=&#8221;top_left&#8221; background_repeat=&#8221;repeat&#8221; global_colors_info=&#8221;{}&#8221;][et_pb_column type=&#8221;4_4&#8243; _builder_version=&#8221;4.16&#8243; custom_padding=&#8221;|||&#8221; global_colors_info=&#8221;{}&#8221; custom_padding__hover=&#8221;|||&#8221;][et_pb_text admin_label=&#8221;Top Image&#8221; _builder_version=&#8221;4.16&#8243; background_image=&#8221;https:\/\/ashoka-ayurveda.com\/wp-content\/uploads\/2017\/10\/Ayurveda-Jobs.jpg&#8221; border_style=&#8221;solid&#8221; global_colors_info=&#8221;{}&#8221;]<\/p>\n<h1>Careers at Ashoka Ayurveda<\/h1>\n<p>[\/et_pb_text][\/et_pb_column][\/et_pb_row][et_pb_row _builder_version=&#8221;4.16&#8243; background_size=&#8221;initial&#8221; background_position=&#8221;top_left&#8221; background_repeat=&#8221;repeat&#8221; global_colors_info=&#8221;{}&#8221;][et_pb_column type=&#8221;4_4&#8243; _builder_version=&#8221;4.16&#8243; custom_padding=&#8221;|||&#8221; global_colors_info=&#8221;{}&#8221; custom_padding__hover=&#8221;|||&#8221;][et_pb_text _builder_version=&#8221;4.16&#8243; border_style=&#8221;solid&#8221; global_colors_info=&#8221;{}&#8221;]<\/p>\n<p>As a young and dynamic organisation, we are always interested in finding the best available talent to add to our team and grow our business. We are convinced that the quality of our service depends on the quality of our team members and we strive to work with the best. It is our sincere aspiration is to create exciting and challenging career paths for our employees that ensure constant, upward mobility. We respect that sending a CV is an act of trust and therefore promise that your application will be treated with the utmost confidentiality.\u00a0<\/p>\n<p><strong>We are currently looking for people to join us in the following positions:\u00a0<\/strong><\/p>\n<p>[\/et_pb_text][et_pb_text _builder_version=&#8221;4.23.4&#8243; custom_padding=&#8221;6px|||||&#8221; hover_enabled=&#8221;0&#8243; border_style=&#8221;solid&#8221; global_colors_info=&#8221;{}&#8221; sticky_enabled=&#8221;0&#8243;]<\/p>\n<p><strong><a href=\"https:\/\/ashoka-ayurveda.com\/wp-content\/uploads\/2024\/04\/Jobbeschreibung_Spa_Rezeptionistin_Therapeut_ENG.pdf\">Massage or Beauty Therapist &amp; Spa Receptionist\u00a0<\/a><\/strong><\/p>\n<p><strong><span class=\"TextRun SCXW61770044 BCX0\" lang=\"DE-DE\" xml:lang=\"DE-DE\" data-contrast=\"auto\"><span class=\"NormalTextRun SpellingErrorV2Themed SCXW61770044 BCX0\"><a href=\"https:\/\/ashoka-ayurveda.com\/wp-content\/uploads\/2024\/03\/PDF_Job_AyurDoctor_ENG.pdf\">Ayurvedic Doctor<\/a><\/span><\/span><\/strong><\/p>\n<p><strong><span class=\"TextRun SCXW61770044 BCX0\" lang=\"DE-DE\" xml:lang=\"DE-DE\" data-contrast=\"auto\"><span class=\"NormalTextRun SpellingErrorV2Themed SCXW61770044 BCX0\"><a href=\"https:\/\/ashoka-ayurveda.com\/wp-content\/uploads\/2024\/09\/Job_Description_Office-Manager_Ashoka_ENG.pdf\">Administrative Assistant<\/a><\/span><\/span><\/strong><\/p>\n<p><strong><a href=\"https:\/\/ashoka-ayurveda.com\/wp-content\/uploads\/2024\/04\/Jobdescription_Ayurveda-Therapist_ENG-.pdf\">Internship Ayurvedic Therapist<\/a> (is constantly being searched)<\/strong><\/p>\n<p>&nbsp;<\/p>\n<p><strong>We are always happy to receive your application and CV. Unsolicited applications and Interns are always welcome.<\/strong><\/p>\n<p><strong>Please send all applications to &#x68;&#x75;&#x6d;&#97;&#110;&#46;r&#x65;&#x73;&#x6f;&#117;&#114;ce&#x73;&#x40;&#x61;&#115;&#104;ok&#x61;&#x2d;&#x61;&#121;&#117;rv&#x65;&#x64;&#x61;&#46;&#99;om<\/strong><\/p>\n<p>[\/et_pb_text][et_pb_text disabled_on=&#8221;on|on|on&#8221; _builder_version=&#8221;4.23.4&#8243; custom_padding=&#8221;6px|||||&#8221; border_style=&#8221;solid&#8221; disabled=&#8221;on&#8221; global_colors_info=&#8221;{}&#8221;]<\/p>\n<p><strong><a href=\"https:\/\/ashoka-ayurveda.com\/wp-content\/uploads\/2024\/03\/PDF_Job_AyurDoctor_ENG.pdf\">Ayurvedic Doctor<\/a><a href=\"https:\/\/ashoka-ayurveda.com\/wp-content\/uploads\/2023\/06\/New_PDF_Internship_Description_SPA_ENG_23.pdf\"><\/a><\/strong><\/p>\n<p><strong><a href=\"https:\/\/ashoka-ayurveda.com\/wp-content\/uploads\/2024\/09\/Job_Description_Office-Manager_Ashoka_ENG.pdf\"><span data-contrast=\"auto\" xml:lang=\"DE-DE\" lang=\"DE-DE\" class=\"TextRun SCXW61770044 BCX0\"><span class=\"NormalTextRun SCXW61770044 BCX0\">Administrative <\/span><span class=\"NormalTextRun SpellingErrorV2Themed SCXW61770044 BCX0\">Assistant<\/span><span class=\"NormalTextRun SCXW61770044 BCX0\"> at <\/span><span class=\"NormalTextRun SpellingErrorV2Themed SCXW61770044 BCX0\">the<\/span><span class=\"NormalTextRun SCXW61770044 BCX0\"> Ashoka Ayurveda Cure<\/span><\/span><span data-contrast=\"auto\" xml:lang=\"DE-DE\" lang=\"DE-DE\" class=\"TextRun SCXW61770044 BCX0\"><span class=\"NormalTextRun SCXW61770044 BCX0\"> <\/span><\/span><span data-contrast=\"auto\" xml:lang=\"DE-DE\" lang=\"DE-DE\" class=\"TextRun SCXW61770044 BCX0\"><span class=\"NormalTextRun SpellingErrorV2Themed SCXW61770044 BCX0\">Centre<\/span><\/span><\/a><span data-contrast=\"auto\" xml:lang=\"DE-DE\" lang=\"DE-DE\" class=\"TextRun MacChromeBold SCXW61770044 BCX0\"><span class=\"NormalTextRun SCXW61770044 BCX0\"> <\/span><\/span><\/strong><\/p>\n<p><strong><a href=\"https:\/\/ashoka-ayurveda.com\/wp-content\/uploads\/2024\/04\/Jobdescription_Ayurveda-Therapist_ENG.pdf\">Ayurvedic Therapist<\/a> (is constantly being s<span>earched<\/span>)<\/strong><\/p>\n<p><strong><a href=\"https:\/\/ashoka-ayurveda.com\/wp-content\/uploads\/2024\/04\/Jobdescription_Ayurveda-Therapist_ENG-.pdf\">Internship Ayurvedic Therapist<\/a><span>\u00a0(is constantly being searched)<\/span><\/strong><\/p>\n<p><strong><span><a href=\"https:\/\/ashoka-ayurveda.com\/wp-content\/uploads\/2024\/04\/Jobbeschreibung_Spa_Rezeptionistin_Therapeut_ENG.pdf\">Massage or Beauty Therapist &amp; Spa Receptionist <\/a>(is constantly being searched)<\/span><\/strong><\/p>\n<p><strong><a href=\"https:\/\/ashoka-ayurveda.com\/wp-content\/uploads\/2023\/06\/New_PDF_Internship_Description_SPA_ENG_23.pdf\">Internship Spa Receptionist &amp; Massage or Beauty Therapist <\/a><span>(is constantly being searched)<\/span><\/strong><strong><span><\/span><\/strong><\/p>\n<p><strong>We are always happy to receive your application and CV. Unsolicited applications and Interns are always welcome.<\/strong><\/p>\n<p><strong>Please send all applications to hu&#109;&#97;&#110;&#46;&#x72;&#x65;&#x73;&#x6f;&#x75;rc&#101;&#115;&#64;&#97;&#x73;&#x68;&#x6f;&#x6b;&#x61;-a&#121;&#117;&#114;&#118;&#x65;&#x64;&#x61;&#x2e;&#x63;om<\/strong><\/p>\n<p>[\/et_pb_text][\/et_pb_column][\/et_pb_row][\/et_pb_section][et_pb_section fb_built=&#8221;1&#8243; disabled_on=&#8221;off|off|off&#8221; module_class=&#8221;newsletter-cta cta-en&#8221; _builder_version=&#8221;4.3.4&#8243; custom_css_main_element=&#8221;display: block!important&#8221; custom_css_after=&#8221;.et_pb_section.newsletter-cta {display: block!important}&#8221; global_module=&#8221;6049&#8243; global_colors_info=&#8221;{}&#8221;][et_pb_row _builder_version=&#8221;4.16&#8243; global_colors_info=&#8221;{}&#8221;][et_pb_column type=&#8221;4_4&#8243; _builder_version=&#8221;4.16&#8243; custom_padding=&#8221;|||&#8221; global_colors_info=&#8221;{}&#8221; custom_padding__hover=&#8221;|||&#8221;][et_pb_cta title=&#8221;Ayurveda News for Relaxation &#038; Joy&#8221; admin_label=&#8221;Newsletter-CTA&#8221; _builder_version=&#8221;4.16&#8243; background_image=&#8221;https:\/\/ashoka-ayurveda.com\/wp-content\/uploads\/2017\/09\/ashoka-ayurveda-newsletter.jpg&#8221; border_style=&#8221;solid&#8221; global_colors_info=&#8221;{}&#8221; button_text_size__hover_enabled=&#8221;off&#8221; button_one_text_size__hover_enabled=&#8221;off&#8221; button_two_text_size__hover_enabled=&#8221;off&#8221; button_text_color__hover_enabled=&#8221;off&#8221; button_one_text_color__hover_enabled=&#8221;off&#8221; button_two_text_color__hover_enabled=&#8221;off&#8221; button_border_width__hover_enabled=&#8221;off&#8221; button_one_border_width__hover_enabled=&#8221;off&#8221; button_two_border_width__hover_enabled=&#8221;off&#8221; button_border_color__hover_enabled=&#8221;off&#8221; button_one_border_color__hover_enabled=&#8221;off&#8221; button_two_border_color__hover_enabled=&#8221;off&#8221; button_border_radius__hover_enabled=&#8221;off&#8221; button_one_border_radius__hover_enabled=&#8221;off&#8221; button_two_border_radius__hover_enabled=&#8221;off&#8221; button_letter_spacing__hover_enabled=&#8221;off&#8221; button_one_letter_spacing__hover_enabled=&#8221;off&#8221; button_two_letter_spacing__hover_enabled=&#8221;off&#8221; button_bg_color__hover_enabled=&#8221;off&#8221; button_one_bg_color__hover_enabled=&#8221;off&#8221; button_two_bg_color__hover_enabled=&#8221;off&#8221;]<\/p>\n<p><span style=\"color: #ffffff;\">With our Ashoka Ayurveda newsletter we regularly inform you about new and interesting facts from the exciting world of Ayurveda and draw your attention to current offers. Please subscribe to our newsletter and confirm the email that you will receive afterwards. You can unsubscribe via the link in the newsletter.<\/span><\/p>\n<div><script>(function() {\n\twindow.mc4wp = window.mc4wp || {\n\t\tlisteners: [],\n\t\tforms: {\n\t\t\ton: function(evt, cb) {\n\t\t\t\twindow.mc4wp.listeners.push(\n\t\t\t\t\t{\n\t\t\t\t\t\tevent   : evt,\n\t\t\t\t\t\tcallback: cb\n\t\t\t\t\t}\n\t\t\t\t);\n\t\t\t}\n\t\t}\n\t}\n})();\n<\/script><!-- Mailchimp for WordPress v4.10.9 - https:\/\/wordpress.org\/plugins\/mailchimp-for-wp\/ --><form id=\"mc4wp-form-1\" class=\"mc4wp-form mc4wp-form-6082\" method=\"post\" data-id=\"6082\" data-name=\"Newsletter-CTA - EN\" ><div class=\"mc4wp-form-fields\"><p>\r\n\t<input type=\"text\" name=\"NAME\" placeholder=\"Your Name\" required \/>\r\n<\/p>\r\n<p>\r\n\t<input type=\"email\" name=\"EMAIL\" placeholder=\"Your E-Mail\" required \/>  \r\n<\/p>\r\n<p>\r\n\t<input type=\"submit\" value=\"Yes, I'm interested\" \/>  \r\n<\/p>\r\n<\/div><label style=\"display: none !important;\">Leave this field empty if you're human: <input type=\"text\" name=\"_mc4wp_honeypot\" value=\"\" tabindex=\"-1\" autocomplete=\"off\" \/><\/label><input type=\"hidden\" name=\"_mc4wp_timestamp\" value=\"1775412655\" \/><input type=\"hidden\" name=\"_mc4wp_form_id\" value=\"6082\" \/><input type=\"hidden\" name=\"_mc4wp_form_element_id\" value=\"mc4wp-form-1\" \/><div class=\"mc4wp-response\"><\/div><\/form><!-- \/ Mailchimp for WordPress Plugin --><\/div>\n<p>[\/et_pb_cta][\/et_pb_column][\/et_pb_row][\/et_pb_section][et_pb_section fb_built=&#8221;1&#8243; module_class=&#8221;bottom-bar&#8221; _builder_version=&#8221;4.16&#8243; global_colors_info=&#8221;{}&#8221;][et_pb_row _builder_version=&#8221;4.16&#8243; background_size=&#8221;initial&#8221; background_position=&#8221;top_left&#8221; background_repeat=&#8221;repeat&#8221; global_colors_info=&#8221;{}&#8221;][et_pb_column type=&#8221;4_4&#8243; _builder_version=&#8221;4.16&#8243; custom_padding=&#8221;|||&#8221; global_colors_info=&#8221;{}&#8221; custom_padding__hover=&#8221;|||&#8221;][et_pb_divider color=&#8221;#ffffff&#8221; _builder_version=&#8221;4.16&#8243; global_colors_info=&#8221;{}&#8221;][\/et_pb_divider][\/et_pb_column][\/et_pb_row][\/et_pb_section]<\/p>\n<div class=\"shariff\"><ul class=\"shariff-buttons theme-default orientation-horizontal buttonsize-medium\"><li class=\"shariff-button facebook shariff-nocustomcolor\" style=\"background-color:#4273c8\"><a href=\"https:\/\/www.facebook.com\/sharer\/sharer.php?u=https%3A%2F%2Fashoka-ayurveda.com%2Fen%2Fayurveda-jobs%2F\" title=\"Share on Facebook\" aria-label=\"Share on Facebook\" role=\"button\" rel=\"nofollow\" class=\"shariff-link\" style=\"; background-color:#3b5998; color:#fff\" target=\"_blank\"><span class=\"shariff-icon\" style=\"\"><svg width=\"32px\" height=\"20px\" xmlns=\"http:\/\/www.w3.org\/2000\/svg\" viewBox=\"0 0 18 32\"><path fill=\"#3b5998\" d=\"M17.1 0.2v4.7h-2.8q-1.5 0-2.1 0.6t-0.5 1.9v3.4h5.2l-0.7 5.3h-4.5v13.6h-5.5v-13.6h-4.5v-5.3h4.5v-3.9q0-3.3 1.9-5.2t5-1.8q2.6 0 4.1 0.2z\"\/><\/svg><\/span><span class=\"shariff-text\">share<\/span>&nbsp;<\/a><\/li><li class=\"shariff-button twitter shariff-nocustomcolor\" style=\"background-color:#595959\"><a href=\"https:\/\/twitter.com\/share?url=https%3A%2F%2Fashoka-ayurveda.com%2Fen%2Fayurveda-jobs%2F&text=Careers\" title=\"Share on X\" aria-label=\"Share on X\" role=\"button\" rel=\"noopener nofollow\" class=\"shariff-link\" style=\"; background-color:#000; color:#fff\" target=\"_blank\"><span class=\"shariff-icon\" style=\"\"><svg width=\"32px\" height=\"20px\" xmlns=\"http:\/\/www.w3.org\/2000\/svg\" viewBox=\"0 0 24 24\"><path fill=\"#000\" d=\"M14.258 10.152L23.176 0h-2.113l-7.747 8.813L7.133 0H0l9.352 13.328L0 23.973h2.113l8.176-9.309 6.531 9.309h7.133zm-2.895 3.293l-.949-1.328L2.875 1.56h3.246l6.086 8.523.945 1.328 7.91 11.078h-3.246zm0 0\"\/><\/svg><\/span><span class=\"shariff-text\">share<\/span>&nbsp;<\/a><\/li><li class=\"shariff-button mailto shariff-nocustomcolor\" style=\"background-color:#a8a8a8\"><a href=\"mailto:?body=https%3A%2F%2Fashoka-ayurveda.com%2Fen%2Fayurveda-jobs%2F&subject=Careers\" title=\"Send by email\" aria-label=\"Send by email\" role=\"button\" rel=\"noopener nofollow\" class=\"shariff-link\" style=\"; background-color:#999; color:#fff\"><span class=\"shariff-icon\" style=\"\"><svg width=\"32px\" height=\"20px\" xmlns=\"http:\/\/www.w3.org\/2000\/svg\" viewBox=\"0 0 32 32\"><path fill=\"#999\" d=\"M32 12.7v14.2q0 1.2-0.8 2t-2 0.9h-26.3q-1.2 0-2-0.9t-0.8-2v-14.2q0.8 0.9 1.8 1.6 6.5 4.4 8.9 6.1 1 0.8 1.6 1.2t1.7 0.9 2 0.4h0.1q0.9 0 2-0.4t1.7-0.9 1.6-1.2q3-2.2 8.9-6.1 1-0.7 1.8-1.6zM32 7.4q0 1.4-0.9 2.7t-2.2 2.2q-6.7 4.7-8.4 5.8-0.2 0.1-0.7 0.5t-1 0.7-0.9 0.6-1.1 0.5-0.9 0.2h-0.1q-0.4 0-0.9-0.2t-1.1-0.5-0.9-0.6-1-0.7-0.7-0.5q-1.6-1.1-4.7-3.2t-3.6-2.6q-1.1-0.7-2.1-2t-1-2.5q0-1.4 0.7-2.3t2.1-0.9h26.3q1.2 0 2 0.8t0.9 2z\"\/><\/svg><\/span><span class=\"shariff-text\">email<\/span>&nbsp;<\/a><\/li><li class=\"shariff-button printer shariff-nocustomcolor\" style=\"background-color:#a8a8a8\"><a href=\"javascript:window.print()\" title=\"print\" aria-label=\"print\" role=\"button\" rel=\"noopener nofollow\" class=\"shariff-link\" style=\"; background-color:#999; color:#fff\"><span class=\"shariff-icon\" style=\"\"><svg width=\"32px\" height=\"20px\" xmlns=\"http:\/\/www.w3.org\/2000\/svg\" viewBox=\"0 0 30 32\"><path fill=\"#999\" d=\"M6.8 27.4h16v-4.6h-16v4.6zM6.8 16h16v-6.8h-2.8q-0.7 0-1.2-0.5t-0.5-1.2v-2.8h-11.4v11.4zM27.4 17.2q0-0.5-0.3-0.8t-0.8-0.4-0.8 0.4-0.3 0.8 0.3 0.8 0.8 0.3 0.8-0.3 0.3-0.8zM29.7 17.2v7.4q0 0.2-0.2 0.4t-0.4 0.2h-4v2.8q0 0.7-0.5 1.2t-1.2 0.5h-17.2q-0.7 0-1.2-0.5t-0.5-1.2v-2.8h-4q-0.2 0-0.4-0.2t-0.2-0.4v-7.4q0-1.4 1-2.4t2.4-1h1.2v-9.7q0-0.7 0.5-1.2t1.2-0.5h12q0.7 0 1.6 0.4t1.3 0.8l2.7 2.7q0.5 0.5 0.9 1.4t0.4 1.6v4.6h1.1q1.4 0 2.4 1t1 2.4z\"\/><\/svg><\/span><span class=\"shariff-text\">print<\/span>&nbsp;<\/a><\/li><\/ul><\/div>","protected":false},"excerpt":{"rendered":"<p>Careers at Ashoka AyurvedaAs a young and dynamic organisation, we are always interested in finding the best available talent to add to our team and grow our business. We are convinced that the quality of our service depends on the quality of our team members and we strive to work with the best. It is [&hellip;]<\/p>\n","protected":false},"author":1,"featured_media":0,"parent":0,"menu_order":0,"comment_status":"closed","ping_status":"closed","template":"","meta":{"_et_pb_use_builder":"on","_et_pb_old_content":"","_et_gb_content_width":"","inline_featured_image":false,"footnotes":""},"class_list":["post-1116","page","type-page","status-publish","hentry"],"yoast_head":"<!-- This site is optimized with the Yoast SEO plugin v26.7 - https:\/\/yoast.com\/wordpress\/plugins\/seo\/ -->\n<title>Unsere Ayurveda Jobs f\u00fcr ihre Karriere bei uns \u2022 Ashoka<\/title>\n<meta name=\"description\" content=\"Sie m\u00f6chten bei Ashoka Karriere zu machen? Wir informieren Sie gerne \u00fcber vakante Stellen und freuen uns stets \u00fcber Initiativbewerbungen!\" \/>\n<meta name=\"robots\" content=\"index, follow, max-snippet:-1, max-image-preview:large, max-video-preview:-1\" \/>\n<link rel=\"canonical\" href=\"https:\/\/ashoka-ayurveda.com\/en\/ayurveda-jobs\/\" \/>\n<meta property=\"og:locale\" content=\"en_US\" \/>\n<meta property=\"og:type\" content=\"article\" \/>\n<meta property=\"og:title\" content=\"Unsere Ayurveda Jobs f\u00fcr ihre Karriere bei uns \u2022 Ashoka\" \/>\n<meta property=\"og:description\" content=\"Sie m\u00f6chten bei Ashoka Karriere zu machen? Wir informieren Sie gerne \u00fcber vakante Stellen und freuen uns stets \u00fcber Initiativbewerbungen!\" \/>\n<meta property=\"og:url\" content=\"https:\/\/ashoka-ayurveda.com\/en\/ayurveda-jobs\/\" \/>\n<meta property=\"og:site_name\" content=\"Ashoka\" \/>\n<meta property=\"article:publisher\" content=\"https:\/\/www.facebook.com\/AshokaAyurveda\/\" \/>\n<meta property=\"article:modified_time\" content=\"2025-12-11T16:46:07+00:00\" \/>\n<meta property=\"og:image\" content=\"https:\/\/ashoka-ayurveda.com\/wp-content\/uploads\/2017\/10\/Ayurveda-Jobs.jpg\" \/>\n\t<meta property=\"og:image:width\" content=\"2048\" \/>\n\t<meta property=\"og:image:height\" content=\"1024\" \/>\n\t<meta property=\"og:image:type\" content=\"image\/jpeg\" \/>\n<meta name=\"twitter:card\" content=\"summary_large_image\" \/>\n<meta name=\"twitter:label1\" content=\"Est. reading time\" \/>\n\t<meta name=\"twitter:data1\" content=\"1 minute\" \/>\n<script type=\"application\/ld+json\" class=\"yoast-schema-graph\">{\"@context\":\"https:\/\/schema.org\",\"@graph\":[{\"@type\":\"WebPage\",\"@id\":\"https:\/\/ashoka-ayurveda.com\/en\/ayurveda-jobs\/\",\"url\":\"https:\/\/ashoka-ayurveda.com\/en\/ayurveda-jobs\/\",\"name\":\"Unsere Ayurveda Jobs f\u00fcr ihre Karriere bei uns \u2022 Ashoka\",\"isPartOf\":{\"@id\":\"https:\/\/ashoka-ayurveda.com\/en\/#website\"},\"datePublished\":\"2017-10-27T14:49:31+00:00\",\"dateModified\":\"2025-12-11T16:46:07+00:00\",\"description\":\"Sie m\u00f6chten bei Ashoka Karriere zu machen? Wir informieren Sie gerne \u00fcber vakante Stellen und freuen uns stets \u00fcber Initiativbewerbungen!\",\"breadcrumb\":{\"@id\":\"https:\/\/ashoka-ayurveda.com\/en\/ayurveda-jobs\/#breadcrumb\"},\"inLanguage\":\"en-US\",\"potentialAction\":[{\"@type\":\"ReadAction\",\"target\":[\"https:\/\/ashoka-ayurveda.com\/en\/ayurveda-jobs\/\"]}]},{\"@type\":\"BreadcrumbList\",\"@id\":\"https:\/\/ashoka-ayurveda.com\/en\/ayurveda-jobs\/#breadcrumb\",\"itemListElement\":[{\"@type\":\"ListItem\",\"position\":1,\"name\":\"Startseite\",\"item\":\"https:\/\/ashoka-ayurveda.com\/en\/\"},{\"@type\":\"ListItem\",\"position\":2,\"name\":\"Careers\"}]},{\"@type\":\"WebSite\",\"@id\":\"https:\/\/ashoka-ayurveda.com\/en\/#website\",\"url\":\"https:\/\/ashoka-ayurveda.com\/en\/\",\"name\":\"Ashoka\",\"description\":\"Ayurveda auf Madeira\",\"potentialAction\":[{\"@type\":\"SearchAction\",\"target\":{\"@type\":\"EntryPoint\",\"urlTemplate\":\"https:\/\/ashoka-ayurveda.com\/en\/?s={search_term_string}\"},\"query-input\":{\"@type\":\"PropertyValueSpecification\",\"valueRequired\":true,\"valueName\":\"search_term_string\"}}],\"inLanguage\":\"en-US\"}]}<\/script>\n<!-- \/ Yoast SEO plugin. -->","yoast_head_json":{"title":"Unsere Ayurveda Jobs f\u00fcr ihre Karriere bei uns \u2022 Ashoka","description":"Sie m\u00f6chten bei Ashoka Karriere zu machen? Wir informieren Sie gerne \u00fcber vakante Stellen und freuen uns stets \u00fcber Initiativbewerbungen!","robots":{"index":"index","follow":"follow","max-snippet":"max-snippet:-1","max-image-preview":"max-image-preview:large","max-video-preview":"max-video-preview:-1"},"canonical":"https:\/\/ashoka-ayurveda.com\/en\/ayurveda-jobs\/","og_locale":"en_US","og_type":"article","og_title":"Unsere Ayurveda Jobs f\u00fcr ihre Karriere bei uns \u2022 Ashoka","og_description":"Sie m\u00f6chten bei Ashoka Karriere zu machen? Wir informieren Sie gerne \u00fcber vakante Stellen und freuen uns stets \u00fcber Initiativbewerbungen!","og_url":"https:\/\/ashoka-ayurveda.com\/en\/ayurveda-jobs\/","og_site_name":"Ashoka","article_publisher":"https:\/\/www.facebook.com\/AshokaAyurveda\/","article_modified_time":"2025-12-11T16:46:07+00:00","og_image":[{"width":2048,"height":1024,"url":"https:\/\/ashoka-ayurveda.com\/wp-content\/uploads\/2017\/10\/Ayurveda-Jobs.jpg","type":"image\/jpeg"}],"twitter_card":"summary_large_image","twitter_misc":{"Est. reading time":"1 minute"},"schema":{"@context":"https:\/\/schema.org","@graph":[{"@type":"WebPage","@id":"https:\/\/ashoka-ayurveda.com\/en\/ayurveda-jobs\/","url":"https:\/\/ashoka-ayurveda.com\/en\/ayurveda-jobs\/","name":"Unsere Ayurveda Jobs f\u00fcr ihre Karriere bei uns \u2022 Ashoka","isPartOf":{"@id":"https:\/\/ashoka-ayurveda.com\/en\/#website"},"datePublished":"2017-10-27T14:49:31+00:00","dateModified":"2025-12-11T16:46:07+00:00","description":"Sie m\u00f6chten bei Ashoka Karriere zu machen? Wir informieren Sie gerne \u00fcber vakante Stellen und freuen uns stets \u00fcber Initiativbewerbungen!","breadcrumb":{"@id":"https:\/\/ashoka-ayurveda.com\/en\/ayurveda-jobs\/#breadcrumb"},"inLanguage":"en-US","potentialAction":[{"@type":"ReadAction","target":["https:\/\/ashoka-ayurveda.com\/en\/ayurveda-jobs\/"]}]},{"@type":"BreadcrumbList","@id":"https:\/\/ashoka-ayurveda.com\/en\/ayurveda-jobs\/#breadcrumb","itemListElement":[{"@type":"ListItem","position":1,"name":"Startseite","item":"https:\/\/ashoka-ayurveda.com\/en\/"},{"@type":"ListItem","position":2,"name":"Careers"}]},{"@type":"WebSite","@id":"https:\/\/ashoka-ayurveda.com\/en\/#website","url":"https:\/\/ashoka-ayurveda.com\/en\/","name":"Ashoka","description":"Ayurveda auf Madeira","potentialAction":[{"@type":"SearchAction","target":{"@type":"EntryPoint","urlTemplate":"https:\/\/ashoka-ayurveda.com\/en\/?s={search_term_string}"},"query-input":{"@type":"PropertyValueSpecification","valueRequired":true,"valueName":"search_term_string"}}],"inLanguage":"en-US"}]}},"_links":{"self":[{"href":"https:\/\/ashoka-ayurveda.com\/en\/wp-json\/wp\/v2\/pages\/1116","targetHints":{"allow":["GET"]}}],"collection":[{"href":"https:\/\/ashoka-ayurveda.com\/en\/wp-json\/wp\/v2\/pages"}],"about":[{"href":"https:\/\/ashoka-ayurveda.com\/en\/wp-json\/wp\/v2\/types\/page"}],"author":[{"embeddable":true,"href":"https:\/\/ashoka-ayurveda.com\/en\/wp-json\/wp\/v2\/users\/1"}],"replies":[{"embeddable":true,"href":"https:\/\/ashoka-ayurveda.com\/en\/wp-json\/wp\/v2\/comments?post=1116"}],"version-history":[{"count":34,"href":"https:\/\/ashoka-ayurveda.com\/en\/wp-json\/wp\/v2\/pages\/1116\/revisions"}],"predecessor-version":[{"id":24305,"href":"https:\/\/ashoka-ayurveda.com\/en\/wp-json\/wp\/v2\/pages\/1116\/revisions\/24305"}],"wp:attachment":[{"href":"https:\/\/ashoka-ayurveda.com\/en\/wp-json\/wp\/v2\/media?parent=1116"}],"curies":[{"name":"wp","href":"https:\/\/api.w.org\/{rel}","templated":true}]}}