{"id":80,"date":"2017-09-26T12:50:19","date_gmt":"2017-09-26T12:50:19","guid":{"rendered":"http:\/\/ashoka-ayurveda.com\/ashoka\/?page_id=80"},"modified":"2023-11-29T11:03:51","modified_gmt":"2023-11-29T09:03:51","slug":"madeira-wellness","status":"publish","type":"page","link":"https:\/\/ashoka-ayurveda.com\/de\/madeira-wellness\/","title":{"rendered":"Spa &#038; Wellness"},"content":{"rendered":"<p>[et_pb_section fb_built=&#8220;1&#8243; _builder_version=&#8220;4.16&#8243; global_colors_info=&#8220;{}&#8220;][et_pb_row module_class=&#8220;page-top-image&#8220; _builder_version=&#8220;4.16&#8243; global_colors_info=&#8220;{}&#8220;][et_pb_column type=&#8220;4_4&#8243; _builder_version=&#8220;4.16&#8243; custom_padding=&#8220;|||&#8220; global_colors_info=&#8220;{}&#8220; custom_padding__hover=&#8220;|||&#8220;][et_pb_text admin_label=&#8220;Die Ashoka-Spas &#8211; Entspannen Sie mit uns&#8220; _builder_version=&#8220;4.16&#8243; background_image=&#8220;https:\/\/ashoka-ayurveda.com\/wp-content\/uploads\/2017\/09\/Madeira-Wellness-Hotel.jpg&#8220; border_style_all=&#8220;solid&#8220; border_style=&#8220;solid&#8220; global_colors_info=&#8220;{}&#8220;]<\/p>\n<h1>Der Ashoka-Spa &#8211; Entspannen Sie mit uns<\/h1>\n<p>[\/et_pb_text][\/et_pb_column][\/et_pb_row][et_pb_row _builder_version=&#8220;4.16&#8243; global_colors_info=&#8220;{}&#8220;][et_pb_column type=&#8220;4_4&#8243; _builder_version=&#8220;4.16&#8243; custom_padding=&#8220;|||&#8220; global_colors_info=&#8220;{}&#8220; custom_padding__hover=&#8220;|||&#8220;][et_pb_text admin_label=&#8220;Die Grundlage f\u00fcr Ihre ganzheitliche Erholung stellt die Natur mit ihren f\u00fcnf El&#8230;&#8220; _builder_version=&#8220;4.16&#8243; border_style=&#8220;solid&#8220; global_colors_info=&#8220;{}&#8220;]<\/p>\n<p><strong><br \/>Die Grundlage f\u00fcr Ihre ganzheitliche Erholung stellt die Natur mit ihren f\u00fcnf Elementen dar. In unserem Ashoka Spa im <a href=\"http:\/\/www.galoresort.com\/Hotel-Galosol\/hotel-galosol\">Galo Resort Hotel<\/a> auf Madeira, haben wir f\u00fcr Sie ein Konzept entwickelt, bei dem wir verschiedene Massage-Techniken, energetische und Beauty-Behandlungen mit den Kr\u00e4ften der Natur in Einklang gebracht haben. <\/strong><\/p>\n<p>Ganz nach dem Motto \u2013 das Feuer entfacht die Sinne, das Meer bringt uns die Weite, die Luft und der Raum befl\u00fcgeln die Seele und die Erde gibt den Halt \u2013 genie\u00dfen Sie ein umfangreiches und wohltuendes Behandlungsprogramm.<\/p>\n<p>&nbsp;<\/p>\n<p>[\/et_pb_text][et_pb_image src=&#8220;https:\/\/ashoka-ayurveda.com\/wp-content\/uploads\/2018\/08\/GALOMAR_AREAS_COMUNS__19072018_MG_3645_0056_lowres.jpg&#8220; alt=&#8220;Madeira Wellness Hotel&#8220; align_tablet=&#8220;center&#8220; align_phone=&#8220;&#8220; align_last_edited=&#8220;on|desktop&#8220; _builder_version=&#8220;4.16&#8243; border_style_all=&#8220;solid&#8220; border_style=&#8220;solid&#8220; always_center_on_mobile=&#8220;on&#8220; global_colors_info=&#8220;{}&#8220;][\/et_pb_image][et_pb_text admin_label=&#8220;Blick auf den Ozean &#8211; im Hotel Galomar auf Madeira.&#8220; _builder_version=&#8220;4.16&#8243; global_colors_info=&#8220;{}&#8220;]<em>Blick auf den Ozean &#8211; im Hotel Galomar auf Madeira.<\/em><br \/>\n[\/et_pb_text][\/et_pb_column][\/et_pb_row][\/et_pb_section][et_pb_section fb_built=&#8220;1&#8243; _builder_version=&#8220;4.16&#8243; global_colors_info=&#8220;{}&#8220;][et_pb_row _builder_version=&#8220;4.16&#8243; background_size=&#8220;initial&#8220; background_position=&#8220;top_left&#8220; background_repeat=&#8220;repeat&#8220; global_colors_info=&#8220;{}&#8220;][et_pb_column type=&#8220;4_4&#8243; _builder_version=&#8220;4.16&#8243; custom_padding=&#8220;|||&#8220; global_colors_info=&#8220;{}&#8220; custom_padding__hover=&#8220;|||&#8220;][et_pb_text admin_label=&#8220;Wellness-Angebote auf Madeira&#8220; _builder_version=&#8220;4.16&#8243; border_style_all=&#8220;solid&#8220; border_style=&#8220;solid&#8220; global_colors_info=&#8220;{}&#8220;]<\/p>\n<h2>Wellness-Angebote auf Madeira<\/h2>\n<p>[\/et_pb_text][et_pb_text admin_label=&#8220;Dem Feuerelement sind unsere Saunaanwendungen zugeordnet, das Wasser-Element ken&#8230;&#8220; _builder_version=&#8220;4.16&#8243; border_style_all=&#8220;solid&#8220; border_style=&#8220;solid&#8220; global_colors_info=&#8220;{}&#8220;]<\/p>\n<p>Dem Feuerelement sind unsere Saunaanwendungen zugeordnet, das Wasser-Element kennzeichnet unsere Beauty-Anwendungen, das Erd-Element die Massagetechniken und das Luft- und Raum-Element die Peelings-\/K\u00f6rperpackungen. Vor jedem Treatment wird der Gast entsprechend des gew\u00e4hlten Treatments bzw. Elements in einen Spr\u00fchnebel aus Quellwasser mit Heilsteinen und den Elementen zugeordneten \u00e4therischen \u00d6len eingeh\u00fcllt. Nach diesem Begr\u00fc\u00dfungsritual erfolgt die gew\u00e4hlte Behandlung. Mit einem Abschlussritual aus Klang erfolgt die Verabschiedung aus der Behandlung.<\/p>\n<p>Erfahren Sie mehr \u00fcber unsere Massage und Wellness-Angebote auf Madeira im <a href=\"https:\/\/ashoka-ayurveda.com\/de\/madeira-spa-hotel\/\">Galomar Hotel.<\/a><\/p>\n<p>[\/et_pb_text][\/et_pb_column][\/et_pb_row][\/et_pb_section][et_pb_section fb_built=&#8220;1&#8243; _builder_version=&#8220;4.16&#8243; global_colors_info=&#8220;{}&#8220;][et_pb_row _builder_version=&#8220;4.16&#8243; background_size=&#8220;initial&#8220; background_position=&#8220;top_left&#8220; background_repeat=&#8220;repeat&#8220; global_colors_info=&#8220;{}&#8220;][et_pb_column type=&#8220;4_4&#8243; _builder_version=&#8220;4.16&#8243; custom_padding=&#8220;|||&#8220; global_colors_info=&#8220;{}&#8220; custom_padding__hover=&#8220;|||&#8220;][et_pb_image src=&#8220;https:\/\/ashoka-ayurveda.com\/wp-content\/uploads\/2023\/11\/DSC_6999-HDR.jpg&#8220; alt=&#8220;Madeira Wellness Hotel&#8220; title_text=&#8220;DSC_6999-HDR&#8220; align_tablet=&#8220;center&#8220; align_phone=&#8220;&#8220; align_last_edited=&#8220;on|desktop&#8220; _builder_version=&#8220;4.22.1&#8243; hover_enabled=&#8220;0&#8243; border_style_all=&#8220;solid&#8220; border_style=&#8220;solid&#8220; always_center_on_mobile=&#8220;on&#8220; global_colors_info=&#8220;{}&#8220; sticky_enabled=&#8220;0&#8243;][\/et_pb_image][et_pb_text admin_label=&#8220;Der Au\u00dfenpool im Ashoka Spa des Palheiro Nature Estate.&#8220; _builder_version=&#8220;4.22.1&#8243; hover_enabled=&#8220;0&#8243; global_colors_info=&#8220;{}&#8220; sticky_enabled=&#8220;0&#8243;]<\/p>\n<p><em>Einblick in einen Behandlungsraum im Ashoka Spa des Galomar Hotels.<\/em><\/p>\n<p>[\/et_pb_text][\/et_pb_column][\/et_pb_row][\/et_pb_section][et_pb_section fb_built=&#8220;1&#8243; _builder_version=&#8220;4.16&#8243; global_colors_info=&#8220;{}&#8220;][et_pb_row _builder_version=&#8220;4.16&#8243; background_size=&#8220;initial&#8220; background_position=&#8220;top_left&#8220; background_repeat=&#8220;repeat&#8220; global_colors_info=&#8220;{}&#8220;][et_pb_column type=&#8220;4_4&#8243; _builder_version=&#8220;4.16&#8243; custom_padding=&#8220;|||&#8220; global_colors_info=&#8220;{}&#8220; custom_padding__hover=&#8220;|||&#8220;][et_pb_text admin_label=&#8220;Eine \u00dcbersicht \u00fcber unsere Spa-Treatments auf Madeira finden Sie hier:&#8220; _builder_version=&#8220;4.16&#8243; border_style_all=&#8220;solid&#8220; border_style=&#8220;solid&#8220; global_colors_info=&#8220;{}&#8220;]<\/p>\n<h2>Eine \u00dcbersicht \u00fcber unsere Spa-Treatments auf Madeira finden Sie hier:<\/h2>\n<p>[\/et_pb_text][\/et_pb_column][\/et_pb_row][et_pb_row _builder_version=&#8220;4.16&#8243; global_colors_info=&#8220;{}&#8220;][et_pb_column type=&#8220;4_4&#8243; _builder_version=&#8220;4.16&#8243; custom_padding=&#8220;35px|||&#8220; global_colors_info=&#8220;{}&#8220; custom_padding__hover=&#8220;|||&#8220;][et_pb_text admin_label=&#8220;Treatments im Hotel Galomar finden Sie hier: &#8220; module_class=&#8220;image-text-box&#8220; _builder_version=&#8220;4.22.1&#8243; background_image=&#8220;https:\/\/ashoka-ayurveda.com\/wp-content\/uploads\/2018\/08\/GALOMAR_SPA_04072018_MG_1019_0200_lowres.jpg&#8220; hover_enabled=&#8220;0&#8243; border_style_all=&#8220;solid&#8220; border_style=&#8220;solid&#8220; saved_tabs=&#8220;all&#8220; global_colors_info=&#8220;{}&#8220; sticky_enabled=&#8220;0&#8243;]<\/p>\n<p><a href=\"https:\/\/ashoka-ayurveda.com\/de\/madeira-spa-hotel\/\">Treatments im Hotel Galomar finden Sie hier:\u00a0<\/a><\/p>\n<p>[\/et_pb_text][\/et_pb_column][\/et_pb_row][\/et_pb_section][et_pb_section fb_built=&#8220;1&#8243; module_class=&#8220;bottom-bar&#8220; _builder_version=&#8220;4.16&#8243; global_colors_info=&#8220;{}&#8220;][et_pb_row _builder_version=&#8220;4.16&#8243; background_size=&#8220;initial&#8220; background_position=&#8220;top_left&#8220; background_repeat=&#8220;repeat&#8220; global_colors_info=&#8220;{}&#8220;][et_pb_column type=&#8220;4_4&#8243; _builder_version=&#8220;4.16&#8243; custom_padding=&#8220;|||&#8220; global_colors_info=&#8220;{}&#8220; custom_padding__hover=&#8220;|||&#8220;][et_pb_divider color=&#8220;#ffffff&#8220; _builder_version=&#8220;4.16&#8243; global_colors_info=&#8220;{}&#8220;][\/et_pb_divider][\/et_pb_column][\/et_pb_row][\/et_pb_section]<\/p>\n<div class=\"shariff\"><ul class=\"shariff-buttons theme-default orientation-horizontal buttonsize-medium\"><li class=\"shariff-button facebook shariff-nocustomcolor\" style=\"background-color:#4273c8\"><a href=\"https:\/\/www.facebook.com\/sharer\/sharer.php?u=https%3A%2F%2Fashoka-ayurveda.com%2Fde%2Fmadeira-wellness%2F\" title=\"Bei Facebook teilen\" aria-label=\"Bei Facebook teilen\" role=\"button\" rel=\"nofollow\" class=\"shariff-link\" style=\"; background-color:#3b5998; color:#fff\" target=\"_blank\"><span class=\"shariff-icon\" style=\"\"><svg width=\"32px\" height=\"20px\" xmlns=\"http:\/\/www.w3.org\/2000\/svg\" viewBox=\"0 0 18 32\"><path fill=\"#3b5998\" d=\"M17.1 0.2v4.7h-2.8q-1.5 0-2.1 0.6t-0.5 1.9v3.4h5.2l-0.7 5.3h-4.5v13.6h-5.5v-13.6h-4.5v-5.3h4.5v-3.9q0-3.3 1.9-5.2t5-1.8q2.6 0 4.1 0.2z\"\/><\/svg><\/span><span class=\"shariff-text\">teilen<\/span>&nbsp;<\/a><\/li><li class=\"shariff-button twitter shariff-nocustomcolor\" style=\"background-color:#595959\"><a href=\"https:\/\/twitter.com\/share?url=https%3A%2F%2Fashoka-ayurveda.com%2Fde%2Fmadeira-wellness%2F&text=Spa%20%26%20Wellness\" title=\"Bei X teilen\" aria-label=\"Bei X teilen\" role=\"button\" rel=\"noopener nofollow\" class=\"shariff-link\" style=\"; background-color:#000; color:#fff\" target=\"_blank\"><span class=\"shariff-icon\" style=\"\"><svg width=\"32px\" height=\"20px\" xmlns=\"http:\/\/www.w3.org\/2000\/svg\" viewBox=\"0 0 24 24\"><path fill=\"#000\" d=\"M14.258 10.152L23.176 0h-2.113l-7.747 8.813L7.133 0H0l9.352 13.328L0 23.973h2.113l8.176-9.309 6.531 9.309h7.133zm-2.895 3.293l-.949-1.328L2.875 1.56h3.246l6.086 8.523.945 1.328 7.91 11.078h-3.246zm0 0\"\/><\/svg><\/span><span class=\"shariff-text\">teilen<\/span>&nbsp;<\/a><\/li><li class=\"shariff-button mailto shariff-nocustomcolor\" style=\"background-color:#a8a8a8\"><a href=\"mailto:?body=https%3A%2F%2Fashoka-ayurveda.com%2Fde%2Fmadeira-wellness%2F&subject=Spa%20%26%20Wellness\" title=\"Per E-Mail versenden\" aria-label=\"Per E-Mail versenden\" role=\"button\" rel=\"noopener nofollow\" class=\"shariff-link\" style=\"; background-color:#999; color:#fff\"><span class=\"shariff-icon\" style=\"\"><svg width=\"32px\" height=\"20px\" xmlns=\"http:\/\/www.w3.org\/2000\/svg\" viewBox=\"0 0 32 32\"><path fill=\"#999\" d=\"M32 12.7v14.2q0 1.2-0.8 2t-2 0.9h-26.3q-1.2 0-2-0.9t-0.8-2v-14.2q0.8 0.9 1.8 1.6 6.5 4.4 8.9 6.1 1 0.8 1.6 1.2t1.7 0.9 2 0.4h0.1q0.9 0 2-0.4t1.7-0.9 1.6-1.2q3-2.2 8.9-6.1 1-0.7 1.8-1.6zM32 7.4q0 1.4-0.9 2.7t-2.2 2.2q-6.7 4.7-8.4 5.8-0.2 0.1-0.7 0.5t-1 0.7-0.9 0.6-1.1 0.5-0.9 0.2h-0.1q-0.4 0-0.9-0.2t-1.1-0.5-0.9-0.6-1-0.7-0.7-0.5q-1.6-1.1-4.7-3.2t-3.6-2.6q-1.1-0.7-2.1-2t-1-2.5q0-1.4 0.7-2.3t2.1-0.9h26.3q1.2 0 2 0.8t0.9 2z\"\/><\/svg><\/span><span class=\"shariff-text\">E-Mail<\/span>&nbsp;<\/a><\/li><li class=\"shariff-button printer shariff-nocustomcolor\" style=\"background-color:#a8a8a8\"><a href=\"javascript:window.print()\" title=\"drucken\" aria-label=\"drucken\" role=\"button\" rel=\"noopener nofollow\" class=\"shariff-link\" style=\"; background-color:#999; color:#fff\"><span class=\"shariff-icon\" style=\"\"><svg width=\"32px\" height=\"20px\" xmlns=\"http:\/\/www.w3.org\/2000\/svg\" viewBox=\"0 0 30 32\"><path fill=\"#999\" d=\"M6.8 27.4h16v-4.6h-16v4.6zM6.8 16h16v-6.8h-2.8q-0.7 0-1.2-0.5t-0.5-1.2v-2.8h-11.4v11.4zM27.4 17.2q0-0.5-0.3-0.8t-0.8-0.4-0.8 0.4-0.3 0.8 0.3 0.8 0.8 0.3 0.8-0.3 0.3-0.8zM29.7 17.2v7.4q0 0.2-0.2 0.4t-0.4 0.2h-4v2.8q0 0.7-0.5 1.2t-1.2 0.5h-17.2q-0.7 0-1.2-0.5t-0.5-1.2v-2.8h-4q-0.2 0-0.4-0.2t-0.2-0.4v-7.4q0-1.4 1-2.4t2.4-1h1.2v-9.7q0-0.7 0.5-1.2t1.2-0.5h12q0.7 0 1.6 0.4t1.3 0.8l2.7 2.7q0.5 0.5 0.9 1.4t0.4 1.6v4.6h1.1q1.4 0 2.4 1t1 2.4z\"\/><\/svg><\/span><span class=\"shariff-text\">drucken<\/span>&nbsp;<\/a><\/li><\/ul><\/div>","protected":false},"excerpt":{"rendered":"<p>Der Ashoka-Spa &#8211; Entspannen Sie mit unsDie Grundlage f\u00fcr Ihre ganzheitliche Erholung stellt die Natur mit ihren f\u00fcnf Elementen dar. In unserem Ashoka Spa im Galo Resort Hotel auf Madeira, haben wir f\u00fcr Sie ein Konzept entwickelt, bei dem wir verschiedene Massage-Techniken, energetische und Beauty-Behandlungen mit den Kr\u00e4ften der Natur in Einklang gebracht haben. Ganz [&hellip;]<\/p>\n","protected":false},"author":1,"featured_media":0,"parent":0,"menu_order":0,"comment_status":"closed","ping_status":"closed","template":"","meta":{"_et_pb_use_builder":"on","_et_pb_old_content":"","_et_gb_content_width":"","inline_featured_image":false,"footnotes":""},"class_list":["post-80","page","type-page","status-publish","hentry"],"yoast_head":"<!-- This site is optimized with the Yoast SEO plugin v26.7 - https:\/\/yoast.com\/wordpress\/plugins\/seo\/ -->\n<title>Wellness &amp; Massagen auf Madeira\/Portugal \u2022 Ashoka Spas<\/title>\n<meta name=\"description\" content=\"Unsere Ashoka Spas verw\u00f6hnen Sie mit Wellness- und Massage-Angeboten auf Madeira - ganzheitlich und im Einklang mit den 5-Elementen.\" \/>\n<meta name=\"robots\" content=\"index, follow, max-snippet:-1, max-image-preview:large, max-video-preview:-1\" \/>\n<link rel=\"canonical\" href=\"https:\/\/ashoka-ayurveda.com\/de\/madeira-wellness\/\" \/>\n<meta property=\"og:locale\" content=\"de_DE\" \/>\n<meta property=\"og:type\" content=\"article\" \/>\n<meta property=\"og:title\" content=\"Wellness &amp; Massagen auf Madeira\/Portugal \u2022 Ashoka Spas\" \/>\n<meta property=\"og:description\" content=\"Unsere Ashoka Spas verw\u00f6hnen Sie mit Wellness- und Massage-Angeboten auf Madeira - ganzheitlich und im Einklang mit den 5-Elementen.\" \/>\n<meta property=\"og:url\" content=\"https:\/\/ashoka-ayurveda.com\/de\/madeira-wellness\/\" \/>\n<meta property=\"og:site_name\" content=\"Ashoka\" \/>\n<meta property=\"article:publisher\" content=\"https:\/\/www.facebook.com\/AshokaAyurveda\/\" \/>\n<meta property=\"article:modified_time\" content=\"2023-11-29T09:03:51+00:00\" \/>\n<meta property=\"og:image\" content=\"https:\/\/ashoka-ayurveda.com\/wp-content\/uploads\/2017\/09\/Madeira-Wellness-Hotel.jpg\" \/>\n\t<meta property=\"og:image:width\" content=\"2048\" \/>\n\t<meta property=\"og:image:height\" content=\"1024\" \/>\n\t<meta property=\"og:image:type\" content=\"image\/jpeg\" \/>\n<meta name=\"twitter:card\" content=\"summary_large_image\" \/>\n<meta name=\"twitter:label1\" content=\"Gesch\u00e4tzte Lesezeit\" \/>\n\t<meta name=\"twitter:data1\" content=\"4\u00a0Minuten\" \/>\n<script type=\"application\/ld+json\" class=\"yoast-schema-graph\">{\"@context\":\"https:\/\/schema.org\",\"@graph\":[{\"@type\":\"WebPage\",\"@id\":\"https:\/\/ashoka-ayurveda.com\/de\/madeira-wellness\/\",\"url\":\"https:\/\/ashoka-ayurveda.com\/de\/madeira-wellness\/\",\"name\":\"Wellness & Massagen auf Madeira\/Portugal \u2022 Ashoka Spas\",\"isPartOf\":{\"@id\":\"https:\/\/ashoka-ayurveda.com\/en\/#website\"},\"datePublished\":\"2017-09-26T12:50:19+00:00\",\"dateModified\":\"2023-11-29T09:03:51+00:00\",\"description\":\"Unsere Ashoka Spas verw\u00f6hnen Sie mit Wellness- und Massage-Angeboten auf Madeira - ganzheitlich und im Einklang mit den 5-Elementen.\",\"breadcrumb\":{\"@id\":\"https:\/\/ashoka-ayurveda.com\/de\/madeira-wellness\/#breadcrumb\"},\"inLanguage\":\"de\",\"potentialAction\":[{\"@type\":\"ReadAction\",\"target\":[\"https:\/\/ashoka-ayurveda.com\/de\/madeira-wellness\/\"]}]},{\"@type\":\"BreadcrumbList\",\"@id\":\"https:\/\/ashoka-ayurveda.com\/de\/madeira-wellness\/#breadcrumb\",\"itemListElement\":[{\"@type\":\"ListItem\",\"position\":1,\"name\":\"Startseite\",\"item\":\"https:\/\/ashoka-ayurveda.com\/de\/\"},{\"@type\":\"ListItem\",\"position\":2,\"name\":\"Spa &#038; Wellness\"}]},{\"@type\":\"WebSite\",\"@id\":\"https:\/\/ashoka-ayurveda.com\/en\/#website\",\"url\":\"https:\/\/ashoka-ayurveda.com\/en\/\",\"name\":\"Ashoka\",\"description\":\"Ayurveda auf Madeira\",\"potentialAction\":[{\"@type\":\"SearchAction\",\"target\":{\"@type\":\"EntryPoint\",\"urlTemplate\":\"https:\/\/ashoka-ayurveda.com\/en\/?s={search_term_string}\"},\"query-input\":{\"@type\":\"PropertyValueSpecification\",\"valueRequired\":true,\"valueName\":\"search_term_string\"}}],\"inLanguage\":\"de\"}]}<\/script>\n<!-- \/ Yoast SEO plugin. -->","yoast_head_json":{"title":"Wellness & Massagen auf Madeira\/Portugal \u2022 Ashoka Spas","description":"Unsere Ashoka Spas verw\u00f6hnen Sie mit Wellness- und Massage-Angeboten auf Madeira - ganzheitlich und im Einklang mit den 5-Elementen.","robots":{"index":"index","follow":"follow","max-snippet":"max-snippet:-1","max-image-preview":"max-image-preview:large","max-video-preview":"max-video-preview:-1"},"canonical":"https:\/\/ashoka-ayurveda.com\/de\/madeira-wellness\/","og_locale":"de_DE","og_type":"article","og_title":"Wellness & Massagen auf Madeira\/Portugal \u2022 Ashoka Spas","og_description":"Unsere Ashoka Spas verw\u00f6hnen Sie mit Wellness- und Massage-Angeboten auf Madeira - ganzheitlich und im Einklang mit den 5-Elementen.","og_url":"https:\/\/ashoka-ayurveda.com\/de\/madeira-wellness\/","og_site_name":"Ashoka","article_publisher":"https:\/\/www.facebook.com\/AshokaAyurveda\/","article_modified_time":"2023-11-29T09:03:51+00:00","og_image":[{"width":2048,"height":1024,"url":"https:\/\/ashoka-ayurveda.com\/wp-content\/uploads\/2017\/09\/Madeira-Wellness-Hotel.jpg","type":"image\/jpeg"}],"twitter_card":"summary_large_image","twitter_misc":{"Gesch\u00e4tzte Lesezeit":"4\u00a0Minuten"},"schema":{"@context":"https:\/\/schema.org","@graph":[{"@type":"WebPage","@id":"https:\/\/ashoka-ayurveda.com\/de\/madeira-wellness\/","url":"https:\/\/ashoka-ayurveda.com\/de\/madeira-wellness\/","name":"Wellness & Massagen auf Madeira\/Portugal \u2022 Ashoka Spas","isPartOf":{"@id":"https:\/\/ashoka-ayurveda.com\/en\/#website"},"datePublished":"2017-09-26T12:50:19+00:00","dateModified":"2023-11-29T09:03:51+00:00","description":"Unsere Ashoka Spas verw\u00f6hnen Sie mit Wellness- und Massage-Angeboten auf Madeira - ganzheitlich und im Einklang mit den 5-Elementen.","breadcrumb":{"@id":"https:\/\/ashoka-ayurveda.com\/de\/madeira-wellness\/#breadcrumb"},"inLanguage":"de","potentialAction":[{"@type":"ReadAction","target":["https:\/\/ashoka-ayurveda.com\/de\/madeira-wellness\/"]}]},{"@type":"BreadcrumbList","@id":"https:\/\/ashoka-ayurveda.com\/de\/madeira-wellness\/#breadcrumb","itemListElement":[{"@type":"ListItem","position":1,"name":"Startseite","item":"https:\/\/ashoka-ayurveda.com\/de\/"},{"@type":"ListItem","position":2,"name":"Spa &#038; Wellness"}]},{"@type":"WebSite","@id":"https:\/\/ashoka-ayurveda.com\/en\/#website","url":"https:\/\/ashoka-ayurveda.com\/en\/","name":"Ashoka","description":"Ayurveda auf Madeira","potentialAction":[{"@type":"SearchAction","target":{"@type":"EntryPoint","urlTemplate":"https:\/\/ashoka-ayurveda.com\/en\/?s={search_term_string}"},"query-input":{"@type":"PropertyValueSpecification","valueRequired":true,"valueName":"search_term_string"}}],"inLanguage":"de"}]}},"_links":{"self":[{"href":"https:\/\/ashoka-ayurveda.com\/de\/wp-json\/wp\/v2\/pages\/80","targetHints":{"allow":["GET"]}}],"collection":[{"href":"https:\/\/ashoka-ayurveda.com\/de\/wp-json\/wp\/v2\/pages"}],"about":[{"href":"https:\/\/ashoka-ayurveda.com\/de\/wp-json\/wp\/v2\/types\/page"}],"author":[{"embeddable":true,"href":"https:\/\/ashoka-ayurveda.com\/de\/wp-json\/wp\/v2\/users\/1"}],"replies":[{"embeddable":true,"href":"https:\/\/ashoka-ayurveda.com\/de\/wp-json\/wp\/v2\/comments?post=80"}],"version-history":[{"count":11,"href":"https:\/\/ashoka-ayurveda.com\/de\/wp-json\/wp\/v2\/pages\/80\/revisions"}],"predecessor-version":[{"id":19347,"href":"https:\/\/ashoka-ayurveda.com\/de\/wp-json\/wp\/v2\/pages\/80\/revisions\/19347"}],"wp:attachment":[{"href":"https:\/\/ashoka-ayurveda.com\/de\/wp-json\/wp\/v2\/media?parent=80"}],"curies":[{"name":"wp","href":"https:\/\/api.w.org\/{rel}","templated":true}]}}