{"id":647,"date":"2017-11-09T10:31:30","date_gmt":"2017-11-09T10:31:30","guid":{"rendered":"http:\/\/ashoka-ayurveda.com\/ashoka\/?page_id=647"},"modified":"2020-01-29T12:38:59","modified_gmt":"2020-01-29T12:38:59","slug":"testimonials","status":"publish","type":"page","link":"https:\/\/ashoka-ayurveda.com\/de\/testimonials\/","title":{"rendered":"G\u00e4ste \u00fcber uns"},"content":{"rendered":"<p>[et_pb_section fb_built=&#8220;1&#8243; _builder_version=&#8220;3.22&#8243; fb_built=&#8220;1&#8243; bb_built=&#8220;1&#8243; _i=&#8220;0&#8243; _address=&#8220;0&#8243;][et_pb_row module_class=&#8220;page-top-image&#8220; _builder_version=&#8220;3.25&#8243; background_size=&#8220;initial&#8220; background_position=&#8220;top_left&#8220; background_repeat=&#8220;repeat&#8220; _i=&#8220;0&#8243; _address=&#8220;0.0&#8243;][et_pb_column type=&#8220;4_4&#8243; _builder_version=&#8220;3.25&#8243; custom_padding=&#8220;|||&#8220; _i=&#8220;0&#8243; _address=&#8220;0.0.0&#8243; custom_padding__hover=&#8220;|||&#8220;][et_pb_text admin_label=&#8220;Top Image&#8220; _builder_version=&#8220;3.27.4&#8243; background_image=&#8220;https:\/\/ashoka-ayurveda.com\/wp-content\/uploads\/2017\/11\/Ayurveda-Kurzentrum-2.jpg&#8220; border_style=&#8220;solid&#8220; _i=&#8220;0&#8243; _address=&#8220;0.0.0.0&#8243;]<\/p>\n<h1>G\u00e4ste \u00fcber uns<\/h1>\n<p>[\/et_pb_text][\/et_pb_column][\/et_pb_row][\/et_pb_section][et_pb_section fb_built=&#8220;1&#8243; module_class=&#8220;quote-incontent-container&#8220; _builder_version=&#8220;3.22&#8243; fb_built=&#8220;1&#8243; bb_built=&#8220;1&#8243; _i=&#8220;1&#8243; _address=&#8220;1&#8243;][et_pb_row _builder_version=&#8220;3.25&#8243; background_size=&#8220;initial&#8220; background_position=&#8220;top_left&#8220; background_repeat=&#8220;repeat&#8220; _i=&#8220;0&#8243; _address=&#8220;1.0&#8243;][et_pb_column type=&#8220;4_4&#8243; _builder_version=&#8220;3.25&#8243; custom_padding=&#8220;|||&#8220; _i=&#8220;0&#8243; _address=&#8220;1.0.0&#8243; custom_padding__hover=&#8220;|||&#8220;][et_pb_testimonial author=&#8220;Conny R. \u00d6sterreich&#8220; quote_icon=&#8220;off&#8220; admin_label=&#8220;Testimonial Conny R. \u00d6sterreich&#8220; module_class=&#8220;quote-incontent&#8220; _builder_version=&#8220;3.2&#8243; use_background_color=&#8220;off&#8220; border_radii_portrait=&#8220;on||||&#8220; border_style=&#8220;solid&#8220; _i=&#8220;0&#8243; _address=&#8220;1.0.0.0&#8243;]\u201eEine Oase der Ruhe! Wunderbares kleines Hotel , ruhig , direkt am Meer gelegen. Freundliches zuvorkommendes Personal. Sehr zu empfehlen eine Ayurveda Kur , im hauseigenen Kurzentrum, Entschleunigung pur! Gerne wieder.\u201c<br \/>\n[\/et_pb_testimonial][\/et_pb_column][\/et_pb_row][\/et_pb_section][et_pb_section fb_built=&#8220;1&#8243; module_class=&#8220;quote-incontent-container&#8220; _builder_version=&#8220;3.22&#8243; fb_built=&#8220;1&#8243; bb_built=&#8220;1&#8243; _i=&#8220;2&#8243; _address=&#8220;2&#8243;][et_pb_row _builder_version=&#8220;3.25&#8243; background_size=&#8220;initial&#8220; background_position=&#8220;top_left&#8220; background_repeat=&#8220;repeat&#8220; _i=&#8220;0&#8243; _address=&#8220;2.0&#8243;][et_pb_column type=&#8220;4_4&#8243; _builder_version=&#8220;3.25&#8243; custom_padding=&#8220;|||&#8220; _i=&#8220;0&#8243; _address=&#8220;2.0.0&#8243; custom_padding__hover=&#8220;|||&#8220;][et_pb_testimonial author=&#8220;Andreas G., Deutschland&#8220; quote_icon=&#8220;off&#8220; admin_label=&#8220;Testimonial Andreas G., Deutschland&#8220; module_class=&#8220;quote-incontent&#8220; _builder_version=&#8220;3.2&#8243; use_background_color=&#8220;off&#8220; border_radii_portrait=&#8220;on||||&#8220; border_style=&#8220;solid&#8220; _i=&#8220;0&#8243; _address=&#8220;2.0.0.0&#8243;]\u201eEine der besten Entscheidungen dieses Jahr! Ich bin sehr begeistert von dieser wunderbaren Kombination von Yogaangebot, Ayurvedischem Essen und den Massagen. Ich werde sicher wiederkommen!\u201c<br \/>\n[\/et_pb_testimonial][\/et_pb_column][\/et_pb_row][\/et_pb_section][et_pb_section fb_built=&#8220;1&#8243; module_class=&#8220;quote-incontent-container&#8220; _builder_version=&#8220;3.22&#8243; fb_built=&#8220;1&#8243; bb_built=&#8220;1&#8243; _i=&#8220;3&#8243; _address=&#8220;3&#8243;][et_pb_row _builder_version=&#8220;3.25&#8243; background_size=&#8220;initial&#8220; background_position=&#8220;top_left&#8220; background_repeat=&#8220;repeat&#8220; _i=&#8220;0&#8243; _address=&#8220;3.0&#8243;][et_pb_column type=&#8220;4_4&#8243; _builder_version=&#8220;3.25&#8243; custom_padding=&#8220;|||&#8220; _i=&#8220;0&#8243; _address=&#8220;3.0.0&#8243; custom_padding__hover=&#8220;|||&#8220;][et_pb_testimonial author=&#8220;Lutz M. , Schweiz&#8220; quote_icon=&#8220;off&#8220; admin_label=&#8220;Testimonial Lutz M. , Schweiz&#8220; module_class=&#8220;quote-incontent&#8220; _builder_version=&#8220;3.2&#8243; use_background_color=&#8220;off&#8220; border_radii_portrait=&#8220;on||||&#8220; border_style=&#8220;solid&#8220; _i=&#8220;0&#8243; _address=&#8220;3.0.0.0&#8243;]\u201eEine Reise zu sich selbst. Liebevolles, f\u00fcrsorgliches und gut ausgebildetes Personal im Resort. Die Lage direkt \u00fcber den Klippen am Meer ist atemberaubend, Ruheraum und Yogaraum sind herrlich sch\u00f6n.\u201c<br \/>\n[\/et_pb_testimonial][\/et_pb_column][\/et_pb_row][\/et_pb_section][et_pb_section fb_built=&#8220;1&#8243; module_class=&#8220;quote-incontent-container&#8220; _builder_version=&#8220;3.22&#8243; fb_built=&#8220;1&#8243; bb_built=&#8220;1&#8243; _i=&#8220;4&#8243; _address=&#8220;4&#8243;][et_pb_row _builder_version=&#8220;3.25&#8243; background_size=&#8220;initial&#8220; background_position=&#8220;top_left&#8220; background_repeat=&#8220;repeat&#8220; _i=&#8220;0&#8243; _address=&#8220;4.0&#8243;][et_pb_column type=&#8220;4_4&#8243; _builder_version=&#8220;3.25&#8243; custom_padding=&#8220;|||&#8220; _i=&#8220;0&#8243; _address=&#8220;4.0.0&#8243; custom_padding__hover=&#8220;|||&#8220;][et_pb_testimonial author=&#8220;Tobias K., Deutschland&#8220; quote_icon=&#8220;off&#8220; admin_label=&#8220;Testimonial Tobias K., Deutschland&#8220; module_class=&#8220;quote-incontent&#8220; _builder_version=&#8220;3.2&#8243; use_background_color=&#8220;off&#8220; border_radii_portrait=&#8220;on||||&#8220; border_style=&#8220;solid&#8220; _i=&#8220;0&#8243; _address=&#8220;4.0.0.0&#8243;]\u201eBereits zum vierten Mal bin ich zur Ayurveda-Kur im Ashoka Ayurveda-Kurzentrum Madeira gewesen. Die Therapeuten gehen auf die pers\u00f6nliche Situation ein und die Behandlungen sind stets liebevoll.\u201c<br \/>\n[\/et_pb_testimonial][\/et_pb_column][\/et_pb_row][\/et_pb_section][et_pb_section fb_built=&#8220;1&#8243; module_class=&#8220;quote-incontent-container&#8220; _builder_version=&#8220;3.22&#8243; fb_built=&#8220;1&#8243; bb_built=&#8220;1&#8243; _i=&#8220;5&#8243; _address=&#8220;5&#8243;][et_pb_row _builder_version=&#8220;3.25&#8243; background_size=&#8220;initial&#8220; background_position=&#8220;top_left&#8220; background_repeat=&#8220;repeat&#8220; _i=&#8220;0&#8243; _address=&#8220;5.0&#8243;][et_pb_column type=&#8220;4_4&#8243; _builder_version=&#8220;3.25&#8243; custom_padding=&#8220;|||&#8220; _i=&#8220;0&#8243; _address=&#8220;5.0.0&#8243; custom_padding__hover=&#8220;|||&#8220;][et_pb_testimonial author=&#8220;Martin H., Deutschland&#8220; quote_icon=&#8220;off&#8220; admin_label=&#8220;Testimonial Martin H., Deutschland&#8220; module_class=&#8220;quote-incontent&#8220; _builder_version=&#8220;3.2&#8243; use_background_color=&#8220;off&#8220; border_radii_portrait=&#8220;on||||&#8220; border_style=&#8220;solid&#8220; _i=&#8220;0&#8243; _address=&#8220;5.0.0.0&#8243;]\u201eDas Ayurveda-Kurzentrum Madeira ist zum Seele baumeln lassen ideal. Ich habe mich toll erholt und vielen interessanten Input mitgenommen, den ich bereits im t\u00e4glichen Leben umsetze.\u201c<br \/>\n[\/et_pb_testimonial][\/et_pb_column][\/et_pb_row][\/et_pb_section][et_pb_section fb_built=&#8220;1&#8243; module_class=&#8220;newsletter-cta&#8220; _builder_version=&#8220;3.0.76&#8243; global_module=&#8220;266&#8243; fb_built=&#8220;1&#8243; bb_built=&#8220;1&#8243; _i=&#8220;1&#8243; _address=&#8220;1&#8243;][et_pb_row _builder_version=&#8220;3.25&#8243; _i=&#8220;0&#8243; _address=&#8220;6.0&#8243;][et_pb_column type=&#8220;4_4&#8243; _builder_version=&#8220;3.25&#8243; custom_padding=&#8220;|||&#8220; _i=&#8220;0&#8243; _address=&#8220;6.0.0&#8243; custom_padding__hover=&#8220;|||&#8220;][et_pb_cta title=&#8220;Ayurveda-News f\u00fcr Erholung &#038; Freude&#8220; admin_label=&#8220;Newsletter-CTA&#8220; _builder_version=&#8220;3.29.3&#8243; background_image=&#8220;https:\/\/ashoka-ayurveda.com\/wp-content\/uploads\/2017\/09\/ashoka-ayurveda-newsletter.jpg&#8220; border_style=&#8220;solid&#8220; _i=&#8220;0&#8243; _address=&#8220;6.0.0.0&#8243; button_text_size__hover_enabled=&#8220;off&#8220; button_one_text_size__hover_enabled=&#8220;off&#8220; button_two_text_size__hover_enabled=&#8220;off&#8220; button_text_color__hover_enabled=&#8220;off&#8220; button_one_text_color__hover_enabled=&#8220;off&#8220; button_two_text_color__hover_enabled=&#8220;off&#8220; button_border_width__hover_enabled=&#8220;off&#8220; button_one_border_width__hover_enabled=&#8220;off&#8220; button_two_border_width__hover_enabled=&#8220;off&#8220; button_border_color__hover_enabled=&#8220;off&#8220; button_one_border_color__hover_enabled=&#8220;off&#8220; button_two_border_color__hover_enabled=&#8220;off&#8220; button_border_radius__hover_enabled=&#8220;off&#8220; button_one_border_radius__hover_enabled=&#8220;off&#8220; button_two_border_radius__hover_enabled=&#8220;off&#8220; button_letter_spacing__hover_enabled=&#8220;off&#8220; button_one_letter_spacing__hover_enabled=&#8220;off&#8220; button_two_letter_spacing__hover_enabled=&#8220;off&#8220; button_bg_color__hover_enabled=&#8220;off&#8220; button_one_bg_color__hover_enabled=&#8220;off&#8220; button_two_bg_color__hover_enabled=&#8220;off&#8220;]<\/p>\n<h3>Ashoka Ayurveda wird monatlich \u00fcber Neuigkeiten zum Thema Ayurveda sowie unseren Angeboten informieren. Bitte willigen Sie in die Eintragung in unseren Newsletter ein &#8211; Sie k\u00f6nnen sich jederzeit formlos, z.B. \u00fcber den Link in dem Newsletter wieder abmelden.<\/h3>\n<p>&nbsp;<\/p>\n<script>(function() {\n\twindow.mc4wp = window.mc4wp || {\n\t\tlisteners: [],\n\t\tforms: {\n\t\t\ton: function(evt, cb) {\n\t\t\t\twindow.mc4wp.listeners.push(\n\t\t\t\t\t{\n\t\t\t\t\t\tevent   : evt,\n\t\t\t\t\t\tcallback: cb\n\t\t\t\t\t}\n\t\t\t\t);\n\t\t\t}\n\t\t}\n\t}\n})();\n<\/script><!-- Mailchimp for WordPress v4.10.9 - https:\/\/wordpress.org\/plugins\/mailchimp-for-wp\/ --><form id=\"mc4wp-form-1\" class=\"mc4wp-form mc4wp-form-263\" method=\"post\" data-id=\"263\" data-name=\"Newsletter-CTA\" ><div class=\"mc4wp-form-fields\"><p>\r\n\t<input type=\"text\" name=\"NAME\" placeholder=\"Ihr Name\" required \/>\r\n<\/p>\r\n<p>\r\n\t<input type=\"email\" name=\"EMAIL\" placeholder=\"Ihre E-Mail\" required \/>  \r\n<\/p>\r\n<p>\r\n\t<input type=\"submit\" value=\"Ja, das interessiert mich\" \/>  \r\n<\/p>\r\n<\/div><label style=\"display: none !important;\">Wenn du ein Mensch bist, lasse das Feld leer: <input type=\"text\" name=\"_mc4wp_honeypot\" value=\"\" tabindex=\"-1\" autocomplete=\"off\" \/><\/label><input type=\"hidden\" name=\"_mc4wp_timestamp\" value=\"1777044931\" \/><input type=\"hidden\" name=\"_mc4wp_form_id\" value=\"263\" \/><input type=\"hidden\" name=\"_mc4wp_form_element_id\" value=\"mc4wp-form-1\" \/><div class=\"mc4wp-response\"><\/div><\/form><!-- \/ Mailchimp for WordPress Plugin -->\n<p>[\/et_pb_cta][\/et_pb_column][\/et_pb_row][\/et_pb_section][et_pb_section fb_built=&#8220;1&#8243; module_class=&#8220;bottom-bar&#8220; _builder_version=&#8220;3.22&#8243; fb_built=&#8220;1&#8243; bb_built=&#8220;1&#8243; _i=&#8220;7&#8243; _address=&#8220;7&#8243;][et_pb_row _builder_version=&#8220;3.25&#8243; background_size=&#8220;initial&#8220; background_position=&#8220;top_left&#8220; background_repeat=&#8220;repeat&#8220; _i=&#8220;0&#8243; _address=&#8220;7.0&#8243;][et_pb_column type=&#8220;4_4&#8243; _builder_version=&#8220;3.25&#8243; custom_padding=&#8220;|||&#8220; _i=&#8220;0&#8243; _address=&#8220;7.0.0&#8243; custom_padding__hover=&#8220;|||&#8220;][et_pb_divider color=&#8220;#ffffff&#8220; _builder_version=&#8220;3.2&#8243; _i=&#8220;0&#8243; _address=&#8220;7.0.0.0&#8243;][\/et_pb_divider][\/et_pb_column][\/et_pb_row][\/et_pb_section]<\/p>\n<div class=\"shariff\"><ul class=\"shariff-buttons theme-default orientation-horizontal buttonsize-medium\"><li class=\"shariff-button facebook shariff-nocustomcolor\" style=\"background-color:#4273c8\"><a href=\"https:\/\/www.facebook.com\/sharer\/sharer.php?u=https%3A%2F%2Fashoka-ayurveda.com%2Fde%2Ftestimonials%2F\" title=\"Bei Facebook teilen\" aria-label=\"Bei Facebook teilen\" role=\"button\" rel=\"nofollow\" class=\"shariff-link\" style=\"; background-color:#3b5998; color:#fff\" target=\"_blank\"><span class=\"shariff-icon\" style=\"\"><svg width=\"32px\" height=\"20px\" xmlns=\"http:\/\/www.w3.org\/2000\/svg\" viewBox=\"0 0 18 32\"><path fill=\"#3b5998\" d=\"M17.1 0.2v4.7h-2.8q-1.5 0-2.1 0.6t-0.5 1.9v3.4h5.2l-0.7 5.3h-4.5v13.6h-5.5v-13.6h-4.5v-5.3h4.5v-3.9q0-3.3 1.9-5.2t5-1.8q2.6 0 4.1 0.2z\"\/><\/svg><\/span><span class=\"shariff-text\">teilen<\/span>&nbsp;<\/a><\/li><li class=\"shariff-button twitter shariff-nocustomcolor\" style=\"background-color:#595959\"><a href=\"https:\/\/twitter.com\/share?url=https%3A%2F%2Fashoka-ayurveda.com%2Fde%2Ftestimonials%2F&text=G%C3%A4ste%20%C3%BCber%20uns\" title=\"Bei X teilen\" aria-label=\"Bei X teilen\" role=\"button\" rel=\"noopener nofollow\" class=\"shariff-link\" style=\"; background-color:#000; color:#fff\" target=\"_blank\"><span class=\"shariff-icon\" style=\"\"><svg width=\"32px\" height=\"20px\" xmlns=\"http:\/\/www.w3.org\/2000\/svg\" viewBox=\"0 0 24 24\"><path fill=\"#000\" d=\"M14.258 10.152L23.176 0h-2.113l-7.747 8.813L7.133 0H0l9.352 13.328L0 23.973h2.113l8.176-9.309 6.531 9.309h7.133zm-2.895 3.293l-.949-1.328L2.875 1.56h3.246l6.086 8.523.945 1.328 7.91 11.078h-3.246zm0 0\"\/><\/svg><\/span><span class=\"shariff-text\">teilen<\/span>&nbsp;<\/a><\/li><li class=\"shariff-button mailto shariff-nocustomcolor\" style=\"background-color:#a8a8a8\"><a href=\"mailto:?body=https%3A%2F%2Fashoka-ayurveda.com%2Fde%2Ftestimonials%2F&subject=G%C3%A4ste%20%C3%BCber%20uns\" title=\"Per E-Mail versenden\" aria-label=\"Per E-Mail versenden\" role=\"button\" rel=\"noopener nofollow\" class=\"shariff-link\" style=\"; background-color:#999; color:#fff\"><span class=\"shariff-icon\" style=\"\"><svg width=\"32px\" height=\"20px\" xmlns=\"http:\/\/www.w3.org\/2000\/svg\" viewBox=\"0 0 32 32\"><path fill=\"#999\" d=\"M32 12.7v14.2q0 1.2-0.8 2t-2 0.9h-26.3q-1.2 0-2-0.9t-0.8-2v-14.2q0.8 0.9 1.8 1.6 6.5 4.4 8.9 6.1 1 0.8 1.6 1.2t1.7 0.9 2 0.4h0.1q0.9 0 2-0.4t1.7-0.9 1.6-1.2q3-2.2 8.9-6.1 1-0.7 1.8-1.6zM32 7.4q0 1.4-0.9 2.7t-2.2 2.2q-6.7 4.7-8.4 5.8-0.2 0.1-0.7 0.5t-1 0.7-0.9 0.6-1.1 0.5-0.9 0.2h-0.1q-0.4 0-0.9-0.2t-1.1-0.5-0.9-0.6-1-0.7-0.7-0.5q-1.6-1.1-4.7-3.2t-3.6-2.6q-1.1-0.7-2.1-2t-1-2.5q0-1.4 0.7-2.3t2.1-0.9h26.3q1.2 0 2 0.8t0.9 2z\"\/><\/svg><\/span><span class=\"shariff-text\">E-Mail<\/span>&nbsp;<\/a><\/li><li class=\"shariff-button printer shariff-nocustomcolor\" style=\"background-color:#a8a8a8\"><a href=\"javascript:window.print()\" title=\"drucken\" aria-label=\"drucken\" role=\"button\" rel=\"noopener nofollow\" class=\"shariff-link\" style=\"; background-color:#999; color:#fff\"><span class=\"shariff-icon\" style=\"\"><svg width=\"32px\" height=\"20px\" xmlns=\"http:\/\/www.w3.org\/2000\/svg\" viewBox=\"0 0 30 32\"><path fill=\"#999\" d=\"M6.8 27.4h16v-4.6h-16v4.6zM6.8 16h16v-6.8h-2.8q-0.7 0-1.2-0.5t-0.5-1.2v-2.8h-11.4v11.4zM27.4 17.2q0-0.5-0.3-0.8t-0.8-0.4-0.8 0.4-0.3 0.8 0.3 0.8 0.8 0.3 0.8-0.3 0.3-0.8zM29.7 17.2v7.4q0 0.2-0.2 0.4t-0.4 0.2h-4v2.8q0 0.7-0.5 1.2t-1.2 0.5h-17.2q-0.7 0-1.2-0.5t-0.5-1.2v-2.8h-4q-0.2 0-0.4-0.2t-0.2-0.4v-7.4q0-1.4 1-2.4t2.4-1h1.2v-9.7q0-0.7 0.5-1.2t1.2-0.5h12q0.7 0 1.6 0.4t1.3 0.8l2.7 2.7q0.5 0.5 0.9 1.4t0.4 1.6v4.6h1.1q1.4 0 2.4 1t1 2.4z\"\/><\/svg><\/span><span class=\"shariff-text\">drucken<\/span>&nbsp;<\/a><\/li><\/ul><\/div>","protected":false},"excerpt":{"rendered":"<p>G\u00e4ste \u00fcber uns \u201eEine Oase der Ruhe! Wunderbares kleines Hotel , ruhig , direkt am Meer gelegen. Freundliches zuvorkommendes Personal. Sehr zu empfehlen eine Ayurveda Kur , im hauseigenen Kurzentrum, Entschleunigung pur! Gerne wieder.\u201c \u201eEine der besten Entscheidungen dieses Jahr! Ich bin sehr begeistert von dieser wunderbaren Kombination von Yogaangebot, Ayurvedischem Essen und den Massagen. [&hellip;]<\/p>\n","protected":false},"author":1,"featured_media":0,"parent":0,"menu_order":0,"comment_status":"closed","ping_status":"closed","template":"","meta":{"_et_pb_use_builder":"on","_et_pb_old_content":"","_et_gb_content_width":"","inline_featured_image":false,"footnotes":""},"class_list":["post-647","page","type-page","status-publish","hentry"],"yoast_head":"<!-- This site is optimized with the Yoast SEO plugin v26.7 - https:\/\/yoast.com\/wordpress\/plugins\/seo\/ -->\n<title>Was G\u00e4ste \u00fcber unser Ayurveda Kurzentrum berichten \u2022 Ashoka<\/title>\n<meta name=\"description\" content=\"Unsere G\u00e4ste berichten, was Sie in unserem Ayurveda-Kurzentrum erlebt haben. Wir danken allen G\u00e4sten herzlich, die uns Ihr Testimonial anvertraut haben!\" \/>\n<meta name=\"robots\" content=\"index, follow, max-snippet:-1, max-image-preview:large, max-video-preview:-1\" \/>\n<link rel=\"canonical\" href=\"https:\/\/ashoka-ayurveda.com\/de\/testimonials\/\" \/>\n<meta property=\"og:locale\" content=\"de_DE\" \/>\n<meta property=\"og:type\" content=\"article\" \/>\n<meta property=\"og:title\" content=\"Was G\u00e4ste \u00fcber unser Ayurveda Kurzentrum berichten \u2022 Ashoka\" \/>\n<meta property=\"og:description\" content=\"Unsere G\u00e4ste berichten, was Sie in unserem Ayurveda-Kurzentrum erlebt haben. Wir danken allen G\u00e4sten herzlich, die uns Ihr Testimonial anvertraut haben!\" \/>\n<meta property=\"og:url\" content=\"https:\/\/ashoka-ayurveda.com\/de\/testimonials\/\" \/>\n<meta property=\"og:site_name\" content=\"Ashoka\" \/>\n<meta property=\"article:publisher\" content=\"https:\/\/www.facebook.com\/AshokaAyurveda\/\" \/>\n<meta property=\"article:modified_time\" content=\"2020-01-29T12:38:59+00:00\" \/>\n<meta property=\"og:image\" content=\"https:\/\/ashoka-ayurveda.com\/wp-content\/uploads\/2017\/11\/Ayurveda-Kurzentrum-2.jpg\" \/>\n\t<meta property=\"og:image:width\" content=\"2048\" \/>\n\t<meta property=\"og:image:height\" content=\"1024\" \/>\n\t<meta property=\"og:image:type\" content=\"image\/jpeg\" \/>\n<meta name=\"twitter:card\" content=\"summary_large_image\" \/>\n<meta name=\"twitter:label1\" content=\"Gesch\u00e4tzte Lesezeit\" \/>\n\t<meta name=\"twitter:data1\" content=\"5\u00a0Minuten\" \/>\n<script type=\"application\/ld+json\" class=\"yoast-schema-graph\">{\"@context\":\"https:\/\/schema.org\",\"@graph\":[{\"@type\":\"WebPage\",\"@id\":\"https:\/\/ashoka-ayurveda.com\/de\/testimonials\/\",\"url\":\"https:\/\/ashoka-ayurveda.com\/de\/testimonials\/\",\"name\":\"Was G\u00e4ste \u00fcber unser Ayurveda Kurzentrum berichten \u2022 Ashoka\",\"isPartOf\":{\"@id\":\"https:\/\/ashoka-ayurveda.com\/en\/#website\"},\"datePublished\":\"2017-11-09T10:31:30+00:00\",\"dateModified\":\"2020-01-29T12:38:59+00:00\",\"description\":\"Unsere G\u00e4ste berichten, was Sie in unserem Ayurveda-Kurzentrum erlebt haben. Wir danken allen G\u00e4sten herzlich, die uns Ihr Testimonial anvertraut haben!\",\"breadcrumb\":{\"@id\":\"https:\/\/ashoka-ayurveda.com\/de\/testimonials\/#breadcrumb\"},\"inLanguage\":\"de\",\"potentialAction\":[{\"@type\":\"ReadAction\",\"target\":[\"https:\/\/ashoka-ayurveda.com\/de\/testimonials\/\"]}]},{\"@type\":\"BreadcrumbList\",\"@id\":\"https:\/\/ashoka-ayurveda.com\/de\/testimonials\/#breadcrumb\",\"itemListElement\":[{\"@type\":\"ListItem\",\"position\":1,\"name\":\"Startseite\",\"item\":\"https:\/\/ashoka-ayurveda.com\/de\/\"},{\"@type\":\"ListItem\",\"position\":2,\"name\":\"G\u00e4ste \u00fcber uns\"}]},{\"@type\":\"WebSite\",\"@id\":\"https:\/\/ashoka-ayurveda.com\/en\/#website\",\"url\":\"https:\/\/ashoka-ayurveda.com\/en\/\",\"name\":\"Ashoka\",\"description\":\"Ayurveda auf Madeira\",\"potentialAction\":[{\"@type\":\"SearchAction\",\"target\":{\"@type\":\"EntryPoint\",\"urlTemplate\":\"https:\/\/ashoka-ayurveda.com\/en\/?s={search_term_string}\"},\"query-input\":{\"@type\":\"PropertyValueSpecification\",\"valueRequired\":true,\"valueName\":\"search_term_string\"}}],\"inLanguage\":\"de\"}]}<\/script>\n<!-- \/ Yoast SEO plugin. -->","yoast_head_json":{"title":"Was G\u00e4ste \u00fcber unser Ayurveda Kurzentrum berichten \u2022 Ashoka","description":"Unsere G\u00e4ste berichten, was Sie in unserem Ayurveda-Kurzentrum erlebt haben. Wir danken allen G\u00e4sten herzlich, die uns Ihr Testimonial anvertraut haben!","robots":{"index":"index","follow":"follow","max-snippet":"max-snippet:-1","max-image-preview":"max-image-preview:large","max-video-preview":"max-video-preview:-1"},"canonical":"https:\/\/ashoka-ayurveda.com\/de\/testimonials\/","og_locale":"de_DE","og_type":"article","og_title":"Was G\u00e4ste \u00fcber unser Ayurveda Kurzentrum berichten \u2022 Ashoka","og_description":"Unsere G\u00e4ste berichten, was Sie in unserem Ayurveda-Kurzentrum erlebt haben. Wir danken allen G\u00e4sten herzlich, die uns Ihr Testimonial anvertraut haben!","og_url":"https:\/\/ashoka-ayurveda.com\/de\/testimonials\/","og_site_name":"Ashoka","article_publisher":"https:\/\/www.facebook.com\/AshokaAyurveda\/","article_modified_time":"2020-01-29T12:38:59+00:00","og_image":[{"width":2048,"height":1024,"url":"https:\/\/ashoka-ayurveda.com\/wp-content\/uploads\/2017\/11\/Ayurveda-Kurzentrum-2.jpg","type":"image\/jpeg"}],"twitter_card":"summary_large_image","twitter_misc":{"Gesch\u00e4tzte Lesezeit":"5\u00a0Minuten"},"schema":{"@context":"https:\/\/schema.org","@graph":[{"@type":"WebPage","@id":"https:\/\/ashoka-ayurveda.com\/de\/testimonials\/","url":"https:\/\/ashoka-ayurveda.com\/de\/testimonials\/","name":"Was G\u00e4ste \u00fcber unser Ayurveda Kurzentrum berichten \u2022 Ashoka","isPartOf":{"@id":"https:\/\/ashoka-ayurveda.com\/en\/#website"},"datePublished":"2017-11-09T10:31:30+00:00","dateModified":"2020-01-29T12:38:59+00:00","description":"Unsere G\u00e4ste berichten, was Sie in unserem Ayurveda-Kurzentrum erlebt haben. Wir danken allen G\u00e4sten herzlich, die uns Ihr Testimonial anvertraut haben!","breadcrumb":{"@id":"https:\/\/ashoka-ayurveda.com\/de\/testimonials\/#breadcrumb"},"inLanguage":"de","potentialAction":[{"@type":"ReadAction","target":["https:\/\/ashoka-ayurveda.com\/de\/testimonials\/"]}]},{"@type":"BreadcrumbList","@id":"https:\/\/ashoka-ayurveda.com\/de\/testimonials\/#breadcrumb","itemListElement":[{"@type":"ListItem","position":1,"name":"Startseite","item":"https:\/\/ashoka-ayurveda.com\/de\/"},{"@type":"ListItem","position":2,"name":"G\u00e4ste \u00fcber uns"}]},{"@type":"WebSite","@id":"https:\/\/ashoka-ayurveda.com\/en\/#website","url":"https:\/\/ashoka-ayurveda.com\/en\/","name":"Ashoka","description":"Ayurveda auf Madeira","potentialAction":[{"@type":"SearchAction","target":{"@type":"EntryPoint","urlTemplate":"https:\/\/ashoka-ayurveda.com\/en\/?s={search_term_string}"},"query-input":{"@type":"PropertyValueSpecification","valueRequired":true,"valueName":"search_term_string"}}],"inLanguage":"de"}]}},"_links":{"self":[{"href":"https:\/\/ashoka-ayurveda.com\/de\/wp-json\/wp\/v2\/pages\/647","targetHints":{"allow":["GET"]}}],"collection":[{"href":"https:\/\/ashoka-ayurveda.com\/de\/wp-json\/wp\/v2\/pages"}],"about":[{"href":"https:\/\/ashoka-ayurveda.com\/de\/wp-json\/wp\/v2\/types\/page"}],"author":[{"embeddable":true,"href":"https:\/\/ashoka-ayurveda.com\/de\/wp-json\/wp\/v2\/users\/1"}],"replies":[{"embeddable":true,"href":"https:\/\/ashoka-ayurveda.com\/de\/wp-json\/wp\/v2\/comments?post=647"}],"version-history":[{"count":2,"href":"https:\/\/ashoka-ayurveda.com\/de\/wp-json\/wp\/v2\/pages\/647\/revisions"}],"predecessor-version":[{"id":4008,"href":"https:\/\/ashoka-ayurveda.com\/de\/wp-json\/wp\/v2\/pages\/647\/revisions\/4008"}],"wp:attachment":[{"href":"https:\/\/ashoka-ayurveda.com\/de\/wp-json\/wp\/v2\/media?parent=647"}],"curies":[{"name":"wp","href":"https:\/\/api.w.org\/{rel}","templated":true}]}}