{"id":4009,"date":"2020-01-29T12:39:27","date_gmt":"2020-01-29T12:39:27","guid":{"rendered":"https:\/\/staging.ashoka-ayurveda.com\/?page_id=4009"},"modified":"2020-10-13T16:02:03","modified_gmt":"2020-10-13T16:02:03","slug":"partner","status":"publish","type":"page","link":"https:\/\/ashoka-ayurveda.com\/de\/partner\/","title":{"rendered":"Partner"},"content":{"rendered":"<p>[et_pb_section fb_built=&#8220;1&#8243; _builder_version=&#8220;3.22&#8243;][et_pb_row module_class=&#8220;page-top-image&#8220; _builder_version=&#8220;3.25&#8243;][et_pb_column type=&#8220;4_4&#8243; _builder_version=&#8220;3.25&#8243; custom_padding=&#8220;|||&#8220; custom_padding__hover=&#8220;|||&#8220;][et_pb_text admin_label=&#8220;Ashoka Partner&#8220; _builder_version=&#8220;4.2.2&#8243; background_image=&#8220;https:\/\/ashoka-ayurveda.com\/wp-content\/uploads\/2020\/02\/DSC_7073.jpg&#8220; border_style=&#8220;solid&#8220;]<\/p>\n<h1>Ashoka Partner\u00a0<\/h1>\n<p>[\/et_pb_text][\/et_pb_column][\/et_pb_row][et_pb_row _builder_version=&#8220;3.25&#8243; background_size=&#8220;initial&#8220; background_position=&#8220;top_left&#8220; background_repeat=&#8220;repeat&#8220;][et_pb_column type=&#8220;4_4&#8243; _builder_version=&#8220;3.25&#8243; custom_padding=&#8220;|||&#8220; custom_padding__hover=&#8220;|||&#8220;][et_pb_text admin_label=&#8220;Nur das beste und reinste f\u00fcr Sie&#8220; _builder_version=&#8220;4.2.2&#8243; border_style=&#8220;solid&#8220;]<\/p>\n<h2>Nur das beste und reinste f\u00fcr Sie<\/h2>\n<p>[\/et_pb_text][et_pb_text admin_label=&#8220;Hier finden Sie eine \u00dcbersicht \u00fcber unsere aktuellen Angebote im Palheiro Spa powered by Ashoka Ayurveda im Golf-Hotel Casa Velha do Palheiro: &#8220; _builder_version=&#8220;4.5.3&#8243; border_style=&#8220;solid&#8220;]<\/p>\n<p><strong>Wir arbeiten nur mit ausgew\u00e4hlten Partnern zusammen, um eine hohe Qualit\u00e4t der Ayurveda- als auch Beauty-Behandlungen zu gew\u00e4hrleisten. Es ist uns ein besonderes Anliegen auf Ihre Bed\u00fcrfnisse und Ihre W\u00fcnsche zielgerichtet einzugehen. Wir orientieren uns dabei an der ayurvedischen Lehre. Demnach ist jeder Hauttyp individuell. Daher legen wir besonderen Wert auf reine und nat\u00fcrliche Inhaltsstoffe. Ganz nach dem ayurvedischen Grundprinzip: \u201eAlles was man auf die Haut streicht, sollte sicher genug sein auf die Zunge zu streichen.&#8220;\u00a0<\/strong><\/p>\n<p><strong>Unsere \u00d6le:\u00a0Die ayurvedischen Kr\u00e4uter\u00f6le sind ausschlaggebend f\u00fcr eine erfolgreiche Kur. Daher verwenden wir bei unseren Anwendungen qualitativ hochwertige \u00d6le, die wir von langj\u00e4hrigen Partnern beziehen. Dabei legen wir Wert auf eine naturverbundene Verarbeitung \u2013 bio-zertifiziert und regional. <\/strong><\/p>\n<p>[\/et_pb_text][\/et_pb_column][\/et_pb_row][\/et_pb_section][et_pb_section fb_built=&#8220;1&#8243; admin_label=&#8220;Sektion&#8220; module_class=&#8220;quote-incontent-container&#8220; _builder_version=&#8220;4.2.2&#8243;][et_pb_row _builder_version=&#8220;3.25&#8243; background_size=&#8220;initial&#8220; background_position=&#8220;top_left&#8220; background_repeat=&#8220;repeat&#8220;][et_pb_column type=&#8220;4_4&#8243; _builder_version=&#8220;3.25&#8243; custom_padding=&#8220;|||&#8220; custom_padding__hover=&#8220;|||&#8220;][et_pb_text admin_label=&#8220;Ayurveda Pura London:&#8220; _builder_version=&#8220;4.5.3&#8243; border_style=&#8220;solid&#8220;]<\/p>\n<h2>Bruno Zimmer E.K.:<\/h2>\n<p>[\/et_pb_text][\/et_pb_column][\/et_pb_row][et_pb_row _builder_version=&#8220;3.25&#8243; custom_margin=&#8220;0px|||&#8220; custom_padding=&#8220;0px|||&#8220;][et_pb_column type=&#8220;4_4&#8243; _builder_version=&#8220;3.25&#8243; custom_padding=&#8220;|||&#8220; custom_padding__hover=&#8220;|||&#8220;][et_pb_text admin_label=&#8220;Text&#8220; _builder_version=&#8220;4.5.3&#8243; border_style=&#8220;solid&#8220;]<\/p>\n<p>Bruno Zimmer ist unser Lieferant f\u00fcr Sesam- und Kokosnuss\u00f6l. Der traditionelle Familienbetrieb steht f\u00fcr Vielfalt an besten Pflanzen\u00f6len, Naturkost &amp; Wellness-Produkten. Die \u00d6le unterliegen seit 1997 einer strengen EU-BIO-Zertifizierung. Die Produkte werden regelm\u00e4\u00dfig durch akkreditierte Laboratorien in Deutschland \u00fcberpr\u00fcft. So wird sichergestellt, dass nur hochwertige Produkte den Weg zum Verbraucher finden. Es werden keine Rohstoffe verarbeitet, welche mit Hilfe von ver\u00e4nderter Gentechnik gez\u00fcchtet wurde.<\/p>\n<p>&nbsp;<\/p>\n<p><a href=\"https:\/\/www.brunozimmer.de\/\">https:\/\/www.brunozimmer.de\/<\/a><\/p>\n<p>&nbsp;<\/p>\n<p>&nbsp;<\/p>\n<p>[\/et_pb_text][\/et_pb_column][\/et_pb_row][et_pb_row _builder_version=&#8220;3.25&#8243;][et_pb_column type=&#8220;4_4&#8243; _builder_version=&#8220;3.25&#8243; custom_padding=&#8220;|||&#8220; custom_padding__hover=&#8220;|||&#8220;][et_pb_image src=&#8220;https:\/\/ashoka-ayurveda.com\/wp-content\/uploads\/2020\/10\/MS1_2187.jpg&#8220; title_text=&#8220;MS1_2187&#8243; align_tablet=&#8220;center&#8220; align_phone=&#8220;&#8220; align_last_edited=&#8220;on|desktop&#8220; admin_label=&#8220;Bild&#8220; _builder_version=&#8220;4.5.3&#8243; border_style=&#8220;solid&#8220; always_center_on_mobile=&#8220;on&#8220;][\/et_pb_image][\/et_pb_column][\/et_pb_row][et_pb_row _builder_version=&#8220;3.25&#8243; background_size=&#8220;initial&#8220; background_position=&#8220;top_left&#8220; background_repeat=&#8220;repeat&#8220;][et_pb_column type=&#8220;4_4&#8243; _builder_version=&#8220;3.25&#8243; custom_padding=&#8220;|||&#8220; custom_padding__hover=&#8220;|||&#8220;][et_pb_text admin_label=&#8220;Ayurveda Pura London:&#8220; _builder_version=&#8220;4.5.3&#8243; border_style=&#8220;solid&#8220;]<\/p>\n<h2>\u00a0<\/h2>\n<h2>Midgard Kalari &#8211; Markus Ludwig:<\/h2>\n<p>[\/et_pb_text][\/et_pb_column][\/et_pb_row][et_pb_row _builder_version=&#8220;3.25&#8243; custom_margin=&#8220;0px|||&#8220; custom_padding=&#8220;0px|||&#8220;][et_pb_column type=&#8220;4_4&#8243; _builder_version=&#8220;3.25&#8243; custom_padding=&#8220;|||&#8220; custom_padding__hover=&#8220;|||&#8220;][et_pb_text admin_label=&#8220;Text&#8220; _builder_version=&#8220;4.5.3&#8243; border_style=&#8220;solid&#8220;]<\/p>\n<p>Markus Ludwig begann 1994 seine f\u00fcnfj\u00e4hrige Lehrzeit in der s\u00fcdindischen Kalari Tradition und dem Ayurveda. Dort lernte er Usha, die Tochter eines Kalari Heilers kennen und beide gr\u00fcndeten neben einer Familie, auch den Ayurveda Kalari \u2013 Versand. Seit \u00fcber 15 Jahren arbeiten sie daran ayurvedische \u00d6le mit europ\u00e4ischen Kr\u00e4utern auf Basis traditioneller Methoden herzustellen. Dies tuen sie gemeinsam mit der traditionsreichen, von Ayurveda-\u00c4rzten gegr\u00fcndeten Produktionsform, AVN Group. Die Rezepturen halten sich an traditionelle Erfahrungen, die Pflanzen, kommen jedoch aus europ\u00e4ischen Bio-Anbau (soweit m\u00f6glich) bzw. werden z.T. selbst gesammelt.<\/p>\n<p>&nbsp;<\/p>\n<p><strong>Auszug der genutzten \u00d6le:<\/strong><br \/>Baldrian-Eiche Tailam: Ruhe und Schutz f\u00fcr das Vata Dosha<br \/>Hagebutte-Milch Tailam: K\u00fchle und Kraft f\u00fcr das Pitta Dosha<br \/>Wacholder-Brennnessel Tailam: Ein l\u00f6sendes, reinigendes \u00d6l f\u00fcr das Kapha Dosha<br \/>Apfel-Holunder Tailam: Ein n\u00e4hrendes, pflegendes und warm umh\u00fcllendes \u00d6l, besonders f\u00fcr den Winter<br \/>Rettich-Kastanie Tailam: Ein erweichendes und l\u00f6sendes \u00d6l, besonders f\u00fcr den Topf bei Kr\u00e4uterbeutel-Behandlungen<br \/>Milch-Eibisch Tailam: Pflegende K\u00fchle, besonders f\u00fcr den Kopf<\/p>\n<p>&nbsp;<\/p>\n<p><a href=\"https:\/\/www.midgards-ayurveda-kalari.de\/\">https:\/\/www.midgards-ayurveda-kalari.de\/<\/a><\/p>\n<p>&nbsp;<\/p>\n<p>&nbsp;<\/p>\n<p>[\/et_pb_text][\/et_pb_column][\/et_pb_row][et_pb_row _builder_version=&#8220;3.25&#8243; background_size=&#8220;initial&#8220; background_position=&#8220;top_left&#8220; background_repeat=&#8220;repeat&#8220;][et_pb_column type=&#8220;4_4&#8243; _builder_version=&#8220;3.25&#8243; custom_padding=&#8220;|||&#8220; custom_padding__hover=&#8220;|||&#8220;][et_pb_text admin_label=&#8220;Ayurveda Pura London:&#8220; _builder_version=&#8220;4.2.2&#8243; border_style=&#8220;solid&#8220;]<\/p>\n<h2>Ayurveda Pura London:<\/h2>\n<p>[\/et_pb_text][\/et_pb_column][\/et_pb_row][et_pb_row _builder_version=&#8220;3.25&#8243; custom_margin=&#8220;0px|||&#8220; custom_padding=&#8220;0px|||&#8220;][et_pb_column type=&#8220;4_4&#8243; _builder_version=&#8220;3.25&#8243; custom_padding=&#8220;|||&#8220; custom_padding__hover=&#8220;|||&#8220;][et_pb_text admin_label=&#8220;Text&#8220; _builder_version=&#8220;4.5.3&#8243; hover_enabled=&#8220;0&#8243; border_style=&#8220;solid&#8220;]<\/p>\n<p>Nach ayurvedischem Verst\u00e4ndnis wird die Haut aus Plasma und Blut, dem Rasa und dem Rakta Dhatu, gebildet. Ist die Haut beispielsweise trocken und rissig, so ist das Plasmagewebe (Rasa Dhatu) nicht gesund. Wichtig ist zudem die Zuordnung eines Menschen zu einem der drei Doshas: Vata, Pitta und Kapha. Um eben diese Tridoshas wieder in Einklang zu bringen, fertigt die Londoner Marke Ayurveda Pura London die Hautpflegereihe \u201eHolistic Essentials\u201c. Die Gr\u00fcnderin Dr. Deepa Apte hob das Brand Ayurveda Pura 2003 in London aus der Taufe \u2013 und erhielt f\u00fcr ihre Produkte bereits zahlreiche Preise.<strong><br \/><\/strong><\/p>\n<p>&nbsp;<\/p>\n<p><a href=\"http:\/\/www.ayurvedapura.de\/\" target=\"_blank\" rel=\"noopener noreferrer\"><strong>http:\/\/www.ayurvedapura.de\/<\/strong><\/a><\/p>\n<p>&nbsp;<\/p>\n<p>&nbsp;<\/p>\n<p>[\/et_pb_text][\/et_pb_column][\/et_pb_row][et_pb_row _builder_version=&#8220;3.25&#8243;][et_pb_column type=&#8220;4_4&#8243; _builder_version=&#8220;3.25&#8243; custom_padding=&#8220;|||&#8220; custom_padding__hover=&#8220;|||&#8220;][et_pb_image src=&#8220;https:\/\/ashoka-ayurveda.com\/wp-content\/uploads\/2020\/02\/MS1_2531.jpg&#8220; align_tablet=&#8220;center&#8220; align_phone=&#8220;&#8220; align_last_edited=&#8220;on|desktop&#8220; _builder_version=&#8220;4.2.2&#8243; border_style=&#8220;solid&#8220; always_center_on_mobile=&#8220;on&#8220;][\/et_pb_image][\/et_pb_column][\/et_pb_row][et_pb_row _builder_version=&#8220;3.25&#8243; background_size=&#8220;initial&#8220; background_position=&#8220;top_left&#8220; background_repeat=&#8220;repeat&#8220;][et_pb_column type=&#8220;4_4&#8243; _builder_version=&#8220;3.25&#8243; custom_padding=&#8220;|||&#8220; custom_padding__hover=&#8220;|||&#8220;][et_pb_text admin_label=&#8220;Pharmos Natur:&#8220; _builder_version=&#8220;4.2.2&#8243; border_style=&#8220;solid&#8220;]<\/p>\n<h2>\u00a0<\/h2>\n<h2>Pharmos Natur:<\/h2>\n<p>[\/et_pb_text][\/et_pb_column][\/et_pb_row][et_pb_row _builder_version=&#8220;3.25&#8243; custom_margin=&#8220;0px|||&#8220; custom_padding=&#8220;0px|||&#8220;][et_pb_column type=&#8220;4_4&#8243; _builder_version=&#8220;3.25&#8243; custom_padding=&#8220;|||&#8220; custom_padding__hover=&#8220;|||&#8220;][et_pb_text admin_label=&#8220;Text&#8220; _builder_version=&#8220;4.5.3&#8243; hover_enabled=&#8220;0&#8243; border_style=&#8220;solid&#8220;]<\/p>\n<p>Natur, die wirkt. Das ist das Credo der deutschen Marke Pharmos Natur. Seit jeher setzt die Green Luxury Brand auf die Kraft des Aloe Vera Bio Ursaft. Und zwar anstelle von Wasser, Der Grund: W\u00e4hrend viele Natur Kosmetikmarken bis zu 80% sterilisiertes Wasser beinhalten, tr\u00e4gt der lebendige Aloe Vera Saft die Wirkstoffe tief in die Haut. Auch auf andere nat\u00fcrliche Inhaltsstoffe wie Moringa, Cranberry oder Papayasamen setzt Pharmos Natur. Denn eines ist sicher: Mutter Erde stellt uns Menschen alles bereit, was wir brauchen.<\/p>\n<p>&nbsp;<\/p>\n<p><a href=\"https:\/\/www.pharmos-natur.de\/\" target=\"_blank\" rel=\"noopener noreferrer\">https:\/\/www.pharmos-natur.de\/<\/a><\/p>\n<p>&nbsp;<\/p>\n<p>&nbsp;<\/p>\n<p>[\/et_pb_text][\/et_pb_column][\/et_pb_row][et_pb_row _builder_version=&#8220;3.25&#8243;][et_pb_column type=&#8220;4_4&#8243; _builder_version=&#8220;3.25&#8243; custom_padding=&#8220;|||&#8220; custom_padding__hover=&#8220;|||&#8220;][et_pb_image src=&#8220;https:\/\/ashoka-ayurveda.com\/wp-content\/uploads\/2020\/02\/DSC_7868.jpg&#8220; align_tablet=&#8220;center&#8220; align_phone=&#8220;&#8220; align_last_edited=&#8220;on|desktop&#8220; _builder_version=&#8220;4.2.2&#8243; border_style=&#8220;solid&#8220; always_center_on_mobile=&#8220;on&#8220;][\/et_pb_image][\/et_pb_column][\/et_pb_row][\/et_pb_section][et_pb_section fb_built=&#8220;1&#8243; disabled_on=&#8220;off|off|off&#8220; module_class=&#8220;newsletter-cta&#8220; _builder_version=&#8220;4.3.4&#8243; global_module=&#8220;266&#8243;][et_pb_row _builder_version=&#8220;3.25&#8243;][et_pb_column type=&#8220;4_4&#8243; _builder_version=&#8220;3.25&#8243; custom_padding=&#8220;|||&#8220; custom_padding__hover=&#8220;|||&#8220;][et_pb_cta title=&#8220;Ayurveda-News f\u00fcr Erholung &#038; Freude&#8220; admin_label=&#8220;Newsletter-CTA&#8220; _builder_version=&#8220;4.3.4&#8243; background_image=&#8220;https:\/\/ashoka-ayurveda.com\/wp-content\/uploads\/2017\/09\/ashoka-ayurveda-newsletter.jpg&#8220; border_style=&#8220;solid&#8220; button_text_size__hover_enabled=&#8220;off&#8220; button_one_text_size__hover_enabled=&#8220;off&#8220; button_two_text_size__hover_enabled=&#8220;off&#8220; button_text_color__hover_enabled=&#8220;off&#8220; button_one_text_color__hover_enabled=&#8220;off&#8220; button_two_text_color__hover_enabled=&#8220;off&#8220; button_border_width__hover_enabled=&#8220;off&#8220; button_one_border_width__hover_enabled=&#8220;off&#8220; button_two_border_width__hover_enabled=&#8220;off&#8220; button_border_color__hover_enabled=&#8220;off&#8220; button_one_border_color__hover_enabled=&#8220;off&#8220; button_two_border_color__hover_enabled=&#8220;off&#8220; button_border_radius__hover_enabled=&#8220;off&#8220; button_one_border_radius__hover_enabled=&#8220;off&#8220; button_two_border_radius__hover_enabled=&#8220;off&#8220; button_letter_spacing__hover_enabled=&#8220;off&#8220; button_one_letter_spacing__hover_enabled=&#8220;off&#8220; button_two_letter_spacing__hover_enabled=&#8220;off&#8220; button_bg_color__hover_enabled=&#8220;off&#8220; button_one_bg_color__hover_enabled=&#8220;off&#8220; button_two_bg_color__hover_enabled=&#8220;off&#8220;]<\/p>\n<p><span style=\"color: #ffffff;\">Mit unserem Ashoka Ayurveda Newsletter informieren wir Sie regelm\u00e4\u00dfig \u00fcber Neues und Wissenswertes aus der spannenden Welt des Ayurveda und machen Sie auf aktuelle Angebote aufmerksam. Bitte tragen Sie sich hier in unseren Newsletter ein und best\u00e4tigen Sie die Email, die Sie im Anschluss erreicht. Sie k\u00f6nnen sich jederzeit z.B. \u00fcber den Link im Newsletter wieder abmelden.<\/span><\/p>\n<div><script>(function() {\n\twindow.mc4wp = window.mc4wp || {\n\t\tlisteners: [],\n\t\tforms: {\n\t\t\ton: function(evt, cb) {\n\t\t\t\twindow.mc4wp.listeners.push(\n\t\t\t\t\t{\n\t\t\t\t\t\tevent   : evt,\n\t\t\t\t\t\tcallback: cb\n\t\t\t\t\t}\n\t\t\t\t);\n\t\t\t}\n\t\t}\n\t}\n})();\n<\/script><!-- Mailchimp for WordPress v4.10.9 - https:\/\/wordpress.org\/plugins\/mailchimp-for-wp\/ --><form id=\"mc4wp-form-1\" class=\"mc4wp-form mc4wp-form-263\" method=\"post\" data-id=\"263\" data-name=\"Newsletter-CTA\" ><div class=\"mc4wp-form-fields\"><p>\r\n\t<input type=\"text\" name=\"NAME\" placeholder=\"Ihr Name\" required \/>\r\n<\/p>\r\n<p>\r\n\t<input type=\"email\" name=\"EMAIL\" placeholder=\"Ihre E-Mail\" required \/>  \r\n<\/p>\r\n<p>\r\n\t<input type=\"submit\" value=\"Ja, das interessiert mich\" \/>  \r\n<\/p>\r\n<\/div><label style=\"display: none !important;\">Wenn du ein Mensch bist, lasse das Feld leer: <input type=\"text\" name=\"_mc4wp_honeypot\" value=\"\" tabindex=\"-1\" autocomplete=\"off\" \/><\/label><input type=\"hidden\" name=\"_mc4wp_timestamp\" value=\"1775284865\" \/><input type=\"hidden\" name=\"_mc4wp_form_id\" value=\"263\" \/><input type=\"hidden\" name=\"_mc4wp_form_element_id\" value=\"mc4wp-form-1\" \/><div class=\"mc4wp-response\"><\/div><\/form><!-- \/ Mailchimp for WordPress Plugin --><\/div>\n<p>[\/et_pb_cta][\/et_pb_column][\/et_pb_row][\/et_pb_section][et_pb_section fb_built=&#8220;1&#8243; module_class=&#8220;bottom-bar&#8220; _builder_version=&#8220;3.22&#8243;][et_pb_row _builder_version=&#8220;3.25&#8243; background_size=&#8220;initial&#8220; background_position=&#8220;top_left&#8220; background_repeat=&#8220;repeat&#8220;][et_pb_column type=&#8220;4_4&#8243; _builder_version=&#8220;3.25&#8243; custom_padding=&#8220;|||&#8220; custom_padding__hover=&#8220;|||&#8220;][et_pb_divider color=&#8220;#ffffff&#8220; _builder_version=&#8220;3.2&#8243;][\/et_pb_divider][\/et_pb_column][\/et_pb_row][\/et_pb_section]<\/p>\n<div class=\"shariff\"><ul class=\"shariff-buttons theme-default orientation-horizontal buttonsize-medium\"><li class=\"shariff-button facebook shariff-nocustomcolor\" style=\"background-color:#4273c8\"><a href=\"https:\/\/www.facebook.com\/sharer\/sharer.php?u=https%3A%2F%2Fashoka-ayurveda.com%2Fde%2Fpartner%2F\" title=\"Bei Facebook teilen\" aria-label=\"Bei Facebook teilen\" role=\"button\" rel=\"nofollow\" class=\"shariff-link\" style=\"; background-color:#3b5998; color:#fff\" target=\"_blank\"><span class=\"shariff-icon\" style=\"\"><svg width=\"32px\" height=\"20px\" xmlns=\"http:\/\/www.w3.org\/2000\/svg\" viewBox=\"0 0 18 32\"><path fill=\"#3b5998\" d=\"M17.1 0.2v4.7h-2.8q-1.5 0-2.1 0.6t-0.5 1.9v3.4h5.2l-0.7 5.3h-4.5v13.6h-5.5v-13.6h-4.5v-5.3h4.5v-3.9q0-3.3 1.9-5.2t5-1.8q2.6 0 4.1 0.2z\"\/><\/svg><\/span><span class=\"shariff-text\">teilen<\/span>&nbsp;<\/a><\/li><li class=\"shariff-button twitter shariff-nocustomcolor\" style=\"background-color:#595959\"><a href=\"https:\/\/twitter.com\/share?url=https%3A%2F%2Fashoka-ayurveda.com%2Fde%2Fpartner%2F&text=Partner\" title=\"Bei X teilen\" aria-label=\"Bei X teilen\" role=\"button\" rel=\"noopener nofollow\" class=\"shariff-link\" style=\"; background-color:#000; color:#fff\" target=\"_blank\"><span class=\"shariff-icon\" style=\"\"><svg width=\"32px\" height=\"20px\" xmlns=\"http:\/\/www.w3.org\/2000\/svg\" viewBox=\"0 0 24 24\"><path fill=\"#000\" d=\"M14.258 10.152L23.176 0h-2.113l-7.747 8.813L7.133 0H0l9.352 13.328L0 23.973h2.113l8.176-9.309 6.531 9.309h7.133zm-2.895 3.293l-.949-1.328L2.875 1.56h3.246l6.086 8.523.945 1.328 7.91 11.078h-3.246zm0 0\"\/><\/svg><\/span><span class=\"shariff-text\">teilen<\/span>&nbsp;<\/a><\/li><li class=\"shariff-button mailto shariff-nocustomcolor\" style=\"background-color:#a8a8a8\"><a href=\"mailto:?body=https%3A%2F%2Fashoka-ayurveda.com%2Fde%2Fpartner%2F&subject=Partner\" title=\"Per E-Mail versenden\" aria-label=\"Per E-Mail versenden\" role=\"button\" rel=\"noopener nofollow\" class=\"shariff-link\" style=\"; background-color:#999; color:#fff\"><span class=\"shariff-icon\" style=\"\"><svg width=\"32px\" height=\"20px\" xmlns=\"http:\/\/www.w3.org\/2000\/svg\" viewBox=\"0 0 32 32\"><path fill=\"#999\" d=\"M32 12.7v14.2q0 1.2-0.8 2t-2 0.9h-26.3q-1.2 0-2-0.9t-0.8-2v-14.2q0.8 0.9 1.8 1.6 6.5 4.4 8.9 6.1 1 0.8 1.6 1.2t1.7 0.9 2 0.4h0.1q0.9 0 2-0.4t1.7-0.9 1.6-1.2q3-2.2 8.9-6.1 1-0.7 1.8-1.6zM32 7.4q0 1.4-0.9 2.7t-2.2 2.2q-6.7 4.7-8.4 5.8-0.2 0.1-0.7 0.5t-1 0.7-0.9 0.6-1.1 0.5-0.9 0.2h-0.1q-0.4 0-0.9-0.2t-1.1-0.5-0.9-0.6-1-0.7-0.7-0.5q-1.6-1.1-4.7-3.2t-3.6-2.6q-1.1-0.7-2.1-2t-1-2.5q0-1.4 0.7-2.3t2.1-0.9h26.3q1.2 0 2 0.8t0.9 2z\"\/><\/svg><\/span><span class=\"shariff-text\">E-Mail<\/span>&nbsp;<\/a><\/li><li class=\"shariff-button printer shariff-nocustomcolor\" style=\"background-color:#a8a8a8\"><a href=\"javascript:window.print()\" title=\"drucken\" aria-label=\"drucken\" role=\"button\" rel=\"noopener nofollow\" class=\"shariff-link\" style=\"; background-color:#999; color:#fff\"><span class=\"shariff-icon\" style=\"\"><svg width=\"32px\" height=\"20px\" xmlns=\"http:\/\/www.w3.org\/2000\/svg\" viewBox=\"0 0 30 32\"><path fill=\"#999\" d=\"M6.8 27.4h16v-4.6h-16v4.6zM6.8 16h16v-6.8h-2.8q-0.7 0-1.2-0.5t-0.5-1.2v-2.8h-11.4v11.4zM27.4 17.2q0-0.5-0.3-0.8t-0.8-0.4-0.8 0.4-0.3 0.8 0.3 0.8 0.8 0.3 0.8-0.3 0.3-0.8zM29.7 17.2v7.4q0 0.2-0.2 0.4t-0.4 0.2h-4v2.8q0 0.7-0.5 1.2t-1.2 0.5h-17.2q-0.7 0-1.2-0.5t-0.5-1.2v-2.8h-4q-0.2 0-0.4-0.2t-0.2-0.4v-7.4q0-1.4 1-2.4t2.4-1h1.2v-9.7q0-0.7 0.5-1.2t1.2-0.5h12q0.7 0 1.6 0.4t1.3 0.8l2.7 2.7q0.5 0.5 0.9 1.4t0.4 1.6v4.6h1.1q1.4 0 2.4 1t1 2.4z\"\/><\/svg><\/span><span class=\"shariff-text\">drucken<\/span>&nbsp;<\/a><\/li><\/ul><\/div>","protected":false},"excerpt":{"rendered":"<p>Ashoka Partner\u00a0Nur das beste und reinste f\u00fcr SieWir arbeiten nur mit ausgew\u00e4hlten Partnern zusammen, um eine hohe Qualit\u00e4t der Ayurveda- als auch Beauty-Behandlungen zu gew\u00e4hrleisten. Es ist uns ein besonderes Anliegen auf Ihre Bed\u00fcrfnisse und Ihre W\u00fcnsche zielgerichtet einzugehen. Wir orientieren uns dabei an der ayurvedischen Lehre. Demnach ist jeder Hauttyp individuell. Daher legen wir [&hellip;]<\/p>\n","protected":false},"author":1,"featured_media":0,"parent":0,"menu_order":0,"comment_status":"closed","ping_status":"closed","template":"","meta":{"_et_pb_use_builder":"on","_et_pb_old_content":"","_et_gb_content_width":"","inline_featured_image":false,"footnotes":""},"class_list":["post-4009","page","type-page","status-publish","hentry"],"yoast_head":"<!-- This site is optimized with the Yoast SEO plugin v26.7 - https:\/\/yoast.com\/wordpress\/plugins\/seo\/ -->\n<title>Partner &#8226; Ashoka<\/title>\n<meta name=\"description\" content=\"Ashoka arbeitet mit ausgew\u00e4hlen Partnern, um eine hohe Qualit\u00e4t der Spa- und Ayurveda-Behandlungen zu gew\u00e4hrleisten.\" \/>\n<meta name=\"robots\" content=\"index, follow, max-snippet:-1, max-image-preview:large, max-video-preview:-1\" \/>\n<link rel=\"canonical\" href=\"https:\/\/ashoka-ayurveda.com\/de\/partner\/\" \/>\n<meta property=\"og:locale\" content=\"de_DE\" \/>\n<meta property=\"og:type\" content=\"article\" \/>\n<meta property=\"og:title\" content=\"Partner &#8226; Ashoka\" \/>\n<meta property=\"og:description\" content=\"Ashoka arbeitet mit ausgew\u00e4hlen Partnern, um eine hohe Qualit\u00e4t der Spa- und Ayurveda-Behandlungen zu gew\u00e4hrleisten.\" \/>\n<meta property=\"og:url\" content=\"https:\/\/ashoka-ayurveda.com\/de\/partner\/\" \/>\n<meta property=\"og:site_name\" content=\"Ashoka\" \/>\n<meta property=\"article:publisher\" content=\"https:\/\/www.facebook.com\/AshokaAyurveda\/\" \/>\n<meta property=\"article:modified_time\" content=\"2020-10-13T16:02:03+00:00\" \/>\n<meta name=\"twitter:card\" content=\"summary_large_image\" \/>\n<meta name=\"twitter:label1\" content=\"Gesch\u00e4tzte Lesezeit\" \/>\n\t<meta name=\"twitter:data1\" content=\"8\u00a0Minuten\" \/>\n<script type=\"application\/ld+json\" class=\"yoast-schema-graph\">{\"@context\":\"https:\/\/schema.org\",\"@graph\":[{\"@type\":\"WebPage\",\"@id\":\"https:\/\/ashoka-ayurveda.com\/de\/partner\/\",\"url\":\"https:\/\/ashoka-ayurveda.com\/de\/partner\/\",\"name\":\"Partner &#8226; Ashoka\",\"isPartOf\":{\"@id\":\"https:\/\/ashoka-ayurveda.com\/en\/#website\"},\"datePublished\":\"2020-01-29T12:39:27+00:00\",\"dateModified\":\"2020-10-13T16:02:03+00:00\",\"description\":\"Ashoka arbeitet mit ausgew\u00e4hlen Partnern, um eine hohe Qualit\u00e4t der Spa- und Ayurveda-Behandlungen zu gew\u00e4hrleisten.\",\"breadcrumb\":{\"@id\":\"https:\/\/ashoka-ayurveda.com\/de\/partner\/#breadcrumb\"},\"inLanguage\":\"de\",\"potentialAction\":[{\"@type\":\"ReadAction\",\"target\":[\"https:\/\/ashoka-ayurveda.com\/de\/partner\/\"]}]},{\"@type\":\"BreadcrumbList\",\"@id\":\"https:\/\/ashoka-ayurveda.com\/de\/partner\/#breadcrumb\",\"itemListElement\":[{\"@type\":\"ListItem\",\"position\":1,\"name\":\"Startseite\",\"item\":\"https:\/\/ashoka-ayurveda.com\/de\/\"},{\"@type\":\"ListItem\",\"position\":2,\"name\":\"Partner\"}]},{\"@type\":\"WebSite\",\"@id\":\"https:\/\/ashoka-ayurveda.com\/en\/#website\",\"url\":\"https:\/\/ashoka-ayurveda.com\/en\/\",\"name\":\"Ashoka\",\"description\":\"Ayurveda auf Madeira\",\"potentialAction\":[{\"@type\":\"SearchAction\",\"target\":{\"@type\":\"EntryPoint\",\"urlTemplate\":\"https:\/\/ashoka-ayurveda.com\/en\/?s={search_term_string}\"},\"query-input\":{\"@type\":\"PropertyValueSpecification\",\"valueRequired\":true,\"valueName\":\"search_term_string\"}}],\"inLanguage\":\"de\"}]}<\/script>\n<!-- \/ Yoast SEO plugin. -->","yoast_head_json":{"title":"Partner &#8226; Ashoka","description":"Ashoka arbeitet mit ausgew\u00e4hlen Partnern, um eine hohe Qualit\u00e4t der Spa- und Ayurveda-Behandlungen zu gew\u00e4hrleisten.","robots":{"index":"index","follow":"follow","max-snippet":"max-snippet:-1","max-image-preview":"max-image-preview:large","max-video-preview":"max-video-preview:-1"},"canonical":"https:\/\/ashoka-ayurveda.com\/de\/partner\/","og_locale":"de_DE","og_type":"article","og_title":"Partner &#8226; Ashoka","og_description":"Ashoka arbeitet mit ausgew\u00e4hlen Partnern, um eine hohe Qualit\u00e4t der Spa- und Ayurveda-Behandlungen zu gew\u00e4hrleisten.","og_url":"https:\/\/ashoka-ayurveda.com\/de\/partner\/","og_site_name":"Ashoka","article_publisher":"https:\/\/www.facebook.com\/AshokaAyurveda\/","article_modified_time":"2020-10-13T16:02:03+00:00","twitter_card":"summary_large_image","twitter_misc":{"Gesch\u00e4tzte Lesezeit":"8\u00a0Minuten"},"schema":{"@context":"https:\/\/schema.org","@graph":[{"@type":"WebPage","@id":"https:\/\/ashoka-ayurveda.com\/de\/partner\/","url":"https:\/\/ashoka-ayurveda.com\/de\/partner\/","name":"Partner &#8226; Ashoka","isPartOf":{"@id":"https:\/\/ashoka-ayurveda.com\/en\/#website"},"datePublished":"2020-01-29T12:39:27+00:00","dateModified":"2020-10-13T16:02:03+00:00","description":"Ashoka arbeitet mit ausgew\u00e4hlen Partnern, um eine hohe Qualit\u00e4t der Spa- und Ayurveda-Behandlungen zu gew\u00e4hrleisten.","breadcrumb":{"@id":"https:\/\/ashoka-ayurveda.com\/de\/partner\/#breadcrumb"},"inLanguage":"de","potentialAction":[{"@type":"ReadAction","target":["https:\/\/ashoka-ayurveda.com\/de\/partner\/"]}]},{"@type":"BreadcrumbList","@id":"https:\/\/ashoka-ayurveda.com\/de\/partner\/#breadcrumb","itemListElement":[{"@type":"ListItem","position":1,"name":"Startseite","item":"https:\/\/ashoka-ayurveda.com\/de\/"},{"@type":"ListItem","position":2,"name":"Partner"}]},{"@type":"WebSite","@id":"https:\/\/ashoka-ayurveda.com\/en\/#website","url":"https:\/\/ashoka-ayurveda.com\/en\/","name":"Ashoka","description":"Ayurveda auf Madeira","potentialAction":[{"@type":"SearchAction","target":{"@type":"EntryPoint","urlTemplate":"https:\/\/ashoka-ayurveda.com\/en\/?s={search_term_string}"},"query-input":{"@type":"PropertyValueSpecification","valueRequired":true,"valueName":"search_term_string"}}],"inLanguage":"de"}]}},"_links":{"self":[{"href":"https:\/\/ashoka-ayurveda.com\/de\/wp-json\/wp\/v2\/pages\/4009","targetHints":{"allow":["GET"]}}],"collection":[{"href":"https:\/\/ashoka-ayurveda.com\/de\/wp-json\/wp\/v2\/pages"}],"about":[{"href":"https:\/\/ashoka-ayurveda.com\/de\/wp-json\/wp\/v2\/types\/page"}],"author":[{"embeddable":true,"href":"https:\/\/ashoka-ayurveda.com\/de\/wp-json\/wp\/v2\/users\/1"}],"replies":[{"embeddable":true,"href":"https:\/\/ashoka-ayurveda.com\/de\/wp-json\/wp\/v2\/comments?post=4009"}],"version-history":[{"count":9,"href":"https:\/\/ashoka-ayurveda.com\/de\/wp-json\/wp\/v2\/pages\/4009\/revisions"}],"predecessor-version":[{"id":6610,"href":"https:\/\/ashoka-ayurveda.com\/de\/wp-json\/wp\/v2\/pages\/4009\/revisions\/6610"}],"wp:attachment":[{"href":"https:\/\/ashoka-ayurveda.com\/de\/wp-json\/wp\/v2\/media?parent=4009"}],"curies":[{"name":"wp","href":"https:\/\/api.w.org\/{rel}","templated":true}]}}