{"id":351,"date":"2017-10-30T14:44:14","date_gmt":"2017-10-30T14:44:14","guid":{"rendered":"http:\/\/ashoka-ayurveda.com\/ashoka\/?page_id=351"},"modified":"2026-03-18T19:03:06","modified_gmt":"2026-03-18T17:03:06","slug":"ayurveda-kur-buchen","status":"publish","type":"page","link":"https:\/\/ashoka-ayurveda.com\/de\/ayurveda-kur-buchen\/","title":{"rendered":"Buchungen"},"content":{"rendered":"<p>[et_pb_section fb_built=&#8220;1&#8243; _builder_version=&#8220;4.16&#8243; global_colors_info=&#8220;{}&#8220;][et_pb_row module_class=&#8220;page-top-image&#8220; _builder_version=&#8220;4.16&#8243; global_colors_info=&#8220;{}&#8220;][et_pb_column type=&#8220;4_4&#8243; _builder_version=&#8220;4.16&#8243; custom_padding=&#8220;|||&#8220; global_colors_info=&#8220;{}&#8220; custom_padding__hover=&#8220;|||&#8220;][et_pb_text admin_label=&#8220;Top Image&#8220; _builder_version=&#8220;4.16&#8243; background_image=&#8220;https:\/\/ashoka-ayurveda.com\/wp-content\/uploads\/2017\/10\/Ayurveda-Reise.jpg&#8220; border_style=&#8220;solid&#8220; global_colors_info=&#8220;{}&#8220;]<\/p>\n<h1>Buchungsanfrage f\u00fcr Ihre Ayurveda-Reise<\/h1>\n<p>[\/et_pb_text][\/et_pb_column][\/et_pb_row][\/et_pb_section][et_pb_section fb_built=&#8220;1&#8243; disabled_on=&#8220;off|off|off&#8220; _builder_version=&#8220;4.23.4&#8243; _module_preset=&#8220;default&#8220; global_module=&#8220;20593&#8243; locked=&#8220;off&#8220; global_colors_info=&#8220;{}&#8220;][et_pb_row module_class=&#8220;buchungs-cta&#8220; _builder_version=&#8220;4.23.4&#8243; background_image=&#8220;https:\/\/ashoka-ayurveda.com\/wp-content\/uploads\/2024\/03\/ayurveda-online-beratung-1.jpg&#8220; background_position=&#8220;top_center&#8220; background_vertical_offset=&#8220;-1%&#8220; custom_margin=&#8220;0px||||false|false&#8220; custom_padding=&#8220;||||false|false&#8220; global_colors_info=&#8220;{}&#8220;][et_pb_column type=&#8220;4_4&#8243; _builder_version=&#8220;4.16&#8243; custom_padding=&#8220;|||&#8220; global_colors_info=&#8220;{}&#8220; custom_padding__hover=&#8220;|||&#8220;][et_pb_cta title=&#8220;Ayurveda-Onlineberatung&#8220; button_url=&#8220;https:\/\/ashoka-ayurveda.com\/de\/ayurveda-onlineberatung\/&#8220; button_text=&#8220;Mehr erfahren.&#8220; _builder_version=&#8220;4.23.4&#8243; body_text_color=&#8220;#FFFFFF&#8220; use_background_color=&#8220;off&#8220; border_style=&#8220;solid&#8220; button_letter_spacing_hover=&#8220;0&#8243; global_colors_info=&#8220;{}&#8220; button_text_size__hover_enabled=&#8220;off&#8220; button_one_text_size__hover_enabled=&#8220;off&#8220; button_two_text_size__hover_enabled=&#8220;off&#8220; button_text_color__hover_enabled=&#8220;off&#8220; button_one_text_color__hover_enabled=&#8220;off&#8220; button_two_text_color__hover_enabled=&#8220;off&#8220; button_border_width__hover_enabled=&#8220;off&#8220; button_one_border_width__hover_enabled=&#8220;off&#8220; button_two_border_width__hover_enabled=&#8220;off&#8220; button_border_color__hover_enabled=&#8220;off&#8220; button_one_border_color__hover_enabled=&#8220;off&#8220; button_two_border_color__hover_enabled=&#8220;off&#8220; button_border_radius__hover_enabled=&#8220;off&#8220; button_one_border_radius__hover_enabled=&#8220;off&#8220; button_two_border_radius__hover_enabled=&#8220;off&#8220; button_letter_spacing__hover_enabled=&#8220;on&#8220; button_letter_spacing__hover=&#8220;0&#8243; button_one_letter_spacing__hover_enabled=&#8220;off&#8220; button_two_letter_spacing__hover_enabled=&#8220;off&#8220; button_bg_color__hover_enabled=&#8220;off&#8220; button_one_bg_color__hover_enabled=&#8220;off&#8220; button_two_bg_color__hover_enabled=&#8220;off&#8220;]<\/p>\n<p><strong><span style=\"color: #ffffff;\">Unsere Beratungspakete bieten individuelle und pers\u00f6nliche Begleitung vor und nach Deiner Ayurveda-Kur.<\/span><\/strong><\/p>\n<p>[\/et_pb_cta][\/et_pb_column][\/et_pb_row][\/et_pb_section][et_pb_section fb_built=&#8220;1&#8243; module_class=&#8220;enquiry-form&#8220; _builder_version=&#8220;4.16&#8243; global_colors_info=&#8220;{}&#8220;][et_pb_row _builder_version=&#8220;4.16&#8243; background_size=&#8220;initial&#8220; background_position=&#8220;top_left&#8220; background_repeat=&#8220;repeat&#8220; global_colors_info=&#8220;{}&#8220;][et_pb_column type=&#8220;4_4&#8243; _builder_version=&#8220;4.16&#8243; custom_padding=&#8220;|||&#8220; global_colors_info=&#8220;{}&#8220; custom_padding__hover=&#8220;|||&#8220;][et_pb_text admin_label=&#8220;Fragen Sie unverbindlich Ihre Buchung an&#8220; _builder_version=&#8220;4.16&#8243; border_style=&#8220;solid&#8220; global_colors_info=&#8220;{}&#8220;]<\/p>\n<h3>Ihre Ayurveda-Reise mit uns \u2013 fragen Sie unverbindlich Ihre Buchung an!<\/h3>\n<p>[\/et_pb_text][et_pb_text admin_label=&#8220;Um f\u00fcr Ihre Gesundheit&#8230;&#8220; _builder_version=&#8220;4.16&#8243; border_style=&#8220;solid&#8220; global_colors_info=&#8220;{}&#8220;]Um f\u00fcr Ihre Gesundheit und Ihren Terminkalender das optimale Angebot zu finden, hilft Ihnen unser unverbindliches Anfrageformular. Wir pr\u00fcfen f\u00fcr Sie die aktuelle Verf\u00fcgbarkeit und machen Ihnen gern ein individuelles Angebot.<br \/>\n[\/et_pb_text][et_pb_code _builder_version=&#8220;4.16&#8243; global_colors_info=&#8220;{}&#8220;]\n<div class=\"wpcf7 no-js\" id=\"wpcf7-f400-o1\" lang=\"de-DE\" dir=\"ltr\" data-wpcf7-id=\"400\">\n<div class=\"screen-reader-response\"><p role=\"status\" aria-live=\"polite\" aria-atomic=\"true\"><\/p> <ul><\/ul><\/div>\n<form action=\"\/de\/wp-json\/wp\/v2\/pages\/351#wpcf7-f400-o1\" method=\"post\" class=\"wpcf7-form init\" aria-label=\"Kontaktformular\" novalidate=\"novalidate\" data-status=\"init\">\n<fieldset class=\"hidden-fields-container\"><input type=\"hidden\" name=\"_wpcf7\" value=\"400\" \/><input type=\"hidden\" name=\"_wpcf7_version\" value=\"6.1.4\" \/><input type=\"hidden\" name=\"_wpcf7_locale\" value=\"de_DE\" \/><input type=\"hidden\" name=\"_wpcf7_unit_tag\" value=\"wpcf7-f400-o1\" \/><input type=\"hidden\" name=\"_wpcf7_container_post\" value=\"0\" \/><input type=\"hidden\" name=\"_wpcf7_posted_data_hash\" value=\"\" \/>\n<\/fieldset>\n<div class=\"form-row\">\n\t<div class=\"form-col-50\">\n\t\t<p><span class=\"wpcf7-form-control-wrap\" data-name=\"vorname\"><input size=\"40\" maxlength=\"400\" class=\"wpcf7-form-control wpcf7-text wpcf7-validates-as-required\" aria-required=\"true\" aria-invalid=\"false\" placeholder=\"Ihr Vorname*\" value=\"\" type=\"text\" name=\"vorname\" \/><\/span>\n\t\t<\/p>\n\t<\/div>\n\t<div class=\"form-col-50\">\n\t\t<p><span class=\"wpcf7-form-control-wrap\" data-name=\"nachname\"><input size=\"40\" maxlength=\"400\" class=\"wpcf7-form-control wpcf7-text wpcf7-validates-as-required\" aria-required=\"true\" aria-invalid=\"false\" placeholder=\"Ihr Nachname*\" value=\"\" type=\"text\" name=\"nachname\" \/><\/span>\n\t\t<\/p>\n\t<\/div>\n<\/div>\n<div class=\"form-row\">\n\t<div class=\"form-col-50\">\n\t\t<p><span class=\"wpcf7-form-control-wrap\" data-name=\"telefon\"><input size=\"40\" maxlength=\"400\" class=\"wpcf7-form-control wpcf7-tel wpcf7-text wpcf7-validates-as-tel\" aria-invalid=\"false\" placeholder=\"ggf. Telefonnr. f\u00fcr R\u00fcckfragen\" value=\"\" type=\"tel\" name=\"telefon\" \/><\/span>\n\t\t<\/p>\n\t<\/div>\n\t<div class=\"form-col-50\">\n\t\t<p><span class=\"wpcf7-form-control-wrap\" data-name=\"email\"><input size=\"40\" maxlength=\"400\" class=\"wpcf7-form-control wpcf7-email wpcf7-validates-as-required wpcf7-text wpcf7-validates-as-email\" aria-required=\"true\" aria-invalid=\"false\" placeholder=\"Ihre E-Mail*\" value=\"\" type=\"email\" name=\"email\" \/><\/span>\n\t\t<\/p>\n\t<\/div>\n<\/div>\n<div class=\"form-row\">\n\t<div class=\"form-col-100\">\n\t\t<p><label for=\"\">Anzahl der Personen*:<\/label><span class=\"wpcf7-form-control-wrap\" data-name=\"personen\"><input class=\"wpcf7-form-control wpcf7-number wpcf7-validates-as-required wpcf7-validates-as-number\" id=\"personen\" min=\"1\" aria-required=\"true\" aria-invalid=\"false\" value=\"\" type=\"number\" name=\"personen\" \/><\/span>\n\t\t<\/p>\n\t<\/div>\n<\/div>\n<div class=\"form-row\">\n\t<div class=\"form-col-100\">\n\t\t<p><label for=\"\">Anzahl der Zimmer*:<\/label><span class=\"wpcf7-form-control-wrap\" data-name=\"zimmer\"><input class=\"wpcf7-form-control wpcf7-number wpcf7-validates-as-required wpcf7-validates-as-number\" id=\"zimmer\" min=\"1\" aria-required=\"true\" aria-invalid=\"false\" value=\"\" type=\"number\" name=\"zimmer\" \/><\/span>\n\t\t<\/p>\n\t<\/div>\n<\/div>\n<div class=\"form-row\">\n\t<div class=\"form-col-100\">\n\t\t<p><strong>An welchem unserer Angebote sind Sie interessiert?<\/strong>\n\t\t<\/p>\n\t\t<p><span class=\"wpcf7-form-control-wrap\" data-name=\"caretype2\"><select class=\"wpcf7-form-control wpcf7-select\" aria-invalid=\"false\" name=\"caretype2\"><option value=\"W\u00e4hlen Sie hier eines unserer Angebote aus\">W\u00e4hlen Sie hier eines unserer Angebote aus<\/option><option value=\"Ich interessiere mich f\u00fcr Spa-Treatments &amp; ayurvedische Behandlungen im Galomar Resort\">Ich interessiere mich f\u00fcr Spa-Treatments &amp; ayurvedische Behandlungen im Galomar Resort<\/option><option value=\"Ich ben\u00f6tige eine Beratung f\u00fcr eine Ayurveda Kur\">Ich ben\u00f6tige eine Beratung f\u00fcr eine Ayurveda Kur<\/option><option value=\"Panchakarma Kur \u2013 Detox\">Panchakarma Kur \u2013 Detox<\/option><option value=\"Regenerationskur\">Regenerationskur<\/option><option value=\"Ayurveda-Kur f\u00fcr den Bewegungsapparat mit Hilfe der Kalari Therapie\">Ayurveda-Kur f\u00fcr den Bewegungsapparat mit Hilfe der Kalari Therapie<\/option><option value=\"Rasayana Kur \u2013 Entspannungskur\">Rasayana Kur \u2013 Entspannungskur<\/option><option value=\"Ayurveda St\u00e4rkungskur\">Ayurveda St\u00e4rkungskur<\/option><option value=\"Gewichtsmanagement mit Ayurveda\">Gewichtsmanagement mit Ayurveda<\/option><option value=\"Immunbooster Kur\">Immunbooster Kur<\/option><\/select><\/span>\n\t\t<\/p>\n\t\t<p class=\"timecont\" style=\"margin-top:0; margin-bottom:1.5em; display:flex; gap:1em;\">\n\t\t<\/p>\n\t\t<p><span style=\"display:flex; flex-direction:column; flex:1;\"><br \/>\n<label style=\"margin:0; padding:0;\">Check-in*:<\/label><br \/>\n<span class=\"wpcf7-form-control-wrap\" data-name=\"check-in2\"><input class=\"wpcf7-form-control wpcf7-date wpcf7-validates-as-required wpcf7-validates-as-date time\" id=\"checkin\" min=\"2026-04-26\" aria-required=\"true\" aria-invalid=\"false\" value=\"\" type=\"date\" name=\"check-in2\" \/><\/span><br \/>\n<\/span>\n\t\t<\/p>\n\t\t<p><span style=\"display:flex; flex-direction:column; flex:1;\"><br \/>\n<label style=\"margin:0; padding:0;\">Check-out*:<\/label><br \/>\n<span class=\"wpcf7-form-control-wrap\" data-name=\"check-out2\"><input class=\"wpcf7-form-control wpcf7-date wpcf7-validates-as-required wpcf7-validates-as-date time\" id=\"checkout\" min=\"2026-04-26\" aria-required=\"true\" aria-invalid=\"false\" value=\"\" type=\"date\" name=\"check-out2\" \/><\/span><br \/>\n<\/span>\n\t\t<\/p>\n\t<\/div>\n<\/div>\n<div class=\"form-row\">\n\t<div class=\"form-col-100\">\n\t\t<h3>Schreiben Sie uns gerne ein bisschen mehr dazu, was Sie sich vorstellen und was Ihnen wichtig ist:\n\t\t<\/h3>\n\t\t<p><span class=\"wpcf7-form-control-wrap\" data-name=\"textarea-70\"><textarea cols=\"40\" rows=\"10\" maxlength=\"2000\" class=\"wpcf7-form-control wpcf7-textarea\" aria-invalid=\"false\" name=\"textarea-70\"><\/textarea><\/span>\n\t\t<\/p>\n\t\t<p style=\"font-size:.8rem;\">Senden Sie das Formular, erteilen Sie die Einwilligung zur Bearbeitung Ihrer personenbezogenen Daten im Rahmen unserer <a href=\"\/datenschutz\">Datenschutzerkl\u00e4rung<\/a>. Diese Einwilligung k\u00f6nnen Sie jederzeit formlos widerrufen, etwa \u00fcber das Kontaktformular oder per E-Mail. Der Widerruf ber\u00fchrt die Rechtm\u00e4\u00dfigkeit der bis dahin vorgenommenen Datenverarbeitung nicht.\n\t\t<\/p>\n\t<\/div>\n<\/div>\n<div class=\"form-row\">\n\t<div class=\"form-col-100\">\n\t\t<p><span class=\"wpcf7-form-control-wrap\" data-name=\"website\"><input size=\"40\" maxlength=\"400\" class=\"wpcf7-form-control wpcf7-text screen-reader-response\" id=\"nicht-loeschen\" aria-invalid=\"false\" value=\"\" type=\"text\" name=\"website\" \/><\/span><br \/>\n<input class=\"wpcf7-form-control wpcf7-submit has-spinner\" type=\"submit\" value=\"Unverbindliche Anfrage absenden\" \/>\n\t\t<\/p>\n\t<\/div>\n<\/div><div class=\"wpcf7-response-output\" aria-hidden=\"true\"><\/div>\n<\/form>\n<\/div>\n[\/et_pb_code][et_pb_text _builder_version=&#8220;4.27.5&#8243; hover_enabled=&#8220;0&#8243; global_colors_info=&#8220;{}&#8220; sticky_enabled=&#8220;0&#8243;]<\/p>\n<p>Sie k\u00f6nnen uns auch gerne eine E-Mail schreiben: <a href=\"&#109;&#x61;&#x69;l&#116;&#x6f;&#x3a;b&#97;&#x63;k&#111;&#x66;&#x66;i&#99;&#x65;&#64;&#97;&#x73;&#x68;o&#107;&#x61;&#x2d;&#97;&#x79;&#x75;r&#118;&#x65;&#x64;a&#46;&#x63;o&#109;\">&#x62;&#x61;&#99;ko&#x66;&#x66;&#105;&#99;e&#x40;&#x61;&#115;&#104;o&#x6b;&#x61;&#x2d;&#97;yu&#x72;&#x76;&#101;&#100;a&#x2e;&#x63;&#111;&#109;<\/a><\/p>\n<p>[\/et_pb_text][\/et_pb_column][\/et_pb_row][\/et_pb_section][et_pb_section fb_built=&#8220;1&#8243; module_class=&#8220;bottom-bar&#8220; _builder_version=&#8220;4.16&#8243; global_colors_info=&#8220;{}&#8220;][et_pb_row _builder_version=&#8220;4.16&#8243; background_size=&#8220;initial&#8220; background_position=&#8220;top_left&#8220; background_repeat=&#8220;repeat&#8220; global_colors_info=&#8220;{}&#8220;][et_pb_column type=&#8220;4_4&#8243; _builder_version=&#8220;4.16&#8243; custom_padding=&#8220;|||&#8220; global_colors_info=&#8220;{}&#8220; custom_padding__hover=&#8220;|||&#8220;][et_pb_divider color=&#8220;#ffffff&#8220; _builder_version=&#8220;4.16&#8243; global_colors_info=&#8220;{}&#8220;][\/et_pb_divider][\/et_pb_column][\/et_pb_row][\/et_pb_section]<\/p>\n<div class=\"shariff\"><ul class=\"shariff-buttons theme-default orientation-horizontal buttonsize-medium\"><li class=\"shariff-button facebook shariff-nocustomcolor\" style=\"background-color:#4273c8\"><a href=\"https:\/\/www.facebook.com\/sharer\/sharer.php?u=https%3A%2F%2Fashoka-ayurveda.com%2Fde%2Fayurveda-kur-buchen%2F\" title=\"Bei Facebook teilen\" aria-label=\"Bei Facebook teilen\" role=\"button\" rel=\"nofollow\" class=\"shariff-link\" style=\"; background-color:#3b5998; color:#fff\" target=\"_blank\"><span class=\"shariff-icon\" style=\"\"><svg width=\"32px\" height=\"20px\" xmlns=\"http:\/\/www.w3.org\/2000\/svg\" viewBox=\"0 0 18 32\"><path fill=\"#3b5998\" d=\"M17.1 0.2v4.7h-2.8q-1.5 0-2.1 0.6t-0.5 1.9v3.4h5.2l-0.7 5.3h-4.5v13.6h-5.5v-13.6h-4.5v-5.3h4.5v-3.9q0-3.3 1.9-5.2t5-1.8q2.6 0 4.1 0.2z\"\/><\/svg><\/span><span class=\"shariff-text\">teilen<\/span>&nbsp;<\/a><\/li><li class=\"shariff-button twitter shariff-nocustomcolor\" style=\"background-color:#595959\"><a href=\"https:\/\/twitter.com\/share?url=https%3A%2F%2Fashoka-ayurveda.com%2Fde%2Fayurveda-kur-buchen%2F&text=Buchungen\" title=\"Bei X teilen\" aria-label=\"Bei X teilen\" role=\"button\" rel=\"noopener nofollow\" class=\"shariff-link\" style=\"; background-color:#000; color:#fff\" target=\"_blank\"><span class=\"shariff-icon\" style=\"\"><svg width=\"32px\" height=\"20px\" xmlns=\"http:\/\/www.w3.org\/2000\/svg\" viewBox=\"0 0 24 24\"><path fill=\"#000\" d=\"M14.258 10.152L23.176 0h-2.113l-7.747 8.813L7.133 0H0l9.352 13.328L0 23.973h2.113l8.176-9.309 6.531 9.309h7.133zm-2.895 3.293l-.949-1.328L2.875 1.56h3.246l6.086 8.523.945 1.328 7.91 11.078h-3.246zm0 0\"\/><\/svg><\/span><span class=\"shariff-text\">teilen<\/span>&nbsp;<\/a><\/li><li class=\"shariff-button mailto shariff-nocustomcolor\" style=\"background-color:#a8a8a8\"><a href=\"mailto:?body=https%3A%2F%2Fashoka-ayurveda.com%2Fde%2Fayurveda-kur-buchen%2F&subject=Buchungen\" title=\"Per E-Mail versenden\" aria-label=\"Per E-Mail versenden\" role=\"button\" rel=\"noopener nofollow\" class=\"shariff-link\" style=\"; background-color:#999; color:#fff\"><span class=\"shariff-icon\" style=\"\"><svg width=\"32px\" height=\"20px\" xmlns=\"http:\/\/www.w3.org\/2000\/svg\" viewBox=\"0 0 32 32\"><path fill=\"#999\" d=\"M32 12.7v14.2q0 1.2-0.8 2t-2 0.9h-26.3q-1.2 0-2-0.9t-0.8-2v-14.2q0.8 0.9 1.8 1.6 6.5 4.4 8.9 6.1 1 0.8 1.6 1.2t1.7 0.9 2 0.4h0.1q0.9 0 2-0.4t1.7-0.9 1.6-1.2q3-2.2 8.9-6.1 1-0.7 1.8-1.6zM32 7.4q0 1.4-0.9 2.7t-2.2 2.2q-6.7 4.7-8.4 5.8-0.2 0.1-0.7 0.5t-1 0.7-0.9 0.6-1.1 0.5-0.9 0.2h-0.1q-0.4 0-0.9-0.2t-1.1-0.5-0.9-0.6-1-0.7-0.7-0.5q-1.6-1.1-4.7-3.2t-3.6-2.6q-1.1-0.7-2.1-2t-1-2.5q0-1.4 0.7-2.3t2.1-0.9h26.3q1.2 0 2 0.8t0.9 2z\"\/><\/svg><\/span><span class=\"shariff-text\">E-Mail<\/span>&nbsp;<\/a><\/li><li class=\"shariff-button printer shariff-nocustomcolor\" style=\"background-color:#a8a8a8\"><a href=\"javascript:window.print()\" title=\"drucken\" aria-label=\"drucken\" role=\"button\" rel=\"noopener nofollow\" class=\"shariff-link\" style=\"; background-color:#999; color:#fff\"><span class=\"shariff-icon\" style=\"\"><svg width=\"32px\" height=\"20px\" xmlns=\"http:\/\/www.w3.org\/2000\/svg\" viewBox=\"0 0 30 32\"><path fill=\"#999\" d=\"M6.8 27.4h16v-4.6h-16v4.6zM6.8 16h16v-6.8h-2.8q-0.7 0-1.2-0.5t-0.5-1.2v-2.8h-11.4v11.4zM27.4 17.2q0-0.5-0.3-0.8t-0.8-0.4-0.8 0.4-0.3 0.8 0.3 0.8 0.8 0.3 0.8-0.3 0.3-0.8zM29.7 17.2v7.4q0 0.2-0.2 0.4t-0.4 0.2h-4v2.8q0 0.7-0.5 1.2t-1.2 0.5h-17.2q-0.7 0-1.2-0.5t-0.5-1.2v-2.8h-4q-0.2 0-0.4-0.2t-0.2-0.4v-7.4q0-1.4 1-2.4t2.4-1h1.2v-9.7q0-0.7 0.5-1.2t1.2-0.5h12q0.7 0 1.6 0.4t1.3 0.8l2.7 2.7q0.5 0.5 0.9 1.4t0.4 1.6v4.6h1.1q1.4 0 2.4 1t1 2.4z\"\/><\/svg><\/span><span class=\"shariff-text\">drucken<\/span>&nbsp;<\/a><\/li><\/ul><\/div>","protected":false},"excerpt":{"rendered":"<p>Buchungsanfrage f\u00fcr Ihre Ayurveda-Reise Unsere Beratungspakete bieten individuelle und pers\u00f6nliche Begleitung vor und nach Deiner Ayurveda-Kur.Ihre Ayurveda-Reise mit uns \u2013 fragen Sie unverbindlich Ihre Buchung an! Um f\u00fcr Ihre Gesundheit und Ihren Terminkalender das optimale Angebot zu finden, hilft Ihnen unser unverbindliches Anfrageformular. Wir pr\u00fcfen f\u00fcr Sie die aktuelle Verf\u00fcgbarkeit und machen Ihnen gern ein [&hellip;]<\/p>\n","protected":false},"author":1,"featured_media":0,"parent":0,"menu_order":0,"comment_status":"closed","ping_status":"closed","template":"","meta":{"_et_pb_use_builder":"on","_et_pb_old_content":"","_et_gb_content_width":"","inline_featured_image":false,"footnotes":""},"class_list":["post-351","page","type-page","status-publish","hentry"],"yoast_head":"<!-- This site is optimized with the Yoast SEO plugin v26.7 - https:\/\/yoast.com\/wordpress\/plugins\/seo\/ -->\n<title>Buchen Sie Ihre Ayurveda-Reise in einem unserer Kurzentren \u2022 Ashoka<\/title>\n<meta name=\"description\" content=\"Wir stellen Ihnen eine individuelle Ayurveda-Reise zusammen, die auf Ihre Gesundheit und Ihre Bed\u00fcrfnisse abgestimmt ist. Erleben Sie Ayurveda bei Ashoka!\" \/>\n<meta name=\"robots\" content=\"index, follow, max-snippet:-1, max-image-preview:large, max-video-preview:-1\" \/>\n<link rel=\"canonical\" href=\"https:\/\/ashoka-ayurveda.com\/de\/ayurveda-kur-buchen\/\" \/>\n<meta property=\"og:locale\" content=\"de_DE\" \/>\n<meta property=\"og:type\" content=\"article\" \/>\n<meta property=\"og:title\" content=\"Buchen Sie Ihre Ayurveda-Reise in einem unserer Kurzentren \u2022 Ashoka\" \/>\n<meta property=\"og:description\" content=\"Wir stellen Ihnen eine individuelle Ayurveda-Reise zusammen, die auf Ihre Gesundheit und Ihre Bed\u00fcrfnisse abgestimmt ist. Erleben Sie Ayurveda bei Ashoka!\" \/>\n<meta property=\"og:url\" content=\"https:\/\/ashoka-ayurveda.com\/de\/ayurveda-kur-buchen\/\" \/>\n<meta property=\"og:site_name\" content=\"Ashoka\" \/>\n<meta property=\"article:publisher\" content=\"https:\/\/www.facebook.com\/AshokaAyurveda\/\" \/>\n<meta property=\"article:modified_time\" content=\"2026-03-18T17:03:06+00:00\" \/>\n<meta property=\"og:image\" content=\"https:\/\/ashoka-ayurveda.com\/wp-content\/uploads\/2017\/10\/Ayurveda-Reise.jpg\" \/>\n\t<meta property=\"og:image:width\" content=\"2048\" \/>\n\t<meta property=\"og:image:height\" content=\"1024\" \/>\n\t<meta property=\"og:image:type\" content=\"image\/jpeg\" \/>\n<meta name=\"twitter:card\" content=\"summary_large_image\" \/>\n<meta name=\"twitter:label1\" content=\"Gesch\u00e4tzte Lesezeit\" \/>\n\t<meta name=\"twitter:data1\" content=\"1\u00a0Minute\" \/>\n<script type=\"application\/ld+json\" class=\"yoast-schema-graph\">{\"@context\":\"https:\/\/schema.org\",\"@graph\":[{\"@type\":\"WebPage\",\"@id\":\"https:\/\/ashoka-ayurveda.com\/de\/ayurveda-kur-buchen\/\",\"url\":\"https:\/\/ashoka-ayurveda.com\/de\/ayurveda-kur-buchen\/\",\"name\":\"Buchen Sie Ihre Ayurveda-Reise in einem unserer Kurzentren \u2022 Ashoka\",\"isPartOf\":{\"@id\":\"https:\/\/ashoka-ayurveda.com\/en\/#website\"},\"datePublished\":\"2017-10-30T14:44:14+00:00\",\"dateModified\":\"2026-03-18T17:03:06+00:00\",\"description\":\"Wir stellen Ihnen eine individuelle Ayurveda-Reise zusammen, die auf Ihre Gesundheit und Ihre Bed\u00fcrfnisse abgestimmt ist. Erleben Sie Ayurveda bei Ashoka!\",\"breadcrumb\":{\"@id\":\"https:\/\/ashoka-ayurveda.com\/de\/ayurveda-kur-buchen\/#breadcrumb\"},\"inLanguage\":\"de\",\"potentialAction\":[{\"@type\":\"ReadAction\",\"target\":[\"https:\/\/ashoka-ayurveda.com\/de\/ayurveda-kur-buchen\/\"]}]},{\"@type\":\"BreadcrumbList\",\"@id\":\"https:\/\/ashoka-ayurveda.com\/de\/ayurveda-kur-buchen\/#breadcrumb\",\"itemListElement\":[{\"@type\":\"ListItem\",\"position\":1,\"name\":\"Startseite\",\"item\":\"https:\/\/ashoka-ayurveda.com\/de\/\"},{\"@type\":\"ListItem\",\"position\":2,\"name\":\"Buchungen\"}]},{\"@type\":\"WebSite\",\"@id\":\"https:\/\/ashoka-ayurveda.com\/en\/#website\",\"url\":\"https:\/\/ashoka-ayurveda.com\/en\/\",\"name\":\"Ashoka\",\"description\":\"Ayurveda auf Madeira\",\"potentialAction\":[{\"@type\":\"SearchAction\",\"target\":{\"@type\":\"EntryPoint\",\"urlTemplate\":\"https:\/\/ashoka-ayurveda.com\/en\/?s={search_term_string}\"},\"query-input\":{\"@type\":\"PropertyValueSpecification\",\"valueRequired\":true,\"valueName\":\"search_term_string\"}}],\"inLanguage\":\"de\"}]}<\/script>\n<!-- \/ Yoast SEO plugin. -->","yoast_head_json":{"title":"Buchen Sie Ihre Ayurveda-Reise in einem unserer Kurzentren \u2022 Ashoka","description":"Wir stellen Ihnen eine individuelle Ayurveda-Reise zusammen, die auf Ihre Gesundheit und Ihre Bed\u00fcrfnisse abgestimmt ist. Erleben Sie Ayurveda bei Ashoka!","robots":{"index":"index","follow":"follow","max-snippet":"max-snippet:-1","max-image-preview":"max-image-preview:large","max-video-preview":"max-video-preview:-1"},"canonical":"https:\/\/ashoka-ayurveda.com\/de\/ayurveda-kur-buchen\/","og_locale":"de_DE","og_type":"article","og_title":"Buchen Sie Ihre Ayurveda-Reise in einem unserer Kurzentren \u2022 Ashoka","og_description":"Wir stellen Ihnen eine individuelle Ayurveda-Reise zusammen, die auf Ihre Gesundheit und Ihre Bed\u00fcrfnisse abgestimmt ist. Erleben Sie Ayurveda bei Ashoka!","og_url":"https:\/\/ashoka-ayurveda.com\/de\/ayurveda-kur-buchen\/","og_site_name":"Ashoka","article_publisher":"https:\/\/www.facebook.com\/AshokaAyurveda\/","article_modified_time":"2026-03-18T17:03:06+00:00","og_image":[{"width":2048,"height":1024,"url":"https:\/\/ashoka-ayurveda.com\/wp-content\/uploads\/2017\/10\/Ayurveda-Reise.jpg","type":"image\/jpeg"}],"twitter_card":"summary_large_image","twitter_misc":{"Gesch\u00e4tzte Lesezeit":"1\u00a0Minute"},"schema":{"@context":"https:\/\/schema.org","@graph":[{"@type":"WebPage","@id":"https:\/\/ashoka-ayurveda.com\/de\/ayurveda-kur-buchen\/","url":"https:\/\/ashoka-ayurveda.com\/de\/ayurveda-kur-buchen\/","name":"Buchen Sie Ihre Ayurveda-Reise in einem unserer Kurzentren \u2022 Ashoka","isPartOf":{"@id":"https:\/\/ashoka-ayurveda.com\/en\/#website"},"datePublished":"2017-10-30T14:44:14+00:00","dateModified":"2026-03-18T17:03:06+00:00","description":"Wir stellen Ihnen eine individuelle Ayurveda-Reise zusammen, die auf Ihre Gesundheit und Ihre Bed\u00fcrfnisse abgestimmt ist. Erleben Sie Ayurveda bei Ashoka!","breadcrumb":{"@id":"https:\/\/ashoka-ayurveda.com\/de\/ayurveda-kur-buchen\/#breadcrumb"},"inLanguage":"de","potentialAction":[{"@type":"ReadAction","target":["https:\/\/ashoka-ayurveda.com\/de\/ayurveda-kur-buchen\/"]}]},{"@type":"BreadcrumbList","@id":"https:\/\/ashoka-ayurveda.com\/de\/ayurveda-kur-buchen\/#breadcrumb","itemListElement":[{"@type":"ListItem","position":1,"name":"Startseite","item":"https:\/\/ashoka-ayurveda.com\/de\/"},{"@type":"ListItem","position":2,"name":"Buchungen"}]},{"@type":"WebSite","@id":"https:\/\/ashoka-ayurveda.com\/en\/#website","url":"https:\/\/ashoka-ayurveda.com\/en\/","name":"Ashoka","description":"Ayurveda auf Madeira","potentialAction":[{"@type":"SearchAction","target":{"@type":"EntryPoint","urlTemplate":"https:\/\/ashoka-ayurveda.com\/en\/?s={search_term_string}"},"query-input":{"@type":"PropertyValueSpecification","valueRequired":true,"valueName":"search_term_string"}}],"inLanguage":"de"}]}},"_links":{"self":[{"href":"https:\/\/ashoka-ayurveda.com\/de\/wp-json\/wp\/v2\/pages\/351","targetHints":{"allow":["GET"]}}],"collection":[{"href":"https:\/\/ashoka-ayurveda.com\/de\/wp-json\/wp\/v2\/pages"}],"about":[{"href":"https:\/\/ashoka-ayurveda.com\/de\/wp-json\/wp\/v2\/types\/page"}],"author":[{"embeddable":true,"href":"https:\/\/ashoka-ayurveda.com\/de\/wp-json\/wp\/v2\/users\/1"}],"replies":[{"embeddable":true,"href":"https:\/\/ashoka-ayurveda.com\/de\/wp-json\/wp\/v2\/comments?post=351"}],"version-history":[{"count":8,"href":"https:\/\/ashoka-ayurveda.com\/de\/wp-json\/wp\/v2\/pages\/351\/revisions"}],"predecessor-version":[{"id":26130,"href":"https:\/\/ashoka-ayurveda.com\/de\/wp-json\/wp\/v2\/pages\/351\/revisions\/26130"}],"wp:attachment":[{"href":"https:\/\/ashoka-ayurveda.com\/de\/wp-json\/wp\/v2\/media?parent=351"}],"curies":[{"name":"wp","href":"https:\/\/api.w.org\/{rel}","templated":true}]}}