{"id":328,"date":"2017-10-27T14:49:31","date_gmt":"2017-10-27T14:49:31","guid":{"rendered":"http:\/\/ashoka-ayurveda.com\/ashoka\/?page_id=328"},"modified":"2026-04-08T12:38:48","modified_gmt":"2026-04-08T10:38:48","slug":"ayurveda-jobs","status":"publish","type":"page","link":"https:\/\/ashoka-ayurveda.com\/de\/ayurveda-jobs\/","title":{"rendered":"Stellenangebote"},"content":{"rendered":"<p>[et_pb_section fb_built=&#8220;1&#8243; _builder_version=&#8220;4.16&#8243; global_colors_info=&#8220;{}&#8220;][et_pb_row module_class=&#8220;page-top-image&#8220; _builder_version=&#8220;4.16&#8243; background_size=&#8220;initial&#8220; background_position=&#8220;top_left&#8220; background_repeat=&#8220;repeat&#8220; global_colors_info=&#8220;{}&#8220;][et_pb_column type=&#8220;4_4&#8243; _builder_version=&#8220;4.16&#8243; custom_padding=&#8220;|||&#8220; global_colors_info=&#8220;{}&#8220; custom_padding__hover=&#8220;|||&#8220;][et_pb_text admin_label=&#8220;Top Image&#8220; _builder_version=&#8220;4.16&#8243; background_image=&#8220;https:\/\/ashoka-ayurveda.com\/wp-content\/uploads\/2017\/10\/Ayurveda-Jobs.jpg&#8220; border_style=&#8220;solid&#8220; global_colors_info=&#8220;{}&#8220;]<\/p>\n<h1>Ayurveda-Jobs bei Ashoka<\/h1>\n<p>[\/et_pb_text][\/et_pb_column][\/et_pb_row][et_pb_row _builder_version=&#8220;4.16&#8243; background_size=&#8220;initial&#8220; background_position=&#8220;top_left&#8220; background_repeat=&#8220;repeat&#8220; global_colors_info=&#8220;{}&#8220;][et_pb_column type=&#8220;4_4&#8243; _builder_version=&#8220;4.16&#8243; custom_padding=&#8220;|||&#8220; global_colors_info=&#8220;{}&#8220; custom_padding__hover=&#8220;|||&#8220;][et_pb_text admin_label=&#8220;Text&#8220; _builder_version=&#8220;4.16&#8243; border_style=&#8220;solid&#8220; global_colors_info=&#8220;{}&#8220;]Als eine junge und dynamische Organisation sind wir immer daran interessiert, das beste verf\u00fcgbare Talent zu gewinnen, um unser Team zu erweitern und unseren Wachstum zu st\u00e4rken. Wir sind davon \u00fcberzeugt, dass die Qualit\u00e4t unserer Dienstleistung von der Qualit\u00e4t unserer Mitarbeiter abh\u00e4ngt und so bem\u00fchen wir uns, mit den Besten zu arbeiten. Unser ernstes Bestreben ist es, einen spannenden und herausfordernden Karriereweg f\u00fcr unsere Mitarbeiter zu definieren, um eine st\u00e4ndige Aufw\u00e4rtsbeweglichkeit zu gew\u00e4hrleisten. Wir respektieren die Tatsache, dass ein Lebenslauf ein vertrauensw\u00fcrdiges Dokument ist und daher versprechen wir, dass Ihre Bewerbung mit gr\u00f6\u00dfter Vertraulichkeit behandelt wird.<\/p>\n<p><strong>F\u00fcr folgende Stellen suchen wir momentan Personal:<\/strong><br \/>\n[\/et_pb_text][et_pb_text admin_label=&#8220;Text&#8220; _builder_version=&#8220;4.27.5&#8243; hover_enabled=&#8220;0&#8243; border_style=&#8220;solid&#8220; global_colors_info=&#8220;{}&#8220; sticky_enabled=&#8220;0&#8243;]<\/p>\n<p><strong><a href=\"https:\/\/ashoka-ayurveda.com\/wp-content\/uploads\/2024\/04\/Jobdescription_Intern_Ayurveda_Therapeut_Ashoka_DE.pdf\">Praktikum Ayurveda Therapeut:In<\/a> (wird laufend gesucht)<\/strong><\/p>\n<p><strong>Wir freuen uns jedoch jederzeit \u00fcber Initiativbewerbungen, auch Praktikanten sind jederzeit willkommen.<\/strong><\/p>\n<p><strong>Alle Bewerbungen bitte an: <a href=\"&#x6d;a&#x69;&#108;&#x74;&#111;&#x3a;&#x68;u&#x6d;&#97;&#x6e;&#46;&#x72;&#101;s&#x6f;&#117;&#x72;&#99;&#x65;&#115;&#64;&#x61;&#115;&#x68;&#111;&#x6b;&#97;-&#x61;y&#x75;&#114;&#x76;&#101;d&#x61;&#46;&#x63;&#111;&#x6d;\">&#104;&#x75;m&#97;&#x6e;&#46;&#114;&#x65;s&#111;&#x75;r&#99;&#x65;s&#64;&#x61;s&#104;&#x6f;k&#97;&#x2d;a&#121;&#x75;r&#118;&#x65;d&#97;&#x2e;c&#x6f;&#x6d;<\/a>\u00a0<\/strong><\/p>\n<p>[\/et_pb_text][et_pb_text disabled_on=&#8220;on|on|on&#8220; admin_label=&#8220;Text&#8220; _builder_version=&#8220;4.19.0&#8243; border_style=&#8220;solid&#8220; disabled=&#8220;on&#8220; global_colors_info=&#8220;{}&#8220;]<\/p>\n<p><strong><a href=\"https:\/\/ashoka-ayurveda.com\/wp-content\/uploads\/2024\/03\/PDF_Jobbeschreibung_Ayurveda_Doctor_DE.pdf\">Ayurveda Mediziner:In<\/a><\/strong><\/p>\n<p><strong><a href=\"https:\/\/ashoka-ayurveda.com\/wp-content\/uploads\/2024\/04\/Jobdescription_Ayurveda-Therapist_DE.pdf\">\u00a0<\/a><a href=\"https:\/\/ashoka-ayurveda.com\/wp-content\/uploads\/2024\/09\/Jobbeschreibung_Office-Manager_Ashoka_DE.pdf\"><span data-contrast=\"auto\" xml:lang=\"DE-DE\" lang=\"DE-DE\" class=\"TextRun SCXW125792853 BCX0\"><span class=\"NormalTextRun SCXW125792853 BCX0\">Administrative Mitarbeiter:In<\/span><\/span><span data-contrast=\"none\" xml:lang=\"DE-DE\" lang=\"DE-DE\" class=\"TextRun SCXW125792853 BCX0\"><span class=\"NormalTextRun SCXW125792853 BCX0\"> <\/span><span class=\"NormalTextRun SCXW125792853 BCX0\">im Ashoka Ayurveda Kurzentrum<\/span><\/span><\/a><a href=\"https:\/\/ashoka-ayurveda.com\/wp-content\/uploads\/2024\/04\/Jobdescription_Ayurveda-Therapist_DE.pdf\"><\/a><\/strong><\/p>\n<p><strong><a href=\"https:\/\/ashoka-ayurveda.com\/wp-content\/uploads\/2024\/04\/Jobdescription_Ayurveda-Therapist_DE.pdf\">Ayurveda Therapeut:In <\/a>(wird laufend gesucht)<\/strong><\/p>\n<p><strong><a href=\"https:\/\/ashoka-ayurveda.com\/wp-content\/uploads\/2024\/04\/Jobbeschreibung_Spa_Rezeptionistin_Therapeut_DE.pdf\" target=\"_blank\" rel=\"noopener noreferrer\">Massage -bzw. Beauty-Therapeut &amp; Spa-Rezeptionistin <\/a>(wird laufend gesucht)<\/strong><\/p>\n<p><strong><a href=\"https:\/\/ashoka-ayurveda.com\/wp-content\/uploads\/2023\/06\/New_PDF_Internship_Description_SPA_2023_DE.pdf\" target=\"_blank\" rel=\"noopener noreferrer\">Praktikum Spa-Rezeptionist(in) &amp; Massage -bzw. Beauty-Therapeut (<\/a>wird laufend gesucht)<\/strong><strong><\/strong><strong><\/strong><strong><\/strong><\/p>\n<p>[\/et_pb_text][\/et_pb_column][\/et_pb_row][\/et_pb_section][et_pb_section fb_built=&#8220;1&#8243; disabled_on=&#8220;off|off|off&#8220; module_class=&#8220;newsletter-cta cta-en&#8220; _builder_version=&#8220;4.16&#8243; custom_css_main_element=&#8220;display: block!important&#8220; custom_css_after=&#8220;.et_pb_section.newsletter-cta {display: block!important}&#8220; global_colors_info=&#8220;{}&#8220;][et_pb_row _builder_version=&#8220;4.16&#8243; global_colors_info=&#8220;{}&#8220;][et_pb_column type=&#8220;4_4&#8243; _builder_version=&#8220;4.16&#8243; custom_padding=&#8220;|||&#8220; global_colors_info=&#8220;{}&#8220; custom_padding__hover=&#8220;|||&#8220;][et_pb_cta title=&#8220;Ayurveda-News f\u00fcr Entspannung &#038; Freude&#8220; admin_label=&#8220;Newsletter-CTA&#8220; _builder_version=&#8220;4.16&#8243; background_image=&#8220;https:\/\/ashoka-ayurveda.com\/wp-content\/uploads\/2017\/09\/ashoka-ayurveda-newsletter.jpg&#8220; border_style=&#8220;solid&#8220; global_colors_info=&#8220;{}&#8220; button_text_size__hover_enabled=&#8220;off&#8220; button_one_text_size__hover_enabled=&#8220;off&#8220; button_two_text_size__hover_enabled=&#8220;off&#8220; button_text_color__hover_enabled=&#8220;off&#8220; button_one_text_color__hover_enabled=&#8220;off&#8220; button_two_text_color__hover_enabled=&#8220;off&#8220; button_border_width__hover_enabled=&#8220;off&#8220; button_one_border_width__hover_enabled=&#8220;off&#8220; button_two_border_width__hover_enabled=&#8220;off&#8220; button_border_color__hover_enabled=&#8220;off&#8220; button_one_border_color__hover_enabled=&#8220;off&#8220; button_two_border_color__hover_enabled=&#8220;off&#8220; button_border_radius__hover_enabled=&#8220;off&#8220; button_one_border_radius__hover_enabled=&#8220;off&#8220; button_two_border_radius__hover_enabled=&#8220;off&#8220; button_letter_spacing__hover_enabled=&#8220;off&#8220; button_one_letter_spacing__hover_enabled=&#8220;off&#8220; button_two_letter_spacing__hover_enabled=&#8220;off&#8220; button_bg_color__hover_enabled=&#8220;off&#8220; button_one_bg_color__hover_enabled=&#8220;off&#8220; button_two_bg_color__hover_enabled=&#8220;off&#8220;]<span style=\"color: #ffffff;\">Ayurveda-News f\u00fcr Entspannung &#038; Freude Mit unserem Ashoka Ayurveda Newsletter informieren wir Sie regelm\u00e4\u00dfig \u00fcber Neues und Wissenswertes aus der spannenden Welt des Ayurveda und machen Sie auf aktuelle Angebote aufmerksam. Bitte abonnieren Sie unseren Newsletter und best\u00e4tigen Sie die E-Mail, die Sie anschlie\u00dfend erhalten. Sie k\u00f6nnen sich jederzeit \u00fcber den Link im Newsletter wieder abmelden.<\/span><\/p>\n<div><script>(function() {\n\twindow.mc4wp = window.mc4wp || {\n\t\tlisteners: [],\n\t\tforms: {\n\t\t\ton: function(evt, cb) {\n\t\t\t\twindow.mc4wp.listeners.push(\n\t\t\t\t\t{\n\t\t\t\t\t\tevent   : evt,\n\t\t\t\t\t\tcallback: cb\n\t\t\t\t\t}\n\t\t\t\t);\n\t\t\t}\n\t\t}\n\t}\n})();\n<\/script><!-- Mailchimp for WordPress v4.10.9 - https:\/\/wordpress.org\/plugins\/mailchimp-for-wp\/ --><form id=\"mc4wp-form-1\" class=\"mc4wp-form mc4wp-form-263\" method=\"post\" data-id=\"263\" data-name=\"Newsletter-CTA\" ><div class=\"mc4wp-form-fields\"><p>\r\n\t<input type=\"text\" name=\"NAME\" placeholder=\"Ihr Name\" required \/>\r\n<\/p>\r\n<p>\r\n\t<input type=\"email\" name=\"EMAIL\" placeholder=\"Ihre E-Mail\" required \/>  \r\n<\/p>\r\n<p>\r\n\t<input type=\"submit\" value=\"Ja, das interessiert mich\" \/>  \r\n<\/p>\r\n<\/div><label style=\"display: none !important;\">Wenn du ein Mensch bist, lasse das Feld leer: <input type=\"text\" name=\"_mc4wp_honeypot\" value=\"\" tabindex=\"-1\" autocomplete=\"off\" \/><\/label><input type=\"hidden\" name=\"_mc4wp_timestamp\" value=\"1777045604\" \/><input type=\"hidden\" name=\"_mc4wp_form_id\" value=\"263\" \/><input type=\"hidden\" name=\"_mc4wp_form_element_id\" value=\"mc4wp-form-1\" \/><div class=\"mc4wp-response\"><\/div><\/form><!-- \/ Mailchimp for WordPress Plugin --><\/div>\n<p>[\/et_pb_cta][\/et_pb_column][\/et_pb_row][\/et_pb_section][et_pb_section fb_built=&#8220;1&#8243; module_class=&#8220;bottom-bar&#8220; _builder_version=&#8220;4.16&#8243; global_colors_info=&#8220;{}&#8220;][et_pb_row _builder_version=&#8220;4.16&#8243; background_size=&#8220;initial&#8220; background_position=&#8220;top_left&#8220; background_repeat=&#8220;repeat&#8220; global_colors_info=&#8220;{}&#8220;][et_pb_column type=&#8220;4_4&#8243; _builder_version=&#8220;4.16&#8243; custom_padding=&#8220;|||&#8220; global_colors_info=&#8220;{}&#8220; custom_padding__hover=&#8220;|||&#8220;][et_pb_divider color=&#8220;#ffffff&#8220; _builder_version=&#8220;4.16&#8243; global_colors_info=&#8220;{}&#8220;][\/et_pb_divider][\/et_pb_column][\/et_pb_row][\/et_pb_section]<\/p>\n<div class=\"shariff\"><ul class=\"shariff-buttons theme-default orientation-horizontal buttonsize-medium\"><li class=\"shariff-button facebook shariff-nocustomcolor\" style=\"background-color:#4273c8\"><a href=\"https:\/\/www.facebook.com\/sharer\/sharer.php?u=https%3A%2F%2Fashoka-ayurveda.com%2Fde%2Fayurveda-jobs%2F\" title=\"Bei Facebook teilen\" aria-label=\"Bei Facebook teilen\" role=\"button\" rel=\"nofollow\" class=\"shariff-link\" style=\"; background-color:#3b5998; color:#fff\" target=\"_blank\"><span class=\"shariff-icon\" style=\"\"><svg width=\"32px\" height=\"20px\" xmlns=\"http:\/\/www.w3.org\/2000\/svg\" viewBox=\"0 0 18 32\"><path fill=\"#3b5998\" d=\"M17.1 0.2v4.7h-2.8q-1.5 0-2.1 0.6t-0.5 1.9v3.4h5.2l-0.7 5.3h-4.5v13.6h-5.5v-13.6h-4.5v-5.3h4.5v-3.9q0-3.3 1.9-5.2t5-1.8q2.6 0 4.1 0.2z\"\/><\/svg><\/span><span class=\"shariff-text\">teilen<\/span>&nbsp;<\/a><\/li><li class=\"shariff-button twitter shariff-nocustomcolor\" style=\"background-color:#595959\"><a href=\"https:\/\/twitter.com\/share?url=https%3A%2F%2Fashoka-ayurveda.com%2Fde%2Fayurveda-jobs%2F&text=Stellenangebote\" title=\"Bei X teilen\" aria-label=\"Bei X teilen\" role=\"button\" rel=\"noopener nofollow\" class=\"shariff-link\" style=\"; background-color:#000; color:#fff\" target=\"_blank\"><span class=\"shariff-icon\" style=\"\"><svg width=\"32px\" height=\"20px\" xmlns=\"http:\/\/www.w3.org\/2000\/svg\" viewBox=\"0 0 24 24\"><path fill=\"#000\" d=\"M14.258 10.152L23.176 0h-2.113l-7.747 8.813L7.133 0H0l9.352 13.328L0 23.973h2.113l8.176-9.309 6.531 9.309h7.133zm-2.895 3.293l-.949-1.328L2.875 1.56h3.246l6.086 8.523.945 1.328 7.91 11.078h-3.246zm0 0\"\/><\/svg><\/span><span class=\"shariff-text\">teilen<\/span>&nbsp;<\/a><\/li><li class=\"shariff-button mailto shariff-nocustomcolor\" style=\"background-color:#a8a8a8\"><a href=\"mailto:?body=https%3A%2F%2Fashoka-ayurveda.com%2Fde%2Fayurveda-jobs%2F&subject=Stellenangebote\" title=\"Per E-Mail versenden\" aria-label=\"Per E-Mail versenden\" role=\"button\" rel=\"noopener nofollow\" class=\"shariff-link\" style=\"; background-color:#999; color:#fff\"><span class=\"shariff-icon\" style=\"\"><svg width=\"32px\" height=\"20px\" xmlns=\"http:\/\/www.w3.org\/2000\/svg\" viewBox=\"0 0 32 32\"><path fill=\"#999\" d=\"M32 12.7v14.2q0 1.2-0.8 2t-2 0.9h-26.3q-1.2 0-2-0.9t-0.8-2v-14.2q0.8 0.9 1.8 1.6 6.5 4.4 8.9 6.1 1 0.8 1.6 1.2t1.7 0.9 2 0.4h0.1q0.9 0 2-0.4t1.7-0.9 1.6-1.2q3-2.2 8.9-6.1 1-0.7 1.8-1.6zM32 7.4q0 1.4-0.9 2.7t-2.2 2.2q-6.7 4.7-8.4 5.8-0.2 0.1-0.7 0.5t-1 0.7-0.9 0.6-1.1 0.5-0.9 0.2h-0.1q-0.4 0-0.9-0.2t-1.1-0.5-0.9-0.6-1-0.7-0.7-0.5q-1.6-1.1-4.7-3.2t-3.6-2.6q-1.1-0.7-2.1-2t-1-2.5q0-1.4 0.7-2.3t2.1-0.9h26.3q1.2 0 2 0.8t0.9 2z\"\/><\/svg><\/span><span class=\"shariff-text\">E-Mail<\/span>&nbsp;<\/a><\/li><li class=\"shariff-button printer shariff-nocustomcolor\" style=\"background-color:#a8a8a8\"><a href=\"javascript:window.print()\" title=\"drucken\" aria-label=\"drucken\" role=\"button\" rel=\"noopener nofollow\" class=\"shariff-link\" style=\"; background-color:#999; color:#fff\"><span class=\"shariff-icon\" style=\"\"><svg width=\"32px\" height=\"20px\" xmlns=\"http:\/\/www.w3.org\/2000\/svg\" viewBox=\"0 0 30 32\"><path fill=\"#999\" d=\"M6.8 27.4h16v-4.6h-16v4.6zM6.8 16h16v-6.8h-2.8q-0.7 0-1.2-0.5t-0.5-1.2v-2.8h-11.4v11.4zM27.4 17.2q0-0.5-0.3-0.8t-0.8-0.4-0.8 0.4-0.3 0.8 0.3 0.8 0.8 0.3 0.8-0.3 0.3-0.8zM29.7 17.2v7.4q0 0.2-0.2 0.4t-0.4 0.2h-4v2.8q0 0.7-0.5 1.2t-1.2 0.5h-17.2q-0.7 0-1.2-0.5t-0.5-1.2v-2.8h-4q-0.2 0-0.4-0.2t-0.2-0.4v-7.4q0-1.4 1-2.4t2.4-1h1.2v-9.7q0-0.7 0.5-1.2t1.2-0.5h12q0.7 0 1.6 0.4t1.3 0.8l2.7 2.7q0.5 0.5 0.9 1.4t0.4 1.6v4.6h1.1q1.4 0 2.4 1t1 2.4z\"\/><\/svg><\/span><span class=\"shariff-text\">drucken<\/span>&nbsp;<\/a><\/li><\/ul><\/div>","protected":false},"excerpt":{"rendered":"<p>Ayurveda-Jobs bei Ashoka Als eine junge und dynamische Organisation sind wir immer daran interessiert, das beste verf\u00fcgbare Talent zu gewinnen, um unser Team zu erweitern und unseren Wachstum zu st\u00e4rken. Wir sind davon \u00fcberzeugt, dass die Qualit\u00e4t unserer Dienstleistung von der Qualit\u00e4t unserer Mitarbeiter abh\u00e4ngt und so bem\u00fchen wir uns, mit den Besten zu arbeiten. [&hellip;]<\/p>\n","protected":false},"author":1,"featured_media":0,"parent":0,"menu_order":0,"comment_status":"closed","ping_status":"closed","template":"","meta":{"_et_pb_use_builder":"on","_et_pb_old_content":"","_et_gb_content_width":"","inline_featured_image":false,"footnotes":""},"class_list":["post-328","page","type-page","status-publish","hentry"],"yoast_head":"<!-- This site is optimized with the Yoast SEO plugin v26.7 - https:\/\/yoast.com\/wordpress\/plugins\/seo\/ -->\n<title>Unsere Ayurveda Jobs f\u00fcr ihre Karriere bei uns \u2022 Ashoka<\/title>\n<meta name=\"description\" content=\"Sie m\u00f6chten bei Ashoka Karriere zu machen? Wir informieren Sie gerne \u00fcber vakante Stellen und freuen uns stets \u00fcber Initiativbewerbungen!\" \/>\n<meta name=\"robots\" content=\"index, follow, max-snippet:-1, max-image-preview:large, max-video-preview:-1\" \/>\n<link rel=\"canonical\" href=\"https:\/\/ashoka-ayurveda.com\/de\/ayurveda-jobs\/\" \/>\n<meta property=\"og:locale\" content=\"de_DE\" \/>\n<meta property=\"og:type\" content=\"article\" \/>\n<meta property=\"og:title\" content=\"Unsere Ayurveda Jobs f\u00fcr ihre Karriere bei uns \u2022 Ashoka\" \/>\n<meta property=\"og:description\" content=\"Sie m\u00f6chten bei Ashoka Karriere zu machen? Wir informieren Sie gerne \u00fcber vakante Stellen und freuen uns stets \u00fcber Initiativbewerbungen!\" \/>\n<meta property=\"og:url\" content=\"https:\/\/ashoka-ayurveda.com\/de\/ayurveda-jobs\/\" \/>\n<meta property=\"og:site_name\" content=\"Ashoka\" \/>\n<meta property=\"article:publisher\" content=\"https:\/\/www.facebook.com\/AshokaAyurveda\/\" \/>\n<meta property=\"article:modified_time\" content=\"2026-04-08T10:38:48+00:00\" \/>\n<meta property=\"og:image\" content=\"https:\/\/ashoka-ayurveda.com\/wp-content\/uploads\/2017\/10\/Ayurveda-Jobs.jpg\" \/>\n\t<meta property=\"og:image:width\" content=\"2048\" \/>\n\t<meta property=\"og:image:height\" content=\"1024\" \/>\n\t<meta property=\"og:image:type\" content=\"image\/jpeg\" \/>\n<meta name=\"twitter:card\" content=\"summary_large_image\" \/>\n<meta name=\"twitter:label1\" content=\"Gesch\u00e4tzte Lesezeit\" \/>\n\t<meta name=\"twitter:data1\" content=\"1\u00a0Minute\" \/>\n<script type=\"application\/ld+json\" class=\"yoast-schema-graph\">{\"@context\":\"https:\/\/schema.org\",\"@graph\":[{\"@type\":\"WebPage\",\"@id\":\"https:\/\/ashoka-ayurveda.com\/de\/ayurveda-jobs\/\",\"url\":\"https:\/\/ashoka-ayurveda.com\/de\/ayurveda-jobs\/\",\"name\":\"Unsere Ayurveda Jobs f\u00fcr ihre Karriere bei uns \u2022 Ashoka\",\"isPartOf\":{\"@id\":\"https:\/\/ashoka-ayurveda.com\/en\/#website\"},\"datePublished\":\"2017-10-27T14:49:31+00:00\",\"dateModified\":\"2026-04-08T10:38:48+00:00\",\"description\":\"Sie m\u00f6chten bei Ashoka Karriere zu machen? Wir informieren Sie gerne \u00fcber vakante Stellen und freuen uns stets \u00fcber Initiativbewerbungen!\",\"breadcrumb\":{\"@id\":\"https:\/\/ashoka-ayurveda.com\/de\/ayurveda-jobs\/#breadcrumb\"},\"inLanguage\":\"de\",\"potentialAction\":[{\"@type\":\"ReadAction\",\"target\":[\"https:\/\/ashoka-ayurveda.com\/de\/ayurveda-jobs\/\"]}]},{\"@type\":\"BreadcrumbList\",\"@id\":\"https:\/\/ashoka-ayurveda.com\/de\/ayurveda-jobs\/#breadcrumb\",\"itemListElement\":[{\"@type\":\"ListItem\",\"position\":1,\"name\":\"Startseite\",\"item\":\"https:\/\/ashoka-ayurveda.com\/de\/\"},{\"@type\":\"ListItem\",\"position\":2,\"name\":\"Stellenangebote\"}]},{\"@type\":\"WebSite\",\"@id\":\"https:\/\/ashoka-ayurveda.com\/en\/#website\",\"url\":\"https:\/\/ashoka-ayurveda.com\/en\/\",\"name\":\"Ashoka\",\"description\":\"Ayurveda auf Madeira\",\"potentialAction\":[{\"@type\":\"SearchAction\",\"target\":{\"@type\":\"EntryPoint\",\"urlTemplate\":\"https:\/\/ashoka-ayurveda.com\/en\/?s={search_term_string}\"},\"query-input\":{\"@type\":\"PropertyValueSpecification\",\"valueRequired\":true,\"valueName\":\"search_term_string\"}}],\"inLanguage\":\"de\"}]}<\/script>\n<!-- \/ Yoast SEO plugin. -->","yoast_head_json":{"title":"Unsere Ayurveda Jobs f\u00fcr ihre Karriere bei uns \u2022 Ashoka","description":"Sie m\u00f6chten bei Ashoka Karriere zu machen? Wir informieren Sie gerne \u00fcber vakante Stellen und freuen uns stets \u00fcber Initiativbewerbungen!","robots":{"index":"index","follow":"follow","max-snippet":"max-snippet:-1","max-image-preview":"max-image-preview:large","max-video-preview":"max-video-preview:-1"},"canonical":"https:\/\/ashoka-ayurveda.com\/de\/ayurveda-jobs\/","og_locale":"de_DE","og_type":"article","og_title":"Unsere Ayurveda Jobs f\u00fcr ihre Karriere bei uns \u2022 Ashoka","og_description":"Sie m\u00f6chten bei Ashoka Karriere zu machen? Wir informieren Sie gerne \u00fcber vakante Stellen und freuen uns stets \u00fcber Initiativbewerbungen!","og_url":"https:\/\/ashoka-ayurveda.com\/de\/ayurveda-jobs\/","og_site_name":"Ashoka","article_publisher":"https:\/\/www.facebook.com\/AshokaAyurveda\/","article_modified_time":"2026-04-08T10:38:48+00:00","og_image":[{"width":2048,"height":1024,"url":"https:\/\/ashoka-ayurveda.com\/wp-content\/uploads\/2017\/10\/Ayurveda-Jobs.jpg","type":"image\/jpeg"}],"twitter_card":"summary_large_image","twitter_misc":{"Gesch\u00e4tzte Lesezeit":"1\u00a0Minute"},"schema":{"@context":"https:\/\/schema.org","@graph":[{"@type":"WebPage","@id":"https:\/\/ashoka-ayurveda.com\/de\/ayurveda-jobs\/","url":"https:\/\/ashoka-ayurveda.com\/de\/ayurveda-jobs\/","name":"Unsere Ayurveda Jobs f\u00fcr ihre Karriere bei uns \u2022 Ashoka","isPartOf":{"@id":"https:\/\/ashoka-ayurveda.com\/en\/#website"},"datePublished":"2017-10-27T14:49:31+00:00","dateModified":"2026-04-08T10:38:48+00:00","description":"Sie m\u00f6chten bei Ashoka Karriere zu machen? Wir informieren Sie gerne \u00fcber vakante Stellen und freuen uns stets \u00fcber Initiativbewerbungen!","breadcrumb":{"@id":"https:\/\/ashoka-ayurveda.com\/de\/ayurveda-jobs\/#breadcrumb"},"inLanguage":"de","potentialAction":[{"@type":"ReadAction","target":["https:\/\/ashoka-ayurveda.com\/de\/ayurveda-jobs\/"]}]},{"@type":"BreadcrumbList","@id":"https:\/\/ashoka-ayurveda.com\/de\/ayurveda-jobs\/#breadcrumb","itemListElement":[{"@type":"ListItem","position":1,"name":"Startseite","item":"https:\/\/ashoka-ayurveda.com\/de\/"},{"@type":"ListItem","position":2,"name":"Stellenangebote"}]},{"@type":"WebSite","@id":"https:\/\/ashoka-ayurveda.com\/en\/#website","url":"https:\/\/ashoka-ayurveda.com\/en\/","name":"Ashoka","description":"Ayurveda auf Madeira","potentialAction":[{"@type":"SearchAction","target":{"@type":"EntryPoint","urlTemplate":"https:\/\/ashoka-ayurveda.com\/en\/?s={search_term_string}"},"query-input":{"@type":"PropertyValueSpecification","valueRequired":true,"valueName":"search_term_string"}}],"inLanguage":"de"}]}},"_links":{"self":[{"href":"https:\/\/ashoka-ayurveda.com\/de\/wp-json\/wp\/v2\/pages\/328","targetHints":{"allow":["GET"]}}],"collection":[{"href":"https:\/\/ashoka-ayurveda.com\/de\/wp-json\/wp\/v2\/pages"}],"about":[{"href":"https:\/\/ashoka-ayurveda.com\/de\/wp-json\/wp\/v2\/types\/page"}],"author":[{"embeddable":true,"href":"https:\/\/ashoka-ayurveda.com\/de\/wp-json\/wp\/v2\/users\/1"}],"replies":[{"embeddable":true,"href":"https:\/\/ashoka-ayurveda.com\/de\/wp-json\/wp\/v2\/comments?post=328"}],"version-history":[{"count":37,"href":"https:\/\/ashoka-ayurveda.com\/de\/wp-json\/wp\/v2\/pages\/328\/revisions"}],"predecessor-version":[{"id":26439,"href":"https:\/\/ashoka-ayurveda.com\/de\/wp-json\/wp\/v2\/pages\/328\/revisions\/26439"}],"wp:attachment":[{"href":"https:\/\/ashoka-ayurveda.com\/de\/wp-json\/wp\/v2\/media?parent=328"}],"curies":[{"name":"wp","href":"https:\/\/api.w.org\/{rel}","templated":true}]}}