{"id":315,"date":"2017-10-27T14:37:47","date_gmt":"2017-10-27T14:37:47","guid":{"rendered":"http:\/\/ashoka-ayurveda.com\/ashoka\/?page_id=315"},"modified":"2026-03-11T17:46:18","modified_gmt":"2026-03-11T15:46:18","slug":"madeira-spa-hotel","status":"publish","type":"page","link":"https:\/\/ashoka-ayurveda.com\/de\/madeira-spa-hotel\/","title":{"rendered":"Angebote im Hotel Galomar\/Madeira"},"content":{"rendered":"<p>[et_pb_section fb_built=&#8220;1&#8243; _builder_version=&#8220;4.16&#8243; global_colors_info=&#8220;{}&#8220;][et_pb_row module_class=&#8220;page-top-image&#8220; _builder_version=&#8220;4.16&#8243; global_colors_info=&#8220;{}&#8220;][et_pb_column type=&#8220;4_4&#8243; _builder_version=&#8220;4.16&#8243; custom_padding=&#8220;|||&#8220; global_colors_info=&#8220;{}&#8220; custom_padding__hover=&#8220;|||&#8220;][et_pb_text admin_label=&#8220;Treatments im Galomar-Hotel auf Madeira&#8220; _builder_version=&#8220;4.16&#8243; background_image=&#8220;https:\/\/ashoka-ayurveda.com\/wp-content\/uploads\/2018\/08\/GALOMAR_SPA_04072018_MG_1019_0200_lowres.jpg&#8220; background_position=&#8220;top_right&#8220; border_style_all=&#8220;solid&#8220; border_style=&#8220;solid&#8220; global_colors_info=&#8220;{}&#8220;]<\/p>\n<h1>Treatments im Galomar-Hotel auf Madeira<\/h1>\n<p>[\/et_pb_text][\/et_pb_column][\/et_pb_row][et_pb_row _builder_version=&#8220;4.16&#8243; background_size=&#8220;initial&#8220; background_position=&#8220;top_left&#8220; background_repeat=&#8220;repeat&#8220; global_colors_info=&#8220;{}&#8220;][et_pb_column type=&#8220;4_4&#8243; _builder_version=&#8220;4.16&#8243; custom_padding=&#8220;|||&#8220; global_colors_info=&#8220;{}&#8220; custom_padding__hover=&#8220;|||&#8220;][et_pb_text admin_label=&#8220;Die Galo Resort Hotels liegen an der Spitze einer Klippe an der S\u00fcdk\u00fcste der Ins&#8230;&#8220; _builder_version=&#8220;4.16&#8243; border_style_all=&#8220;solid&#8220; border_style=&#8220;solid&#8220; global_colors_info=&#8220;{}&#8220;]<\/p>\n<p>Die Galo Resort Hotels liegen an der Spitze einer Klippe an der S\u00fcdk\u00fcste der Insel, nur eine kurze Autofahrt vom Funchal International Airport \u201cChristiano Ronaldo\u201d entfernt. Das im Juli 2018 er\u00f6ffnete Wellness Hotel, Galomar, bietet somit einen einmaligen, erlebnisreichen Aufenthalt mit allen Dienstleistungen und Aktivit\u00e4ten. In dieser einzigartigen Atmosph\u00e4re geniessen Sie einen atemberaubendem Meerblick, privatem Ozeanstrand, einen modernen Sportkomplex sowie einem traumhaftem Spa mit diversen Saunen. Ihr Urlaub wird bei uns zu einem unvergesslichen Erlebnis.<\/p>\n<p>[\/et_pb_text][\/et_pb_column][\/et_pb_row][\/et_pb_section][et_pb_section fb_built=&#8220;1&#8243; _builder_version=&#8220;4.16&#8243; global_colors_info=&#8220;{}&#8220;][et_pb_row _builder_version=&#8220;4.16&#8243; background_size=&#8220;initial&#8220; background_position=&#8220;top_left&#8220; background_repeat=&#8220;repeat&#8220; global_colors_info=&#8220;{}&#8220;][et_pb_column type=&#8220;4_4&#8243; _builder_version=&#8220;4.16&#8243; custom_padding=&#8220;|||&#8220; global_colors_info=&#8220;{}&#8220; custom_padding__hover=&#8220;|||&#8220;][et_pb_image src=&#8220;https:\/\/ashoka-ayurveda.com\/wp-content\/uploads\/2018\/08\/GALOMAR_MODELOS_14072018_MG_2938_0349_lowres.jpg&#8220; alt=&#8220;Madeira Spa Hotel&#8220; align_tablet=&#8220;center&#8220; align_phone=&#8220;&#8220; align_last_edited=&#8220;on|desktop&#8220; _builder_version=&#8220;4.16&#8243; border_style_all=&#8220;solid&#8220; border_style=&#8220;solid&#8220; always_center_on_mobile=&#8220;on&#8220; global_colors_info=&#8220;{}&#8220;][\/et_pb_image][\/et_pb_column][\/et_pb_row][\/et_pb_section][et_pb_section fb_built=&#8220;1&#8243; _builder_version=&#8220;4.16&#8243; global_colors_info=&#8220;{}&#8220;][et_pb_row module_id=&#8220;#panchakarmakur&#8220; _builder_version=&#8220;4.16&#8243; global_colors_info=&#8220;{}&#8220;][et_pb_column type=&#8220;4_4&#8243; _builder_version=&#8220;4.16&#8243; custom_padding=&#8220;|||&#8220; global_colors_info=&#8220;{}&#8220; custom_padding__hover=&#8220;|||&#8220;][et_pb_text admin_label=&#8220;Das Wellness Hotel auf Madeira&#8220; _builder_version=&#8220;4.16&#8243; border_style=&#8220;solid&#8220; global_colors_info=&#8220;{}&#8220;]<\/p>\n<h2>Das Wellness Hotel auf Madeira<\/h2>\n<p>[\/et_pb_text][et_pb_text admin_label=&#8220;Das auf Yoga- und Wellness-Urlauber spezialisierte Hotel ist zudem zu 100 % ener&#8230;&#8220; _builder_version=&#8220;4.16&#8243; border_style_all=&#8220;solid&#8220; border_style=&#8220;solid&#8220; global_colors_info=&#8220;{}&#8220;]<\/p>\n<p>Das auf Yoga- und Wellness-Urlauber spezialisierte Hotel ist zudem zu 100 % energieautark und damit Vorreiter in Sachen Nachhaltigkeit sowie das erste Green Hotel Madeiras. Wir offerieren Ihnen in dem Madeira Spa Hotel ganzheitliche Erholung, auf Basis der f\u00fcnf Elemente (Luft, Raum, Feuer, Wasser und Erde) im Einklang mit traditionellen ayurvedischen und europ\u00e4ischen Behandlungen.<span style=\"font-size: 18px;\">\u00a0<\/span><\/p>\n<p>[\/et_pb_text][\/et_pb_column][\/et_pb_row][\/et_pb_section][et_pb_section fb_built=&#8220;1&#8243; _builder_version=&#8220;4.16&#8243; global_colors_info=&#8220;{}&#8220;][et_pb_row _builder_version=&#8220;4.16&#8243; background_size=&#8220;initial&#8220; background_position=&#8220;top_left&#8220; background_repeat=&#8220;repeat&#8220; global_colors_info=&#8220;{}&#8220;][et_pb_column type=&#8220;4_4&#8243; _builder_version=&#8220;4.16&#8243; custom_padding=&#8220;|||&#8220; global_colors_info=&#8220;{}&#8220; custom_padding__hover=&#8220;|||&#8220;][et_pb_image src=&#8220;https:\/\/ashoka-ayurveda.com\/wp-content\/uploads\/2018\/08\/GALOMAR-PISCINA_11072018_MG_1627_0028_lowres.jpg&#8220; alt=&#8220;Madeira Spa Hotel&#8220; align_tablet=&#8220;center&#8220; align_phone=&#8220;&#8220; align_last_edited=&#8220;on|desktop&#8220; _builder_version=&#8220;4.16&#8243; border_style_all=&#8220;solid&#8220; border_style=&#8220;solid&#8220; always_center_on_mobile=&#8220;on&#8220; global_colors_info=&#8220;{}&#8220;][\/et_pb_image][\/et_pb_column][\/et_pb_row][\/et_pb_section][et_pb_section fb_built=&#8220;1&#8243; _builder_version=&#8220;4.16&#8243; global_colors_info=&#8220;{}&#8220;][et_pb_row module_id=&#8220;ayurveda-tageskur&#8220; _builder_version=&#8220;4.16&#8243; global_colors_info=&#8220;{}&#8220;][et_pb_column type=&#8220;4_4&#8243; _builder_version=&#8220;4.16&#8243; custom_padding=&#8220;|||&#8220; global_colors_info=&#8220;{}&#8220; custom_padding__hover=&#8220;|||&#8220;][et_pb_text admin_label=&#8220;Erfahren Sie mehr zu unseren Spa Treatments im Hotel Galomar auf Madeira \/ Portu&#8230;&#8220; _builder_version=&#8220;4.16&#8243; border_style_all=&#8220;solid&#8220; border_style=&#8220;solid&#8220; global_colors_info=&#8220;{}&#8220;]<\/p>\n<h2>Erfahren Sie mehr zu unseren Spa Treatments im Hotel Galomar auf Madeira \/ Portugal:<\/h2>\n<p>[\/et_pb_text][et_pb_button button_url=&#8220;https:\/\/ashoka-ayurveda.com\/wp-content\/uploads\/2025\/11\/GER_Galomar_Spa_Preisliste_OKT25_DIGITAL.pdf&#8220; url_new_window=&#8220;on&#8220; button_text=&#8220;Download: Aktuelle Preisliste&#8220; admin_label=&#8220;Download: Aktuelle Preisliste&#8220; _builder_version=&#8220;4.23.4&#8243; global_colors_info=&#8220;{}&#8220; button_text_size__hover_enabled=&#8220;off&#8220; button_one_text_size__hover_enabled=&#8220;off&#8220; button_two_text_size__hover_enabled=&#8220;off&#8220; button_text_color__hover_enabled=&#8220;off&#8220; button_one_text_color__hover_enabled=&#8220;off&#8220; button_two_text_color__hover_enabled=&#8220;off&#8220; button_border_width__hover_enabled=&#8220;off&#8220; button_one_border_width__hover_enabled=&#8220;off&#8220; button_two_border_width__hover_enabled=&#8220;off&#8220; button_border_color__hover_enabled=&#8220;off&#8220; button_one_border_color__hover_enabled=&#8220;off&#8220; button_two_border_color__hover_enabled=&#8220;off&#8220; button_border_radius__hover_enabled=&#8220;off&#8220; button_one_border_radius__hover_enabled=&#8220;off&#8220; button_two_border_radius__hover_enabled=&#8220;off&#8220; button_letter_spacing__hover_enabled=&#8220;off&#8220; button_one_letter_spacing__hover_enabled=&#8220;off&#8220; button_two_letter_spacing__hover_enabled=&#8220;off&#8220; button_bg_color__hover_enabled=&#8220;off&#8220; button_one_bg_color__hover_enabled=&#8220;off&#8220; button_two_bg_color__hover_enabled=&#8220;off&#8220;][\/et_pb_button][\/et_pb_column][\/et_pb_row][\/et_pb_section][et_pb_section fb_built=&#8220;1&#8243; module_class=&#8220;enquiry-form&#8220; _builder_version=&#8220;4.16&#8243; global_colors_info=&#8220;{}&#8220;][et_pb_row _builder_version=&#8220;4.16&#8243; background_size=&#8220;initial&#8220; background_position=&#8220;top_left&#8220; background_repeat=&#8220;repeat&#8220; global_colors_info=&#8220;{}&#8220;][et_pb_column type=&#8220;4_4&#8243; _builder_version=&#8220;4.16&#8243; custom_padding=&#8220;|||&#8220; global_colors_info=&#8220;{}&#8220; custom_padding__hover=&#8220;|||&#8220;][et_pb_text admin_label=&#8220;Genie\u00dfen Sie unsere ayurvedischen Spa-Treatments im Wellness Hotel, Galomar, auf&#8230;&#8220; _builder_version=&#8220;4.16&#8243; border_style_all=&#8220;solid&#8220; border_style=&#8220;solid&#8220; global_colors_info=&#8220;{}&#8220;]<\/p>\n<h3>Genie\u00dfen Sie unsere ayurvedischen Spa-Treatments im Wellness Hotel, Galomar, auf Madeira.<\/h3>\n<p>[\/et_pb_text][et_pb_text admin_label=&#8220;Um f\u00fcr Ihre Gesundheit&#8230;&#8220; _builder_version=&#8220;4.16&#8243; border_style=&#8220;solid&#8220; global_colors_info=&#8220;{}&#8220;]Um f\u00fcr Ihre Gesundheit und Ihren Terminkalender das optimale Angebot herauszufinden, hilft Ihnen unser unverbindliches Anfrageformular. Wir pr\u00fcfen f\u00fcr Sie die aktuelle Verf\u00fcgbarkeit und machen Ihnen gern ein individuelles Angebot.<br \/>\n[\/et_pb_text][et_pb_code _builder_version=&#8220;4.27.5&#8243; hover_enabled=&#8220;0&#8243; global_colors_info=&#8220;{}&#8220; sticky_enabled=&#8220;0&#8243;]\n<div class=\"wpcf7 no-js\" id=\"wpcf7-f600-o1\" lang=\"de-DE\" dir=\"ltr\" data-wpcf7-id=\"600\">\n<div class=\"screen-reader-response\"><p role=\"status\" aria-live=\"polite\" aria-atomic=\"true\"><\/p> <ul><\/ul><\/div>\n<form action=\"\/de\/wp-json\/wp\/v2\/pages\/315#wpcf7-f600-o1\" method=\"post\" class=\"wpcf7-form init\" aria-label=\"Kontaktformular\" novalidate=\"novalidate\" data-status=\"init\">\n<fieldset class=\"hidden-fields-container\"><input type=\"hidden\" name=\"_wpcf7\" value=\"600\" \/><input type=\"hidden\" name=\"_wpcf7_version\" value=\"6.1.4\" \/><input type=\"hidden\" name=\"_wpcf7_locale\" value=\"de_DE\" \/><input type=\"hidden\" name=\"_wpcf7_unit_tag\" value=\"wpcf7-f600-o1\" \/><input type=\"hidden\" name=\"_wpcf7_container_post\" value=\"0\" \/><input type=\"hidden\" name=\"_wpcf7_posted_data_hash\" value=\"\" \/>\n<\/fieldset>\n<div class=\"form-row\">\n\t<div class=\"form-col-50\">\n\t\t<p><span class=\"wpcf7-form-control-wrap\" data-name=\"vorname\"><input size=\"40\" maxlength=\"400\" class=\"wpcf7-form-control wpcf7-text wpcf7-validates-as-required\" aria-required=\"true\" aria-invalid=\"false\" placeholder=\"Ihr Vorname*\" value=\"\" type=\"text\" name=\"vorname\" \/><\/span>\n\t\t<\/p>\n\t<\/div>\n\t<div class=\"form-col-50\">\n\t\t<p><span class=\"wpcf7-form-control-wrap\" data-name=\"nachname\"><input size=\"40\" maxlength=\"400\" class=\"wpcf7-form-control wpcf7-text wpcf7-validates-as-required\" aria-required=\"true\" aria-invalid=\"false\" placeholder=\"Ihr Nachname*\" value=\"\" type=\"text\" name=\"nachname\" \/><\/span>\n\t\t<\/p>\n\t<\/div>\n<\/div>\n<div class=\"form-row\">\n\t<div class=\"form-col-50\">\n\t\t<p><span class=\"wpcf7-form-control-wrap\" data-name=\"telefon\"><input size=\"40\" maxlength=\"400\" class=\"wpcf7-form-control wpcf7-tel wpcf7-text wpcf7-validates-as-tel\" aria-invalid=\"false\" placeholder=\"ggf. Telefonnr. f\u00fcr R\u00fcckfragen\" value=\"\" type=\"tel\" name=\"telefon\" \/><\/span>\n\t\t<\/p>\n\t<\/div>\n\t<div class=\"form-col-50\">\n\t\t<p><span class=\"wpcf7-form-control-wrap\" data-name=\"email\"><input size=\"40\" maxlength=\"400\" class=\"wpcf7-form-control wpcf7-email wpcf7-validates-as-required wpcf7-text wpcf7-validates-as-email\" aria-required=\"true\" aria-invalid=\"false\" placeholder=\"Ihre E-Mail*\" value=\"\" type=\"email\" name=\"email\" \/><\/span>\n\t\t<\/p>\n\t<\/div>\n<\/div>\n<div class=\"form-row\">\n\t<div class=\"form-col-100\">\n\t\t<p><label for=\"\">Anzahl der Personen*:<\/label><span class=\"wpcf7-form-control-wrap\" data-name=\"personen\"><input class=\"wpcf7-form-control wpcf7-number wpcf7-validates-as-required wpcf7-validates-as-number\" id=\"personen\" min=\"1\" aria-required=\"true\" aria-invalid=\"false\" value=\"\" type=\"number\" name=\"personen\" \/><\/span>\n\t\t<\/p>\n\t<\/div>\n<\/div>\n<div class=\"form-row\">\n\t<div class=\"form-col-100\">\n\t\t<p><span><label for=\"\">Gew\u00fcnschtes Datum*:<\/label><span class=\"wpcf7-form-control-wrap\" data-name=\"wunschdatum\"><input size=\"40\" maxlength=\"400\" class=\"wpcf7-form-control wpcf7-text wpcf7-validates-as-required time\" id=\"wunschdatum\" aria-required=\"true\" aria-invalid=\"false\" placeholder=\"TT.MM.JJ\" value=\"\" type=\"text\" name=\"wunschdatum\" \/><\/span><\/span>\n\t\t<\/p>\n\t<\/div>\n<\/div>\n<div class=\"form-row\">\n\t<div class=\"form-col-100\">\n\t\t<p><strong>F\u00fcr welches Treatment interessieren Sie sich? <\/strong><br \/>\nF\u00fcr Details siehe <a href=\"https:\/\/ashoka-ayurveda.com\/wp-content\/uploads\/2025\/11\/GER_Galomar_Spa_Preisliste_OKT25_DIGITAL.pdf\" target=\"_blank\">aktuelle Preisliste<\/a>\n\t\t<\/p>\n\t\t<p><span class=\"wpcf7-form-control-wrap\" data-name=\"textarea-578\"><textarea cols=\"40\" rows=\"10\" maxlength=\"2000\" class=\"wpcf7-form-control wpcf7-textarea\" aria-invalid=\"false\" name=\"textarea-578\"><\/textarea><\/span>\n\t\t<\/p>\n\t\t<p style=\"font-size: .8rem;\">Senden Sie das Formular, erteilen Sie die Einwilligung zur Bearbeitung Ihrer personenbezogenen Daten im Rahmen unserer <a href=\"\/datenschutz\">Datenschutzerkl\u00e4rung<\/a>. Diese Einwilligung k\u00f6nnen Sie jederzeit formlos widerrufen, etwa \u00fcber das Kontaktformular oder per E-Mail. Der Widerruf ber\u00fchrt die Rechtm\u00e4\u00dfigkeit der bis dahin vorgenommenen Datenverarbeitung nicht.\n\t\t<\/p>\n\t<\/div>\n<\/div>\n<div class=\"form-row\">\n\t<div class=\"form-col-100\">\n\t\t<p><span class=\"wpcf7-form-control-wrap\" data-name=\"website\"><input size=\"40\" maxlength=\"400\" class=\"wpcf7-form-control wpcf7-text screen-reader-response\" id=\"nicht-loeschen\" aria-invalid=\"false\" value=\"\" type=\"text\" name=\"website\" \/><\/span><br \/>\n<input class=\"wpcf7-form-control wpcf7-submit has-spinner\" type=\"submit\" value=\"Unverbindliche Anfrage absenden\" \/>\n\t\t<\/p>\n\t<\/div>\n<\/div><div class=\"wpcf7-response-output\" aria-hidden=\"true\"><\/div>\n<\/form>\n<\/div>\n[\/et_pb_code][\/et_pb_column][\/et_pb_row][\/et_pb_section]<\/p>\n<div class=\"shariff\"><ul class=\"shariff-buttons theme-default orientation-horizontal buttonsize-medium\"><li class=\"shariff-button facebook shariff-nocustomcolor\" style=\"background-color:#4273c8\"><a href=\"https:\/\/www.facebook.com\/sharer\/sharer.php?u=https%3A%2F%2Fashoka-ayurveda.com%2Fde%2Fmadeira-spa-hotel%2F\" title=\"Bei Facebook teilen\" aria-label=\"Bei Facebook teilen\" role=\"button\" rel=\"nofollow\" class=\"shariff-link\" style=\"; background-color:#3b5998; color:#fff\" target=\"_blank\"><span class=\"shariff-icon\" style=\"\"><svg width=\"32px\" height=\"20px\" xmlns=\"http:\/\/www.w3.org\/2000\/svg\" viewBox=\"0 0 18 32\"><path fill=\"#3b5998\" d=\"M17.1 0.2v4.7h-2.8q-1.5 0-2.1 0.6t-0.5 1.9v3.4h5.2l-0.7 5.3h-4.5v13.6h-5.5v-13.6h-4.5v-5.3h4.5v-3.9q0-3.3 1.9-5.2t5-1.8q2.6 0 4.1 0.2z\"\/><\/svg><\/span><span class=\"shariff-text\">teilen<\/span>&nbsp;<\/a><\/li><li class=\"shariff-button twitter shariff-nocustomcolor\" style=\"background-color:#595959\"><a href=\"https:\/\/twitter.com\/share?url=https%3A%2F%2Fashoka-ayurveda.com%2Fde%2Fmadeira-spa-hotel%2F&text=Angebote%20im%20Hotel%20Galomar%2FMadeira\" title=\"Bei X teilen\" aria-label=\"Bei X teilen\" role=\"button\" rel=\"noopener nofollow\" class=\"shariff-link\" style=\"; background-color:#000; color:#fff\" target=\"_blank\"><span class=\"shariff-icon\" style=\"\"><svg width=\"32px\" height=\"20px\" xmlns=\"http:\/\/www.w3.org\/2000\/svg\" viewBox=\"0 0 24 24\"><path fill=\"#000\" d=\"M14.258 10.152L23.176 0h-2.113l-7.747 8.813L7.133 0H0l9.352 13.328L0 23.973h2.113l8.176-9.309 6.531 9.309h7.133zm-2.895 3.293l-.949-1.328L2.875 1.56h3.246l6.086 8.523.945 1.328 7.91 11.078h-3.246zm0 0\"\/><\/svg><\/span><span class=\"shariff-text\">teilen<\/span>&nbsp;<\/a><\/li><li class=\"shariff-button mailto shariff-nocustomcolor\" style=\"background-color:#a8a8a8\"><a href=\"mailto:?body=https%3A%2F%2Fashoka-ayurveda.com%2Fde%2Fmadeira-spa-hotel%2F&subject=Angebote%20im%20Hotel%20Galomar%2FMadeira\" title=\"Per E-Mail versenden\" aria-label=\"Per E-Mail versenden\" role=\"button\" rel=\"noopener nofollow\" class=\"shariff-link\" style=\"; background-color:#999; color:#fff\"><span class=\"shariff-icon\" style=\"\"><svg width=\"32px\" height=\"20px\" xmlns=\"http:\/\/www.w3.org\/2000\/svg\" viewBox=\"0 0 32 32\"><path fill=\"#999\" d=\"M32 12.7v14.2q0 1.2-0.8 2t-2 0.9h-26.3q-1.2 0-2-0.9t-0.8-2v-14.2q0.8 0.9 1.8 1.6 6.5 4.4 8.9 6.1 1 0.8 1.6 1.2t1.7 0.9 2 0.4h0.1q0.9 0 2-0.4t1.7-0.9 1.6-1.2q3-2.2 8.9-6.1 1-0.7 1.8-1.6zM32 7.4q0 1.4-0.9 2.7t-2.2 2.2q-6.7 4.7-8.4 5.8-0.2 0.1-0.7 0.5t-1 0.7-0.9 0.6-1.1 0.5-0.9 0.2h-0.1q-0.4 0-0.9-0.2t-1.1-0.5-0.9-0.6-1-0.7-0.7-0.5q-1.6-1.1-4.7-3.2t-3.6-2.6q-1.1-0.7-2.1-2t-1-2.5q0-1.4 0.7-2.3t2.1-0.9h26.3q1.2 0 2 0.8t0.9 2z\"\/><\/svg><\/span><span class=\"shariff-text\">E-Mail<\/span>&nbsp;<\/a><\/li><li class=\"shariff-button printer shariff-nocustomcolor\" style=\"background-color:#a8a8a8\"><a href=\"javascript:window.print()\" title=\"drucken\" aria-label=\"drucken\" role=\"button\" rel=\"noopener nofollow\" class=\"shariff-link\" style=\"; background-color:#999; color:#fff\"><span class=\"shariff-icon\" style=\"\"><svg width=\"32px\" height=\"20px\" xmlns=\"http:\/\/www.w3.org\/2000\/svg\" viewBox=\"0 0 30 32\"><path fill=\"#999\" d=\"M6.8 27.4h16v-4.6h-16v4.6zM6.8 16h16v-6.8h-2.8q-0.7 0-1.2-0.5t-0.5-1.2v-2.8h-11.4v11.4zM27.4 17.2q0-0.5-0.3-0.8t-0.8-0.4-0.8 0.4-0.3 0.8 0.3 0.8 0.8 0.3 0.8-0.3 0.3-0.8zM29.7 17.2v7.4q0 0.2-0.2 0.4t-0.4 0.2h-4v2.8q0 0.7-0.5 1.2t-1.2 0.5h-17.2q-0.7 0-1.2-0.5t-0.5-1.2v-2.8h-4q-0.2 0-0.4-0.2t-0.2-0.4v-7.4q0-1.4 1-2.4t2.4-1h1.2v-9.7q0-0.7 0.5-1.2t1.2-0.5h12q0.7 0 1.6 0.4t1.3 0.8l2.7 2.7q0.5 0.5 0.9 1.4t0.4 1.6v4.6h1.1q1.4 0 2.4 1t1 2.4z\"\/><\/svg><\/span><span class=\"shariff-text\">drucken<\/span>&nbsp;<\/a><\/li><\/ul><\/div>","protected":false},"excerpt":{"rendered":"<p>Treatments im Galomar-Hotel auf Madeira Die Galo Resort Hotels liegen an der Spitze einer Klippe an der S\u00fcdk\u00fcste der Insel, nur eine kurze Autofahrt vom Funchal International Airport \u201cChristiano Ronaldo\u201d entfernt. Das im Juli 2018 er\u00f6ffnete Wellness Hotel, Galomar, bietet somit einen einmaligen, erlebnisreichen Aufenthalt mit allen Dienstleistungen und Aktivit\u00e4ten. In dieser einzigartigen Atmosph\u00e4re geniessen [&hellip;]<\/p>\n","protected":false},"author":1,"featured_media":0,"parent":0,"menu_order":0,"comment_status":"closed","ping_status":"closed","template":"","meta":{"_et_pb_use_builder":"on","_et_pb_old_content":"","_et_gb_content_width":"","inline_featured_image":false,"footnotes":""},"class_list":["post-315","page","type-page","status-publish","hentry"],"yoast_head":"<!-- This site is optimized with the Yoast SEO plugin v26.7 - https:\/\/yoast.com\/wordpress\/plugins\/seo\/ -->\n<title>Madeira Spa Hotel f\u00fcr Ihr Wellness-Treatment \u2022 Ashoka Portugal<\/title>\n<meta name=\"description\" content=\"Wir verw\u00f6hnen Sie mit unseren Wellness-Treatments, die keine W\u00fcnsche offen lassen. Mit Massagen und Beauty-Angeboten k\u00f6nnen Sie ins Tr\u00e4umen geraten.\" \/>\n<meta name=\"robots\" content=\"index, follow, max-snippet:-1, max-image-preview:large, max-video-preview:-1\" \/>\n<link rel=\"canonical\" href=\"https:\/\/ashoka-ayurveda.com\/en\/madeira-spa-hotel\/\" \/>\n<meta property=\"og:locale\" content=\"de_DE\" \/>\n<meta property=\"og:type\" content=\"article\" \/>\n<meta property=\"og:title\" content=\"Madeira Spa Hotel f\u00fcr Ihr Wellness-Treatment \u2022 Ashoka Portugal\" \/>\n<meta property=\"og:description\" content=\"Wir verw\u00f6hnen Sie mit unseren Wellness-Treatments, die keine W\u00fcnsche offen lassen. Mit Massagen und Beauty-Angeboten k\u00f6nnen Sie ins Tr\u00e4umen geraten.\" \/>\n<meta property=\"og:url\" content=\"https:\/\/ashoka-ayurveda.com\/en\/madeira-spa-hotel\/\" \/>\n<meta property=\"og:site_name\" content=\"Ashoka\" \/>\n<meta property=\"article:publisher\" content=\"https:\/\/www.facebook.com\/AshokaAyurveda\/\" \/>\n<meta property=\"article:modified_time\" content=\"2026-03-11T15:46:18+00:00\" \/>\n<meta name=\"twitter:card\" content=\"summary_large_image\" \/>\n<meta name=\"twitter:label1\" content=\"Gesch\u00e4tzte Lesezeit\" \/>\n\t<meta name=\"twitter:data1\" content=\"2\u00a0Minuten\" \/>\n<script type=\"application\/ld+json\" class=\"yoast-schema-graph\">{\"@context\":\"https:\/\/schema.org\",\"@graph\":[{\"@type\":\"WebPage\",\"@id\":\"https:\/\/ashoka-ayurveda.com\/en\/madeira-spa-hotel\/\",\"url\":\"https:\/\/ashoka-ayurveda.com\/en\/madeira-spa-hotel\/\",\"name\":\"Madeira Spa Hotel f\u00fcr Ihr Wellness-Treatment \u2022 Ashoka Portugal\",\"isPartOf\":{\"@id\":\"https:\/\/ashoka-ayurveda.com\/en\/#website\"},\"datePublished\":\"2017-10-27T14:37:47+00:00\",\"dateModified\":\"2026-03-11T15:46:18+00:00\",\"description\":\"Wir verw\u00f6hnen Sie mit unseren Wellness-Treatments, die keine W\u00fcnsche offen lassen. Mit Massagen und Beauty-Angeboten k\u00f6nnen Sie ins Tr\u00e4umen geraten.\",\"breadcrumb\":{\"@id\":\"https:\/\/ashoka-ayurveda.com\/en\/madeira-spa-hotel\/#breadcrumb\"},\"inLanguage\":\"de\",\"potentialAction\":[{\"@type\":\"ReadAction\",\"target\":[\"https:\/\/ashoka-ayurveda.com\/en\/madeira-spa-hotel\/\"]}]},{\"@type\":\"BreadcrumbList\",\"@id\":\"https:\/\/ashoka-ayurveda.com\/en\/madeira-spa-hotel\/#breadcrumb\",\"itemListElement\":[{\"@type\":\"ListItem\",\"position\":1,\"name\":\"Startseite\",\"item\":\"https:\/\/ashoka-ayurveda.com\/de\/\"},{\"@type\":\"ListItem\",\"position\":2,\"name\":\"Angebote im Hotel Galomar\/Madeira\"}]},{\"@type\":\"WebSite\",\"@id\":\"https:\/\/ashoka-ayurveda.com\/en\/#website\",\"url\":\"https:\/\/ashoka-ayurveda.com\/en\/\",\"name\":\"Ashoka\",\"description\":\"Ayurveda auf Madeira\",\"potentialAction\":[{\"@type\":\"SearchAction\",\"target\":{\"@type\":\"EntryPoint\",\"urlTemplate\":\"https:\/\/ashoka-ayurveda.com\/en\/?s={search_term_string}\"},\"query-input\":{\"@type\":\"PropertyValueSpecification\",\"valueRequired\":true,\"valueName\":\"search_term_string\"}}],\"inLanguage\":\"de\"}]}<\/script>\n<!-- \/ Yoast SEO plugin. -->","yoast_head_json":{"title":"Madeira Spa Hotel f\u00fcr Ihr Wellness-Treatment \u2022 Ashoka Portugal","description":"Wir verw\u00f6hnen Sie mit unseren Wellness-Treatments, die keine W\u00fcnsche offen lassen. Mit Massagen und Beauty-Angeboten k\u00f6nnen Sie ins Tr\u00e4umen geraten.","robots":{"index":"index","follow":"follow","max-snippet":"max-snippet:-1","max-image-preview":"max-image-preview:large","max-video-preview":"max-video-preview:-1"},"canonical":"https:\/\/ashoka-ayurveda.com\/en\/madeira-spa-hotel\/","og_locale":"de_DE","og_type":"article","og_title":"Madeira Spa Hotel f\u00fcr Ihr Wellness-Treatment \u2022 Ashoka Portugal","og_description":"Wir verw\u00f6hnen Sie mit unseren Wellness-Treatments, die keine W\u00fcnsche offen lassen. Mit Massagen und Beauty-Angeboten k\u00f6nnen Sie ins Tr\u00e4umen geraten.","og_url":"https:\/\/ashoka-ayurveda.com\/en\/madeira-spa-hotel\/","og_site_name":"Ashoka","article_publisher":"https:\/\/www.facebook.com\/AshokaAyurveda\/","article_modified_time":"2026-03-11T15:46:18+00:00","twitter_card":"summary_large_image","twitter_misc":{"Gesch\u00e4tzte Lesezeit":"2\u00a0Minuten"},"schema":{"@context":"https:\/\/schema.org","@graph":[{"@type":"WebPage","@id":"https:\/\/ashoka-ayurveda.com\/en\/madeira-spa-hotel\/","url":"https:\/\/ashoka-ayurveda.com\/en\/madeira-spa-hotel\/","name":"Madeira Spa Hotel f\u00fcr Ihr Wellness-Treatment \u2022 Ashoka Portugal","isPartOf":{"@id":"https:\/\/ashoka-ayurveda.com\/en\/#website"},"datePublished":"2017-10-27T14:37:47+00:00","dateModified":"2026-03-11T15:46:18+00:00","description":"Wir verw\u00f6hnen Sie mit unseren Wellness-Treatments, die keine W\u00fcnsche offen lassen. Mit Massagen und Beauty-Angeboten k\u00f6nnen Sie ins Tr\u00e4umen geraten.","breadcrumb":{"@id":"https:\/\/ashoka-ayurveda.com\/en\/madeira-spa-hotel\/#breadcrumb"},"inLanguage":"de","potentialAction":[{"@type":"ReadAction","target":["https:\/\/ashoka-ayurveda.com\/en\/madeira-spa-hotel\/"]}]},{"@type":"BreadcrumbList","@id":"https:\/\/ashoka-ayurveda.com\/en\/madeira-spa-hotel\/#breadcrumb","itemListElement":[{"@type":"ListItem","position":1,"name":"Startseite","item":"https:\/\/ashoka-ayurveda.com\/de\/"},{"@type":"ListItem","position":2,"name":"Angebote im Hotel Galomar\/Madeira"}]},{"@type":"WebSite","@id":"https:\/\/ashoka-ayurveda.com\/en\/#website","url":"https:\/\/ashoka-ayurveda.com\/en\/","name":"Ashoka","description":"Ayurveda auf Madeira","potentialAction":[{"@type":"SearchAction","target":{"@type":"EntryPoint","urlTemplate":"https:\/\/ashoka-ayurveda.com\/en\/?s={search_term_string}"},"query-input":{"@type":"PropertyValueSpecification","valueRequired":true,"valueName":"search_term_string"}}],"inLanguage":"de"}]}},"_links":{"self":[{"href":"https:\/\/ashoka-ayurveda.com\/de\/wp-json\/wp\/v2\/pages\/315","targetHints":{"allow":["GET"]}}],"collection":[{"href":"https:\/\/ashoka-ayurveda.com\/de\/wp-json\/wp\/v2\/pages"}],"about":[{"href":"https:\/\/ashoka-ayurveda.com\/de\/wp-json\/wp\/v2\/types\/page"}],"author":[{"embeddable":true,"href":"https:\/\/ashoka-ayurveda.com\/de\/wp-json\/wp\/v2\/users\/1"}],"replies":[{"embeddable":true,"href":"https:\/\/ashoka-ayurveda.com\/de\/wp-json\/wp\/v2\/comments?post=315"}],"version-history":[{"count":16,"href":"https:\/\/ashoka-ayurveda.com\/de\/wp-json\/wp\/v2\/pages\/315\/revisions"}],"predecessor-version":[{"id":26048,"href":"https:\/\/ashoka-ayurveda.com\/de\/wp-json\/wp\/v2\/pages\/315\/revisions\/26048"}],"wp:attachment":[{"href":"https:\/\/ashoka-ayurveda.com\/de\/wp-json\/wp\/v2\/media?parent=315"}],"curies":[{"name":"wp","href":"https:\/\/api.w.org\/{rel}","templated":true}]}}