{"id":126,"date":"2017-09-26T14:55:44","date_gmt":"2017-09-26T14:55:44","guid":{"rendered":"http:\/\/ashoka-ayurveda.com\/ashoka\/?page_id=126"},"modified":"2024-10-09T12:50:42","modified_gmt":"2024-10-09T10:50:42","slug":"impressum","status":"publish","type":"page","link":"https:\/\/ashoka-ayurveda.com\/de\/impressum\/","title":{"rendered":"Impressum"},"content":{"rendered":"<p>[et_pb_section fb_built=&#8220;1&#8243; admin_label=&#8220;Sektion&#8220; _builder_version=&#8220;4.16&#8243; collapsed=&#8220;off&#8220; global_colors_info=&#8220;{}&#8220;][et_pb_row _builder_version=&#8220;4.16&#8243; background_size=&#8220;initial&#8220; background_position=&#8220;top_left&#8220; background_repeat=&#8220;repeat&#8220; collapsed=&#8220;off&#8220; global_colors_info=&#8220;{}&#8220;][et_pb_column type=&#8220;4_4&#8243; _builder_version=&#8220;4.16&#8243; custom_padding=&#8220;|||&#8220; global_colors_info=&#8220;{}&#8220; custom_padding__hover=&#8220;|||&#8220;][et_pb_text admin_label=&#8220;Impressum&#8220; _builder_version=&#8220;4.23.4&#8243; hover_enabled=&#8220;0&#8243; border_style=&#8220;solid&#8220; global_colors_info=&#8220;{}&#8220; sticky_enabled=&#8220;0&#8243;]<\/p>\n<h1>Impressum<\/h1>\n<p>Refugio dos Sonhos Lda.<br \/>Cam. Fonte do Livramento No. 52<br \/>9125-065 Canico de Baixo\/Madeira<\/p>\n<p>Tel.: (+351) 291 930 948<br \/>E-Mail: m&#97;&#x75;&#x72;i&#99;&#101;&#x2e;&#x6d;o&#117;&#107;&#x6f;&#x6d;&#64;&#97;&#x73;&#x68;&#x6f;k&#97;&#x2d;&#x61;y&#117;&#114;&#x76;&#x65;d&#97;&#46;&#x63;&#x6f;m<\/p>\n<p>Vertretungsberechtigter Gesch\u00e4ftsf\u00fchrer: Maurice Moukom<\/p>\n<p>&nbsp;<\/p>\n<h2>Datenschutzbeauftragte<\/h2>\n<p>Birgit Moukom Tel.: (+351) 291 930 948<\/p>\n<p>&nbsp;<\/p>\n<h2>Umsatzsteuer-Identifikationsnummer<\/h2>\n<p>PT 508321930<\/p>\n<p>N\u00famero de IVA- 508321930<\/p>\n<p>&nbsp;<\/p>\n<h2>Verantwortlich f\u00fcr den Inhalt nach \u00a7 55 Abs. 2 RStV:<\/h2>\n<p>Maurice Moukom<br \/>Cam. Fonte do Livramento No. 52<br \/>9125-065 Canico de Baixo\/Madeira<\/p>\n<p>&nbsp;<\/p>\n<h2>Berufshaftpflichtversicherung<\/h2>\n<p>Allianz Portugal<br \/>MADEIRA SEGUROS &#8211; MADEIRA<br \/>Mediador 408275083\/3<br \/>R VALE AJUDA 40 9000-116 FUNCHAL Tel: 291766417<br \/><a href=\"&#x6d;&#97;i&#x6c;&#x74;&#111;:&#x67;&#x65;&#114;a&#x6c;&#x40;&#109;a&#x64;&#x65;&#105;r&#x61;&#45;&#115;e&#x67;&#117;r&#x6f;&#x73;&#46;p&#x74;\">&#103;&#x65;r&#x61;l&#64;&#x6d;&#97;&#x64;e&#105;&#x72;&#97;&#x2d;s&#x65;&#x67;&#117;&#x72;o&#x73;&#46;&#112;&#x74;<\/a><\/p>\n<p>R\u00e4umlicher Geltungsbereich:<br \/>Ashoka Ayurveda-Kurzentrum im Hotel Alpino Atlantico<br \/>Ashoka Spa im Hotel Galomar<\/p>\n<p>&nbsp;<\/p>\n<h2>Streitbeilegung<\/h2>\n<p><span style=\"font-weight: 400;\">Online-Streitbeilegung gem\u00e4\u00df Art. 14 Abs. 1 ODR-VO: Die Europ\u00e4ische Kommission stellt eine Plattform zur Online-Streitbeilegung (OS) bereit, die Sie unter <a href=\"http:\/\/ec.europa.eu\/consumers\/odr\/\">http:\/\/ec.europa.eu\/consumers\/odr\/<\/a> finden. Wir sind nicht bereit oder verpflichtet, an einer solchen Streitbeilegung teilzunehmen.<\/span><\/p>\n<p>&nbsp;<\/p>\n<h2>Urheberrecht<\/h2>\n<p>Die durch die Seitenbetreiber erstellten Inhalte und Werke auf diesen Seiten unterliegen dem deutschen Urheberrecht. Die Vervielf\u00e4ltigung, Bearbeitung, Verbreitung und jede Art der Verwertung au\u00dferhalb der Grenzen des Urheberrechtes bed\u00fcrfen der schriftlichen Zustimmung des jeweiligen Autors bzw. Erstellers. Downloads und Kopien dieser Seite sind nur f\u00fcr den privaten, nicht kommerziellen Gebrauch gestattet. Soweit die Inhalte auf dieser Seite nicht vom Betreiber erstellt wurden, werden die Urheberrechte Dritter beachtet. Insbesondere werden Inhalte Dritter als solche gekennzeichnet. Sollten Sie trotzdem auf eine Urheberrechtsverletzung aufmerksam werden, bitten wir um einen entsprechenden Hinweis. Bei Bekanntwerden von Rechtsverletzungen werden wir derartige Inhalte umgehend entfernen.<\/p>\n<p>&nbsp;<\/p>\n<h2>Design &amp; Umsetzung:<\/h2>\n<p><a href=\"http:\/\/allcodesarebeautiful.com\/\" target=\"_blank\" rel=\"noopener noreferrer\">ACB \u2013 Netzwerk f\u00fcr Webdesign &amp; Kommunikation Berlin<\/a><\/p>\n<p>[\/et_pb_text][\/et_pb_column][\/et_pb_row][\/et_pb_section]<\/p>\n<div class=\"shariff\"><ul class=\"shariff-buttons theme-default orientation-horizontal buttonsize-medium\"><li class=\"shariff-button facebook shariff-nocustomcolor\" style=\"background-color:#4273c8\"><a href=\"https:\/\/www.facebook.com\/sharer\/sharer.php?u=https%3A%2F%2Fashoka-ayurveda.com%2Fde%2Fimpressum%2F\" title=\"Bei Facebook teilen\" aria-label=\"Bei Facebook teilen\" role=\"button\" rel=\"nofollow\" class=\"shariff-link\" style=\"; background-color:#3b5998; color:#fff\" target=\"_blank\"><span class=\"shariff-icon\" style=\"\"><svg width=\"32px\" height=\"20px\" xmlns=\"http:\/\/www.w3.org\/2000\/svg\" viewBox=\"0 0 18 32\"><path fill=\"#3b5998\" d=\"M17.1 0.2v4.7h-2.8q-1.5 0-2.1 0.6t-0.5 1.9v3.4h5.2l-0.7 5.3h-4.5v13.6h-5.5v-13.6h-4.5v-5.3h4.5v-3.9q0-3.3 1.9-5.2t5-1.8q2.6 0 4.1 0.2z\"\/><\/svg><\/span><span class=\"shariff-text\">teilen<\/span>&nbsp;<\/a><\/li><li class=\"shariff-button twitter shariff-nocustomcolor\" style=\"background-color:#595959\"><a href=\"https:\/\/twitter.com\/share?url=https%3A%2F%2Fashoka-ayurveda.com%2Fde%2Fimpressum%2F&text=Impressum\" title=\"Bei X teilen\" aria-label=\"Bei X teilen\" role=\"button\" rel=\"noopener nofollow\" class=\"shariff-link\" style=\"; background-color:#000; color:#fff\" target=\"_blank\"><span class=\"shariff-icon\" style=\"\"><svg width=\"32px\" height=\"20px\" xmlns=\"http:\/\/www.w3.org\/2000\/svg\" viewBox=\"0 0 24 24\"><path fill=\"#000\" d=\"M14.258 10.152L23.176 0h-2.113l-7.747 8.813L7.133 0H0l9.352 13.328L0 23.973h2.113l8.176-9.309 6.531 9.309h7.133zm-2.895 3.293l-.949-1.328L2.875 1.56h3.246l6.086 8.523.945 1.328 7.91 11.078h-3.246zm0 0\"\/><\/svg><\/span><span class=\"shariff-text\">teilen<\/span>&nbsp;<\/a><\/li><li class=\"shariff-button mailto shariff-nocustomcolor\" style=\"background-color:#a8a8a8\"><a href=\"mailto:?body=https%3A%2F%2Fashoka-ayurveda.com%2Fde%2Fimpressum%2F&subject=Impressum\" title=\"Per E-Mail versenden\" aria-label=\"Per E-Mail versenden\" role=\"button\" rel=\"noopener nofollow\" class=\"shariff-link\" style=\"; background-color:#999; color:#fff\"><span class=\"shariff-icon\" style=\"\"><svg width=\"32px\" height=\"20px\" xmlns=\"http:\/\/www.w3.org\/2000\/svg\" viewBox=\"0 0 32 32\"><path fill=\"#999\" d=\"M32 12.7v14.2q0 1.2-0.8 2t-2 0.9h-26.3q-1.2 0-2-0.9t-0.8-2v-14.2q0.8 0.9 1.8 1.6 6.5 4.4 8.9 6.1 1 0.8 1.6 1.2t1.7 0.9 2 0.4h0.1q0.9 0 2-0.4t1.7-0.9 1.6-1.2q3-2.2 8.9-6.1 1-0.7 1.8-1.6zM32 7.4q0 1.4-0.9 2.7t-2.2 2.2q-6.7 4.7-8.4 5.8-0.2 0.1-0.7 0.5t-1 0.7-0.9 0.6-1.1 0.5-0.9 0.2h-0.1q-0.4 0-0.9-0.2t-1.1-0.5-0.9-0.6-1-0.7-0.7-0.5q-1.6-1.1-4.7-3.2t-3.6-2.6q-1.1-0.7-2.1-2t-1-2.5q0-1.4 0.7-2.3t2.1-0.9h26.3q1.2 0 2 0.8t0.9 2z\"\/><\/svg><\/span><span class=\"shariff-text\">E-Mail<\/span>&nbsp;<\/a><\/li><li class=\"shariff-button printer shariff-nocustomcolor\" style=\"background-color:#a8a8a8\"><a href=\"javascript:window.print()\" title=\"drucken\" aria-label=\"drucken\" role=\"button\" rel=\"noopener nofollow\" class=\"shariff-link\" style=\"; background-color:#999; color:#fff\"><span class=\"shariff-icon\" style=\"\"><svg width=\"32px\" height=\"20px\" xmlns=\"http:\/\/www.w3.org\/2000\/svg\" viewBox=\"0 0 30 32\"><path fill=\"#999\" d=\"M6.8 27.4h16v-4.6h-16v4.6zM6.8 16h16v-6.8h-2.8q-0.7 0-1.2-0.5t-0.5-1.2v-2.8h-11.4v11.4zM27.4 17.2q0-0.5-0.3-0.8t-0.8-0.4-0.8 0.4-0.3 0.8 0.3 0.8 0.8 0.3 0.8-0.3 0.3-0.8zM29.7 17.2v7.4q0 0.2-0.2 0.4t-0.4 0.2h-4v2.8q0 0.7-0.5 1.2t-1.2 0.5h-17.2q-0.7 0-1.2-0.5t-0.5-1.2v-2.8h-4q-0.2 0-0.4-0.2t-0.2-0.4v-7.4q0-1.4 1-2.4t2.4-1h1.2v-9.7q0-0.7 0.5-1.2t1.2-0.5h12q0.7 0 1.6 0.4t1.3 0.8l2.7 2.7q0.5 0.5 0.9 1.4t0.4 1.6v4.6h1.1q1.4 0 2.4 1t1 2.4z\"\/><\/svg><\/span><span class=\"shariff-text\">drucken<\/span>&nbsp;<\/a><\/li><\/ul><\/div>","protected":false},"excerpt":{"rendered":"<p>Impressum Refugio dos Sonhos Lda.Cam. Fonte do Livramento No. 529125-065 Canico de Baixo\/Madeira Tel.: (+351) 291 930 948E-Mail: &#x6d;&#97;&#x75;&#x72;&#105;&#x63;&#x65;&#46;&#x6d;&#x6f;&#117;&#x6b;&#x6f;m&#x40;&#x61;s&#x68;&#111;k&#x61;&#45;a&#x79;&#117;r&#x76;&#101;d&#x61;&#46;c&#x6f;&#109; Vertretungsberechtigter Gesch\u00e4ftsf\u00fchrer: Maurice Moukom &nbsp; Datenschutzbeauftragte Birgit Moukom Tel.: (+351) 291 930 948 &nbsp; Umsatzsteuer-Identifikationsnummer PT 508321930 N\u00famero de IVA- 508321930 &nbsp; Verantwortlich f\u00fcr den Inhalt nach \u00a7 55 Abs. 2 RStV: Maurice MoukomCam. Fonte do [&hellip;]<\/p>\n","protected":false},"author":1,"featured_media":0,"parent":0,"menu_order":0,"comment_status":"closed","ping_status":"closed","template":"","meta":{"_et_pb_use_builder":"on","_et_pb_old_content":"","_et_gb_content_width":"","inline_featured_image":false,"footnotes":""},"class_list":["post-126","page","type-page","status-publish","hentry"],"yoast_head":"<!-- This site is optimized with the Yoast SEO plugin v26.7 - https:\/\/yoast.com\/wordpress\/plugins\/seo\/ -->\n<title>Impressum \u2022 Ashoka<\/title>\n<meta name=\"description\" content=\"Auf dieser Seite finden Sie unser Impressum.\" \/>\n<meta name=\"robots\" content=\"index, follow, max-snippet:-1, max-image-preview:large, max-video-preview:-1\" \/>\n<link rel=\"canonical\" href=\"https:\/\/ashoka-ayurveda.com\/de\/impressum\/\" \/>\n<meta property=\"og:locale\" content=\"de_DE\" \/>\n<meta property=\"og:type\" content=\"article\" \/>\n<meta property=\"og:title\" content=\"Impressum \u2022 Ashoka\" \/>\n<meta property=\"og:description\" content=\"Auf dieser Seite finden Sie unser Impressum.\" \/>\n<meta property=\"og:url\" content=\"https:\/\/ashoka-ayurveda.com\/de\/impressum\/\" \/>\n<meta property=\"og:site_name\" content=\"Ashoka\" \/>\n<meta property=\"article:publisher\" content=\"https:\/\/www.facebook.com\/AshokaAyurveda\/\" \/>\n<meta property=\"article:modified_time\" content=\"2024-10-09T10:50:42+00:00\" \/>\n<meta name=\"twitter:card\" content=\"summary_large_image\" \/>\n<meta name=\"twitter:label1\" content=\"Gesch\u00e4tzte Lesezeit\" \/>\n\t<meta name=\"twitter:data1\" content=\"2\u00a0Minuten\" \/>\n<script type=\"application\/ld+json\" class=\"yoast-schema-graph\">{\"@context\":\"https:\/\/schema.org\",\"@graph\":[{\"@type\":\"WebPage\",\"@id\":\"https:\/\/ashoka-ayurveda.com\/de\/impressum\/\",\"url\":\"https:\/\/ashoka-ayurveda.com\/de\/impressum\/\",\"name\":\"Impressum \u2022 Ashoka\",\"isPartOf\":{\"@id\":\"https:\/\/ashoka-ayurveda.com\/en\/#website\"},\"datePublished\":\"2017-09-26T14:55:44+00:00\",\"dateModified\":\"2024-10-09T10:50:42+00:00\",\"description\":\"Auf dieser Seite finden Sie unser Impressum.\",\"breadcrumb\":{\"@id\":\"https:\/\/ashoka-ayurveda.com\/de\/impressum\/#breadcrumb\"},\"inLanguage\":\"de\",\"potentialAction\":[{\"@type\":\"ReadAction\",\"target\":[\"https:\/\/ashoka-ayurveda.com\/de\/impressum\/\"]}]},{\"@type\":\"BreadcrumbList\",\"@id\":\"https:\/\/ashoka-ayurveda.com\/de\/impressum\/#breadcrumb\",\"itemListElement\":[{\"@type\":\"ListItem\",\"position\":1,\"name\":\"Startseite\",\"item\":\"https:\/\/ashoka-ayurveda.com\/de\/\"},{\"@type\":\"ListItem\",\"position\":2,\"name\":\"Impressum\"}]},{\"@type\":\"WebSite\",\"@id\":\"https:\/\/ashoka-ayurveda.com\/en\/#website\",\"url\":\"https:\/\/ashoka-ayurveda.com\/en\/\",\"name\":\"Ashoka\",\"description\":\"Ayurveda auf Madeira\",\"potentialAction\":[{\"@type\":\"SearchAction\",\"target\":{\"@type\":\"EntryPoint\",\"urlTemplate\":\"https:\/\/ashoka-ayurveda.com\/en\/?s={search_term_string}\"},\"query-input\":{\"@type\":\"PropertyValueSpecification\",\"valueRequired\":true,\"valueName\":\"search_term_string\"}}],\"inLanguage\":\"de\"}]}<\/script>\n<!-- \/ Yoast SEO plugin. -->","yoast_head_json":{"title":"Impressum \u2022 Ashoka","description":"Auf dieser Seite finden Sie unser Impressum.","robots":{"index":"index","follow":"follow","max-snippet":"max-snippet:-1","max-image-preview":"max-image-preview:large","max-video-preview":"max-video-preview:-1"},"canonical":"https:\/\/ashoka-ayurveda.com\/de\/impressum\/","og_locale":"de_DE","og_type":"article","og_title":"Impressum \u2022 Ashoka","og_description":"Auf dieser Seite finden Sie unser Impressum.","og_url":"https:\/\/ashoka-ayurveda.com\/de\/impressum\/","og_site_name":"Ashoka","article_publisher":"https:\/\/www.facebook.com\/AshokaAyurveda\/","article_modified_time":"2024-10-09T10:50:42+00:00","twitter_card":"summary_large_image","twitter_misc":{"Gesch\u00e4tzte Lesezeit":"2\u00a0Minuten"},"schema":{"@context":"https:\/\/schema.org","@graph":[{"@type":"WebPage","@id":"https:\/\/ashoka-ayurveda.com\/de\/impressum\/","url":"https:\/\/ashoka-ayurveda.com\/de\/impressum\/","name":"Impressum \u2022 Ashoka","isPartOf":{"@id":"https:\/\/ashoka-ayurveda.com\/en\/#website"},"datePublished":"2017-09-26T14:55:44+00:00","dateModified":"2024-10-09T10:50:42+00:00","description":"Auf dieser Seite finden Sie unser Impressum.","breadcrumb":{"@id":"https:\/\/ashoka-ayurveda.com\/de\/impressum\/#breadcrumb"},"inLanguage":"de","potentialAction":[{"@type":"ReadAction","target":["https:\/\/ashoka-ayurveda.com\/de\/impressum\/"]}]},{"@type":"BreadcrumbList","@id":"https:\/\/ashoka-ayurveda.com\/de\/impressum\/#breadcrumb","itemListElement":[{"@type":"ListItem","position":1,"name":"Startseite","item":"https:\/\/ashoka-ayurveda.com\/de\/"},{"@type":"ListItem","position":2,"name":"Impressum"}]},{"@type":"WebSite","@id":"https:\/\/ashoka-ayurveda.com\/en\/#website","url":"https:\/\/ashoka-ayurveda.com\/en\/","name":"Ashoka","description":"Ayurveda auf Madeira","potentialAction":[{"@type":"SearchAction","target":{"@type":"EntryPoint","urlTemplate":"https:\/\/ashoka-ayurveda.com\/en\/?s={search_term_string}"},"query-input":{"@type":"PropertyValueSpecification","valueRequired":true,"valueName":"search_term_string"}}],"inLanguage":"de"}]}},"_links":{"self":[{"href":"https:\/\/ashoka-ayurveda.com\/de\/wp-json\/wp\/v2\/pages\/126","targetHints":{"allow":["GET"]}}],"collection":[{"href":"https:\/\/ashoka-ayurveda.com\/de\/wp-json\/wp\/v2\/pages"}],"about":[{"href":"https:\/\/ashoka-ayurveda.com\/de\/wp-json\/wp\/v2\/types\/page"}],"author":[{"embeddable":true,"href":"https:\/\/ashoka-ayurveda.com\/de\/wp-json\/wp\/v2\/users\/1"}],"replies":[{"embeddable":true,"href":"https:\/\/ashoka-ayurveda.com\/de\/wp-json\/wp\/v2\/comments?post=126"}],"version-history":[{"count":14,"href":"https:\/\/ashoka-ayurveda.com\/de\/wp-json\/wp\/v2\/pages\/126\/revisions"}],"predecessor-version":[{"id":21849,"href":"https:\/\/ashoka-ayurveda.com\/de\/wp-json\/wp\/v2\/pages\/126\/revisions\/21849"}],"wp:attachment":[{"href":"https:\/\/ashoka-ayurveda.com\/de\/wp-json\/wp\/v2\/media?parent=126"}],"curies":[{"name":"wp","href":"https:\/\/api.w.org\/{rel}","templated":true}]}}